

{"id":127,"date":"2022-06-14T17:14:09","date_gmt":"2022-06-14T15:14:09","guid":{"rendered":"https:\/\/4z0nwatkgt.preview.infomaniak.website\/?page_id=127"},"modified":"2024-03-10T17:36:52","modified_gmt":"2024-03-10T15:36:52","slug":"historique","status":"publish","type":"page","link":"https:\/\/lcli.lu\/en\/historique\/","title":{"rendered":"History"},"content":{"rendered":"<p>[et_pb_section fb_built=\u00a0\u00bb1&Prime; fullwidth=\u00a0\u00bbon\u00a0\u00bb _builder_version=\u00a0\u00bb4.17.4&Prime; _module_preset=\u00a0\u00bbdefault\u00a0\u00bb background_image=\u00a0\u00bbhttps:\/\/lcli.lu\/wp-content\/uploads\/2022\/07\/lux-fsm.jpg\u00a0\u00bb background_position=\u00a0\u00bbtop_center\u00a0\u00bb background_vertical_offset=\u00a0\u00bb38%\u00a0\u00bb width=\u00a0\u00bb100%\u00a0\u00bb da_disable_devices=\u00a0\u00bboff|off|off\u00a0\u00bb global_colors_info=\u00a0\u00bb{}\u00a0\u00bb da_is_popup=\u00a0\u00bboff\u00a0\u00bb da_exit_intent=\u00a0\u00bboff\u00a0\u00bb da_has_close=\u00a0\u00bbon\u00a0\u00bb da_alt_close=\u00a0\u00bboff\u00a0\u00bb da_dark_close=\u00a0\u00bboff\u00a0\u00bb da_not_modal=\u00a0\u00bbon\u00a0\u00bb da_is_singular=\u00a0\u00bboff\u00a0\u00bb da_with_loader=\u00a0\u00bboff\u00a0\u00bb da_has_shadow=\u00a0\u00bbon\u00a0\u00bb][et_pb_fullwidth_header text_orientation=\u00a0\u00bbcenter\u00a0\u00bb button_one_url=\u00a0\u00bb#\u00a0\u00bb background_overlay_color=\u00a0\u00bbrgba(0,0,0,0.36)\u00a0\u00bb content_max_width=\u00a0\u00bb80%\u00a0\u00bb _builder_version=\u00a0\u00bb4.17.6&Prime; _module_preset=\u00a0\u00bbdefault\u00a0\u00bb title_font_size=\u00a0\u00bb57px\u00a0\u00bb title_line_height=\u00a0\u00bb1.4em\u00a0\u00bb content_font=\u00a0\u00bb|||on|||||\u00a0\u00bb content_font_size=\u00a0\u00bb19px\u00a0\u00bb background_enable_color=\u00a0\u00bboff\u00a0\u00bb background_enable_image=\u00a0\u00bboff\u00a0\u00bb custom_button_one=\u00a0\u00bbon\u00a0\u00bb button_one_text_size=\u00a0\u00bb24px\u00a0\u00bb button_one_text_color=\u00a0\u00bb#FFFFFF\u00a0\u00bb button_one_bg_color=\u00a0\u00bb#128cdc\u00a0\u00bb button_one_border_width=\u00a0\u00bb0px\u00a0\u00bb button_one_border_color=\u00a0\u00bb#FFFFFF\u00a0\u00bb button_one_letter_spacing=\u00a0\u00bb0px\u00a0\u00bb button_one_font=\u00a0\u00bb|||on|||||\u00a0\u00bb button_one_custom_margin=\u00a0\u00bb80px||||false|false\u00a0\u00bb custom_button_two=\u00a0\u00bbon\u00a0\u00bb button_two_text_size=\u00a0\u00bb24px\u00a0\u00bb button_two_text_color=\u00a0\u00bb#0C71C3&Prime; button_two_bg_color=\u00a0\u00bb#FFFFFF\u00a0\u00bb button_two_border_width=\u00a0\u00bb0px\u00a0\u00bb button_two_font=\u00a0\u00bb|||on|||||\u00a0\u00bb min_height=\u00a0\u00bb232px\u00a0\u00bb custom_margin=\u00a0\u00bb||||false|false\u00a0\u00bb box_shadow_style_button_one=\u00a0\u00bbpreset1&Prime; global_colors_info=\u00a0\u00bb{}\u00a0\u00bb]<\/p>\n<h1 style=\"color: white; font-size: 60px; font-weight: 800; line-height: 73px;\"><mark style=\"background-color: #e30613; color: white !important;\">\u00a0Historique\u00a0<\/mark><\/h1>\n<p>[\/et_pb_fullwidth_header][\/et_pb_section][et_pb_section fb_built=\u00a0\u00bb1&Prime; admin_label=\u00a0\u00bbsection\u00a0\u00bb _builder_version=\u00a0\u00bb4.16&Prime; custom_padding=\u00a0\u00bb||0px|||\u00a0\u00bb da_disable_devices=\u00a0\u00bboff|off|off\u00a0\u00bb global_colors_info=\u00a0\u00bb{}\u00a0\u00bb da_is_popup=\u00a0\u00bboff\u00a0\u00bb da_exit_intent=\u00a0\u00bboff\u00a0\u00bb da_has_close=\u00a0\u00bbon\u00a0\u00bb da_alt_close=\u00a0\u00bboff\u00a0\u00bb da_dark_close=\u00a0\u00bboff\u00a0\u00bb da_not_modal=\u00a0\u00bbon\u00a0\u00bb da_is_singular=\u00a0\u00bboff\u00a0\u00bb da_with_loader=\u00a0\u00bboff\u00a0\u00bb da_has_shadow=\u00a0\u00bbon\u00a0\u00bb][et_pb_row column_structure=\u00a0\u00bb1_3,2_3&Prime; admin_label=\u00a0\u00bbrow\u00a0\u00bb _builder_version=\u00a0\u00bb4.17.4&Prime; background_size=\u00a0\u00bbinitial\u00a0\u00bb background_position=\u00a0\u00bbtop_left\u00a0\u00bb background_repeat=\u00a0\u00bbrepeat\u00a0\u00bb custom_padding=\u00a0\u00bb||70px|||\u00a0\u00bb global_colors_info=\u00a0\u00bb{}\u00a0\u00bb][et_pb_column type=\u00a0\u00bb1_3&Prime; _builder_version=\u00a0\u00bb4.17.4&Prime; custom_padding=\u00a0\u00bb|||\u00a0\u00bb sticky_position=\u00a0\u00bbtop\u00a0\u00bb sticky_offset_top=\u00a0\u00bb32px\u00a0\u00bb sticky_position_tablet=\u00a0\u00bbnone\u00a0\u00bb sticky_position_phone=\u00a0\u00bbnone\u00a0\u00bb sticky_position_last_edited=\u00a0\u00bbon|desktop\u00a0\u00bb global_colors_info=\u00a0\u00bb{}\u00a0\u00bb custom_padding__hover=\u00a0\u00bb|||\u00a0\u00bb][et_pb_text module_id=\u00a0\u00bbh2-inpage\u00a0\u00bb _builder_version=\u00a0\u00bb4.18.0&Prime; _module_preset=\u00a0\u00bbdefault\u00a0\u00bb text_font=\u00a0\u00bb|||on|||||\u00a0\u00bb text_text_color=\u00a0\u00bbgcid-698dcd22-d327-4ceb-b297-1ad55af2bc60&Prime; text_font_size=\u00a0\u00bb38px\u00a0\u00bb hover_enabled=\u00a0\u00bb0&Prime; global_colors_info=\u00a0\u00bb{%22gcid-698dcd22-d327-4ceb-b297-1ad55af2bc60%22:%91%22text_text_color%22%93}\u00a0\u00bb sticky_enabled=\u00a0\u00bb0&Prime;]<\/p>\n<h2 style=\"font-size: 30px;\">Le Lions Club<br \/>\n<span class=\"h2-blue-color\" style=\"font-size: 30px;\">Luxembourg International<\/span><\/h2>\n<p>[\/et_pb_text][et_pb_text module_id=\u00a0\u00bbh2-inpage\u00a0\u00bb _builder_version=\u00a0\u00bb4.17.4&Prime; _module_preset=\u00a0\u00bbdefault\u00a0\u00bb text_font=\u00a0\u00bb|||on|||||\u00a0\u00bb text_text_color=\u00a0\u00bbgcid-698dcd22-d327-4ceb-b297-1ad55af2bc60&Prime; text_font_size=\u00a0\u00bb38px\u00a0\u00bb global_colors_info=\u00a0\u00bb{%22gcid-698dcd22-d327-4ceb-b297-1ad55af2bc60%22:%91%22text_text_color%22%93}\u00a0\u00bb]<\/p>\n<h2 style=\"font-size: 25px; font-weight: 300;\"><span class=\"h2-blue-color\" style=\"font-size: 25px;\">\u00ab<\/span> 50 ans d\u2019action <span class=\"h2-blue-color\" style=\"font-size: 25px;\">\u00bb<\/span><\/h2>\n<p>[\/et_pb_text][\/et_pb_column][et_pb_column type=\u00a0\u00bb2_3&Prime; _builder_version=\u00a0\u00bb4.16&Prime; custom_padding=\u00a0\u00bb|||\u00a0\u00bb global_colors_info=\u00a0\u00bb{}\u00a0\u00bb custom_padding__hover=\u00a0\u00bb|||\u00a0\u00bb][et_pb_text admin_label=\u00a0\u00bbText\u00a0\u00bb _builder_version=\u00a0\u00bb4.18.0&Prime; background_size=\u00a0\u00bbinitial\u00a0\u00bb background_position=\u00a0\u00bbtop_left\u00a0\u00bb background_repeat=\u00a0\u00bbrepeat\u00a0\u00bb custom_padding=\u00a0\u00bb1px|||||\u00a0\u00bb global_colors_info=\u00a0\u00bb{}\u00a0\u00bb]<\/p>\n<p>Nous h\u00e9ritons d\u2019une longue histoire qui se distingue par le \u00ab\u00a0service\u00a0\u00bb remontant \u00e0 1917, lorsque le <span style=\"text-decoration: underline;\"><a href=\"https:\/\/www.lionsclubs.org\/en\" target=\"_blank\" rel=\"noopener\">Lions Clubs International<\/a><\/span> a commenc\u00e9 par le r\u00eave de Melvin Jones.<\/p>\n<p>Depuis les Lions se d\u00e9vouent aux \u0153uvres sociales en faveur des personnes d\u00e9favoris\u00e9es.<\/p>\n<p>Notre devise est \u00ab <a href=\"https:\/\/www.lionsclubs.org\/en\/discover-our-clubs\/interactive-timeline\" target=\"_blank\" rel=\"noopener\"><span style=\"text-decoration: underline;\">Nous Servons, We Serve<\/span><\/a> \u00bb.<\/p>\n<p>Le Lions Club Luxembourg-International a \u00e9t\u00e9 cr\u00e9\u00e9 en 1972 par Marcel Flammang et depuis plus de 50 ans \u0153uvre pour aider les personnes dans le besoin au Grand-duch\u00e9, avec des projets de soutien \u00e0 la <a href=\"https:\/\/banquealimentaire.lu\/\" target=\"_blank\" rel=\"noopener\"><span style=\"text-decoration: underline;\">Banque Alimentaire<\/span><\/a>, la Fondation Raoul Follereau, le T\u00e9l\u00e9thon, la Fondation Vaincre le Cancer, etc.<\/p>\n<p>Un grand merci donc \u00e0 nos membres qui, par leur dynamisme, animent la vie du club et rayonnent dans notre communaut\u00e9.<\/p>\n<p><strong>Le Lions Club Luxembourg-International est jumel\u00e9 avec le Lions Club Frankfurt am Main, en Allemagne.<\/strong><\/p>\n<p>[\/et_pb_text][difl_justifiedgallery gallery=\u00a0\u00bb744,131&Prime; image_size=\u00a0\u00bboriginal\u00a0\u00bb rowheight=\u00a0\u00bb120&Prime; space_between=\u00a0\u00bb40&Prime; use_url=\u00a0\u00bbon\u00a0\u00bb url_target=\u00a0\u00bbnew_window\u00a0\u00bb _builder_version=\u00a0\u00bb4.17.4&Prime; _module_preset=\u00a0\u00bbdefault\u00a0\u00bb custom_padding=\u00a0\u00bb||||false|false\u00a0\u00bb global_colors_info=\u00a0\u00bb{}\u00a0\u00bb][\/difl_justifiedgallery][difl_justifiedgallery gallery=\u00a0\u00bb755,756&Prime; image_size=\u00a0\u00bboriginal\u00a0\u00bb rowheight=\u00a0\u00bb55&Prime; space_between=\u00a0\u00bb40&Prime; use_url=\u00a0\u00bbon\u00a0\u00bb url_target=\u00a0\u00bbnew_window\u00a0\u00bb _builder_version=\u00a0\u00bb4.17.4&Prime; _module_preset=\u00a0\u00bbdefault\u00a0\u00bb custom_padding=\u00a0\u00bb||||false|false\u00a0\u00bb global_colors_info=\u00a0\u00bb{}\u00a0\u00bb][\/difl_justifiedgallery][\/et_pb_column][\/et_pb_row][\/et_pb_section]<\/p>\n","protected":false},"excerpt":{"rendered":"<p>\u00a0Historique\u00a0Le Lions Club Luxembourg International\u00ab 50 ans d\u2019action \u00bbNous h\u00e9ritons d\u2019une longue histoire qui se distingue par le \u00ab\u00a0service\u00a0\u00bb remontant \u00e0 1917, lorsque le Lions Clubs International a commenc\u00e9 par le r\u00eave de Melvin Jones. Depuis les Lions se d\u00e9vouent aux \u0153uvres sociales en faveur des personnes d\u00e9favoris\u00e9es. Notre devise est \u00ab Nous Servons, We [&hellip;]<\/p>\n","protected":false},"author":1,"featured_media":0,"parent":0,"menu_order":0,"comment_status":"closed","ping_status":"closed","template":"","meta":{"_et_pb_use_builder":"on","_et_pb_old_content":"","_et_gb_content_width":"","footnotes":""},"class_list":["post-127","page","type-page","status-publish","hentry"],"_links":{"self":[{"href":"https:\/\/lcli.lu\/en\/wp-json\/wp\/v2\/pages\/127","targetHints":{"allow":["GET"]}}],"collection":[{"href":"https:\/\/lcli.lu\/en\/wp-json\/wp\/v2\/pages"}],"about":[{"href":"https:\/\/lcli.lu\/en\/wp-json\/wp\/v2\/types\/page"}],"author":[{"embeddable":true,"href":"https:\/\/lcli.lu\/en\/wp-json\/wp\/v2\/users\/1"}],"replies":[{"embeddable":true,"href":"https:\/\/lcli.lu\/en\/wp-json\/wp\/v2\/comments?post=127"}],"version-history":[{"count":21,"href":"https:\/\/lcli.lu\/en\/wp-json\/wp\/v2\/pages\/127\/revisions"}],"predecessor-version":[{"id":2288,"href":"https:\/\/lcli.lu\/en\/wp-json\/wp\/v2\/pages\/127\/revisions\/2288"}],"wp:attachment":[{"href":"https:\/\/lcli.lu\/en\/wp-json\/wp\/v2\/media?parent=127"}],"curies":[{"name":"wp","href":"https:\/\/api.w.org\/{rel}","templated":true}]}}