

{"id":1277,"date":"2023-06-02T16:55:05","date_gmt":"2023-06-02T14:55:05","guid":{"rendered":"https:\/\/lcli.lu\/?page_id=1277"},"modified":"2025-11-16T18:06:58","modified_gmt":"2025-11-16T16:06:58","slug":"gala-de-charite","status":"publish","type":"page","link":"https:\/\/lcli.lu\/en\/activites\/gala-de-charite\/","title":{"rendered":"Charity Gala"},"content":{"rendered":"<p>[et_pb_section fb_built=\u00a0\u00bb1&Prime; fullwidth=\u00a0\u00bbon\u00a0\u00bb _builder_version=\u00a0\u00bb4.18.0&Prime; _module_preset=\u00a0\u00bbdefault\u00a0\u00bb background_image=\u00a0\u00bbhttps:\/\/lcli.lu\/wp-content\/uploads\/2023\/06\/img-wide.jpg\u00a0\u00bb width=\u00a0\u00bb100%\u00a0\u00bb da_disable_devices=\u00a0\u00bboff|off|off\u00a0\u00bb global_colors_info=\u00a0\u00bb{}\u00a0\u00bb da_is_popup=\u00a0\u00bboff\u00a0\u00bb da_exit_intent=\u00a0\u00bboff\u00a0\u00bb da_has_close=\u00a0\u00bbon\u00a0\u00bb da_alt_close=\u00a0\u00bboff\u00a0\u00bb da_dark_close=\u00a0\u00bboff\u00a0\u00bb da_not_modal=\u00a0\u00bbon\u00a0\u00bb da_is_singular=\u00a0\u00bboff\u00a0\u00bb da_with_loader=\u00a0\u00bboff\u00a0\u00bb da_has_shadow=\u00a0\u00bbon\u00a0\u00bb][et_pb_fullwidth_header text_orientation=\u00a0\u00bbcenter\u00a0\u00bb button_one_url=\u00a0\u00bb#\u00a0\u00bb background_overlay_color=\u00a0\u00bbrgba(0,0,0,0.36)\u00a0\u00bb content_max_width=\u00a0\u00bb80%\u00a0\u00bb _builder_version=\u00a0\u00bb4.17.6&Prime; _module_preset=\u00a0\u00bbdefault\u00a0\u00bb title_font_size=\u00a0\u00bb57px\u00a0\u00bb title_line_height=\u00a0\u00bb1.4em\u00a0\u00bb content_font=\u00a0\u00bb|||on|||||\u00a0\u00bb content_font_size=\u00a0\u00bb19px\u00a0\u00bb background_enable_color=\u00a0\u00bboff\u00a0\u00bb background_enable_image=\u00a0\u00bboff\u00a0\u00bb custom_button_one=\u00a0\u00bbon\u00a0\u00bb button_one_text_size=\u00a0\u00bb24px\u00a0\u00bb button_one_text_color=\u00a0\u00bb#FFFFFF\u00a0\u00bb button_one_bg_color=\u00a0\u00bb#128cdc\u00a0\u00bb button_one_border_width=\u00a0\u00bb0px\u00a0\u00bb button_one_border_color=\u00a0\u00bb#FFFFFF\u00a0\u00bb button_one_letter_spacing=\u00a0\u00bb0px\u00a0\u00bb button_one_font=\u00a0\u00bb|||on|||||\u00a0\u00bb button_one_custom_margin=\u00a0\u00bb80px||||false|false\u00a0\u00bb custom_button_two=\u00a0\u00bbon\u00a0\u00bb button_two_text_size=\u00a0\u00bb24px\u00a0\u00bb button_two_text_color=\u00a0\u00bb#0C71C3&Prime; button_two_bg_color=\u00a0\u00bb#FFFFFF\u00a0\u00bb button_two_border_width=\u00a0\u00bb0px\u00a0\u00bb button_two_font=\u00a0\u00bb|||on|||||\u00a0\u00bb min_height=\u00a0\u00bb232px\u00a0\u00bb custom_margin=\u00a0\u00bb||||false|false\u00a0\u00bb box_shadow_style_button_one=\u00a0\u00bbpreset1&Prime; global_colors_info=\u00a0\u00bb{}\u00a0\u00bb]<\/p>\n<h1 style=\"color: white; font-size: 60px; font-weight: 800; line-height: 73px;\"><mark style=\"background-color: #e30613; color: white !important;\">\u00a0GALA DE CHARIT\u00e9\u00a0<\/mark><\/h1>\n<p>[\/et_pb_fullwidth_header][\/et_pb_section][et_pb_section fb_built=\u00a0\u00bb1&Prime; admin_label=\u00a0\u00bbsection\u00a0\u00bb _builder_version=\u00a0\u00bb4.16&Prime; custom_padding=\u00a0\u00bb||0px|||\u00a0\u00bb da_disable_devices=\u00a0\u00bboff|off|off\u00a0\u00bb global_colors_info=\u00a0\u00bb{}\u00a0\u00bb da_is_popup=\u00a0\u00bboff\u00a0\u00bb da_exit_intent=\u00a0\u00bboff\u00a0\u00bb da_has_close=\u00a0\u00bbon\u00a0\u00bb da_alt_close=\u00a0\u00bboff\u00a0\u00bb da_dark_close=\u00a0\u00bboff\u00a0\u00bb da_not_modal=\u00a0\u00bbon\u00a0\u00bb da_is_singular=\u00a0\u00bboff\u00a0\u00bb da_with_loader=\u00a0\u00bboff\u00a0\u00bb da_has_shadow=\u00a0\u00bbon\u00a0\u00bb][et_pb_row column_structure=\u00a0\u00bb1_3,2_3&Prime; admin_label=\u00a0\u00bbrow\u00a0\u00bb _builder_version=\u00a0\u00bb4.17.4&Prime; background_size=\u00a0\u00bbinitial\u00a0\u00bb background_position=\u00a0\u00bbtop_left\u00a0\u00bb background_repeat=\u00a0\u00bbrepeat\u00a0\u00bb custom_margin=\u00a0\u00bb||||false|false\u00a0\u00bb custom_padding=\u00a0\u00bb||53px||false|false\u00a0\u00bb global_colors_info=\u00a0\u00bb{}\u00a0\u00bb][et_pb_column type=\u00a0\u00bb1_3&Prime; _builder_version=\u00a0\u00bb4.17.4&Prime; custom_padding=\u00a0\u00bb|||\u00a0\u00bb sticky_position=\u00a0\u00bbtop\u00a0\u00bb sticky_offset_top=\u00a0\u00bb32px\u00a0\u00bb sticky_limit_bottom=\u00a0\u00bbrow\u00a0\u00bb sticky_position_tablet=\u00a0\u00bbnone\u00a0\u00bb sticky_position_phone=\u00a0\u00bbnone\u00a0\u00bb sticky_position_last_edited=\u00a0\u00bbon|desktop\u00a0\u00bb global_colors_info=\u00a0\u00bb{}\u00a0\u00bb custom_padding__hover=\u00a0\u00bb|||\u00a0\u00bb][et_pb_text module_id=\u00a0\u00bbh2-inpage\u00a0\u00bb _builder_version=\u00a0\u00bb4.18.0&Prime; _module_preset=\u00a0\u00bbdefault\u00a0\u00bb text_font=\u00a0\u00bb|||on|||||\u00a0\u00bb text_text_color=\u00a0\u00bbgcid-698dcd22-d327-4ceb-b297-1ad55af2bc60&Prime; text_font_size=\u00a0\u00bb38px\u00a0\u00bb global_colors_info=\u00a0\u00bb{%22gcid-698dcd22-d327-4ceb-b297-1ad55af2bc60%22:%91%22text_text_color%22%93}\u00a0\u00bb]<\/p>\n<h2 style=\"font-size: 30px; text-align: left;\">Un d\u00eener<br \/>\n<span class=\"h2-blue-color\" style=\"font-size: 30px;\">d\u2019exception<\/span><\/h2>\n<p><quillbot-extension-portal><\/quillbot-extension-portal>[\/et_pb_text][\/et_pb_column][et_pb_column type=\u00a0\u00bb2_3&Prime; _builder_version=\u00a0\u00bb4.16&Prime; custom_padding=\u00a0\u00bb|||\u00a0\u00bb global_colors_info=\u00a0\u00bb{}\u00a0\u00bb custom_padding__hover=\u00a0\u00bb|||\u00a0\u00bb][et_pb_text admin_label=\u00a0\u00bbText\u00a0\u00bb _builder_version=\u00a0\u00bb4.18.0&Prime; text_font=\u00a0\u00bb||||||||\u00a0\u00bb background_size=\u00a0\u00bbinitial\u00a0\u00bb background_position=\u00a0\u00bbtop_left\u00a0\u00bb background_repeat=\u00a0\u00bbrepeat\u00a0\u00bb custom_padding=\u00a0\u00bb1px|||||\u00a0\u00bb global_colors_info=\u00a0\u00bb{}\u00a0\u00bb]<\/p>\n<p><span>Le Gala de Charit\u00e9 du Lions Club Luxembourg International est un \u00e9v\u00e9nement prestigieux organis\u00e9 dans le cadre d&rsquo;une collecte de fonds en faveur de la Banque Alimentaire de Luxembourg. <\/span><\/p>\n<p><span>Il se d\u00e9roule toujours dans un lieu \u00e9l\u00e9gant o\u00f9 les convives ont l&rsquo;occasion de savourer un menu gastronomique concoct\u00e9 par des chefs renomm\u00e9s. Pendant le d\u00eener, les invit\u00e9s b\u00e9n\u00e9ficient d&rsquo;un programme divertissant comprenant des discours, des performances artistiques, une tombola et d&rsquo;autres activit\u00e9s sp\u00e9ciales.<\/span><\/p>\n<p><span> Le Gala de Charit\u00e9 du Lions Club Luxembourg International rassemble la communaut\u00e9 dans le but de soutenir la noble cause de la Banque Alimentaire de Luxembourg.<\/span><\/p>\n<blockquote><\/blockquote>\n<p style=\"text-align: center;\">[\/et_pb_text][difl_imagegallery image_size=\u00a0\u00bboriginal\u00a0\u00bb image_to_display=\u00a0\u00bb1&Prime; layout_mode=\u00a0\u00bbfitRows\u00a0\u00bb content_position=\u00a0\u00bbc4-layout-center\u00a0\u00bb image_scale=\u00a0\u00bbc4-image-zoom-in\u00a0\u00bb _builder_version=\u00a0\u00bb4.27.4&Prime; _module_preset=\u00a0\u00bbdefault\u00a0\u00bb overflow-x=\u00a0\u00bbvisible\u00a0\u00bb overflow-y=\u00a0\u00bbvisible\u00a0\u00bb link_option_url=\u00a0\u00bbhttps:\/\/lcli.lu\/wp-content\/uploads\/2025\/07\/GALA_DE_CHARITE_02a_page-0001.jpg\u00a0\u00bb link_option_url_new_window=\u00a0\u00bbon\u00a0\u00bb box_shadow_style_image=\u00a0\u00bbpreset3&Prime; global_colors_info=\u00a0\u00bb{}\u00a0\u00bb][difl_imagegalleryitem gallery_ids=\u00a0\u00bb3381&Prime; _builder_version=\u00a0\u00bb4.27.4&Prime; _module_preset=\u00a0\u00bbdefault\u00a0\u00bb global_colors_info=\u00a0\u00bb{}\u00a0\u00bb][\/difl_imagegalleryitem][\/difl_imagegallery][et_pb_text admin_label=\u00a0\u00bbText\u00a0\u00bb _builder_version=\u00a0\u00bb4.27.4&Prime; text_font=\u00a0\u00bb||||||||\u00a0\u00bb background_size=\u00a0\u00bbinitial\u00a0\u00bb background_position=\u00a0\u00bbtop_left\u00a0\u00bb background_repeat=\u00a0\u00bbrepeat\u00a0\u00bb custom_padding=\u00a0\u00bb1px|||||\u00a0\u00bb hover_enabled=\u00a0\u00bb0&Prime; global_colors_info=\u00a0\u00bb{}\u00a0\u00bb custom_margin=\u00a0\u00bb||-58px|||\u00a0\u00bb sticky_enabled=\u00a0\u00bb0&Prime;]<\/p>\n<table style=\"font-weight: 400; margin-left: auto; margin-right: auto; height: 750px; width: 93.2857%;\" width=\"100%\">\n<tbody>\n<tr style=\"height: 728px;\">\n<td style=\"height: 728px; width: 700.188px;\">\n<p style=\"text-align: center;\"><strong>Invitation : D\u00eener de Gala de Charit\u00e9<\/strong><\/p>\n<p style=\"text-align: center;\">En soutien \u00e0 la Banque Alimentaire Luxembourg<\/p>\n<p style=\"text-align: center;\">Le Lions Club Luxembourg International a le plaisir de vous convier \u00e0 son <strong>D\u00eener de Gala de Charit\u00e9<\/strong>, organis\u00e9 pour la troisi\u00e8me ann\u00e9e cons\u00e9cutive en collaboration avec <strong>FoodaMental<\/strong>, un collectif de chefs cuisiniers de renom.<\/p>\n<p style=\"text-align: center;\"><strong>Tous les b\u00e9n\u00e9fices de la soir\u00e9e seront int\u00e9gralement revers\u00e9s \u00e0 la Banque Alimentaire Luxembourg.<\/strong><\/p>\n<p style=\"text-align: center;\"><strong>Informations pratiques<\/strong><\/p>\n<p style=\"text-align: center;\"><strong>\u00a0<\/strong><span style=\"font-size: 16px;\">Date : Lundi 17 novembre 2025<\/span><\/p>\n<p style=\"text-align: center;\">Lieu : H\u00f4tel Le Royal, 12 boulevard Royal, 2449 Luxembourg<\/p>\n<p style=\"text-align: center;\">Programme : 19h00 : Accueil &amp; Cocktail, 20h00 : D\u00eener<\/p>\n<p style=\"text-align: center;\">Dress code : Tenue Cocktail<\/p>\n<p style=\"text-align: center;\">Tarifs : Place individuelle : 220 euros<\/p>\n<p style=\"text-align: center;\">Ticket de tombola : 10 euros<\/p>\n<p style=\"text-align: center;\">Rejoignez-nous pour une soir\u00e9e de gastronomie, de g\u00e9n\u00e9rosit\u00e9 et de convivialit\u00e9 au profit d&rsquo;une noble cause. Nous esp\u00e9rons vous y accueillir nombreux !<\/p>\n<\/td>\n<\/tr>\n<tr style=\"text-align: center;\">\n<td style=\"height: 10px; width: 700.188px;\">\n<table width=\"5\" height=\"7\" style=\"width: 0.766871%;\"><\/table>\n<\/td>\n<\/tr>\n<\/tbody>\n<\/table>\n<p>[\/et_pb_text][\/et_pb_column][\/et_pb_row][et_pb_row disabled_on=\u00a0\u00bboff|off|off\u00a0\u00bb _builder_version=\u00a0\u00bb4.27.4&Prime; _module_preset=\u00a0\u00bbdefault\u00a0\u00bb custom_padding=\u00a0\u00bb||0px|||\u00a0\u00bb global_colors_info=\u00a0\u00bb{}\u00a0\u00bb][et_pb_column type=\u00a0\u00bb4_4&Prime; _builder_version=\u00a0\u00bb4.18.0&Prime; _module_preset=\u00a0\u00bbdefault\u00a0\u00bb global_colors_info=\u00a0\u00bb{}\u00a0\u00bb][et_pb_text disabled_on=\u00a0\u00bboff|off|off\u00a0\u00bb admin_label=\u00a0\u00bbText\u00a0\u00bb _builder_version=\u00a0\u00bb4.27.4&Prime; text_font=\u00a0\u00bb||||||||\u00a0\u00bb background_size=\u00a0\u00bbinitial\u00a0\u00bb background_position=\u00a0\u00bbtop_left\u00a0\u00bb background_repeat=\u00a0\u00bbrepeat\u00a0\u00bb custom_padding=\u00a0\u00bb1px|||||\u00a0\u00bb global_colors_info=\u00a0\u00bb{}\u00a0\u00bb]<\/p>\n<h2 style=\"text-align: center;\"><span style=\"font-size: xx-large; color: #ffffff;\"><strong>NOS SPONSORS<\/strong><\/span><\/h2>\n<p style=\"text-align: center;\">[\/et_pb_text][et_pb_image src=\u00a0\u00bbhttps:\/\/lcli.lu\/wp-content\/uploads\/2025\/11\/mainsponsor_14112025.png\u00a0\u00bb title_text=\u00a0\u00bbmainsponsor_14112025&Prime; show_in_lightbox=\u00a0\u00bbon\u00a0\u00bb disabled_on=\u00a0\u00bboff|off|off\u00a0\u00bb _builder_version=\u00a0\u00bb4.27.4&Prime; _module_preset=\u00a0\u00bbdefault\u00a0\u00bb custom_padding=\u00a0\u00bb||4px|||\u00a0\u00bb global_colors_info=\u00a0\u00bb{}\u00a0\u00bb][\/et_pb_image][\/et_pb_column][\/et_pb_row][et_pb_row _builder_version=\u00a0\u00bb4.18.0&Prime; _module_preset=\u00a0\u00bbdefault\u00a0\u00bb global_colors_info=\u00a0\u00bb{}\u00a0\u00bb][et_pb_column type=\u00a0\u00bb4_4&Prime; _builder_version=\u00a0\u00bb4.18.0&Prime; _module_preset=\u00a0\u00bbdefault\u00a0\u00bb global_colors_info=\u00a0\u00bb{}\u00a0\u00bb][et_pb_text _builder_version=\u00a0\u00bb4.27.4&Prime; _module_preset=\u00a0\u00bbdefault\u00a0\u00bb global_colors_info=\u00a0\u00bb{}\u00a0\u00bb]<\/p>\n<hr>\n<p>[\/et_pb_text][et_pb_text disabled_on=\u00a0\u00bboff|off|off\u00a0\u00bb admin_label=\u00a0\u00bbText\u00a0\u00bb _builder_version=\u00a0\u00bb4.27.4&Prime; text_font=\u00a0\u00bb||||||||\u00a0\u00bb background_size=\u00a0\u00bbinitial\u00a0\u00bb background_position=\u00a0\u00bbtop_left\u00a0\u00bb background_repeat=\u00a0\u00bbrepeat\u00a0\u00bb custom_padding=\u00a0\u00bb1px|||||\u00a0\u00bb global_colors_info=\u00a0\u00bb{}\u00a0\u00bb]<\/p>\n<h2 style=\"text-align: center;\"><span style=\"font-size: xx-large; color: #ffffff;\"><strong>PARTENAIRES TOMBOLA<\/strong><\/span><\/h2>\n<p style=\"text-align: center;\">[\/et_pb_text][difl_imagegallery image_size=\u00a0\u00bboriginal\u00a0\u00bb image_to_display=\u00a0\u00bb1&Prime; use_lightbox=\u00a0\u00bbon\u00a0\u00bb _builder_version=\u00a0\u00bb4.27.4&Prime; _module_preset=\u00a0\u00bbdefault\u00a0\u00bb custom_margin=\u00a0\u00bb||78px|||\u00a0\u00bb global_colors_info=\u00a0\u00bb{}\u00a0\u00bb][difl_imagegalleryitem gallery_ids=\u00a0\u00bb3911&Prime; _builder_version=\u00a0\u00bb4.27.4&Prime; _module_preset=\u00a0\u00bbdefault\u00a0\u00bb global_colors_info=\u00a0\u00bb{}\u00a0\u00bb][\/difl_imagegalleryitem][\/difl_imagegallery][et_pb_text admin_label=\u00a0\u00bbText\u00a0\u00bb _builder_version=\u00a0\u00bb4.27.4&Prime; text_font=\u00a0\u00bb||||||||\u00a0\u00bb background_size=\u00a0\u00bbinitial\u00a0\u00bb background_position=\u00a0\u00bbtop_left\u00a0\u00bb background_repeat=\u00a0\u00bbrepeat\u00a0\u00bb custom_padding=\u00a0\u00bb1px|||||\u00a0\u00bb hover_enabled=\u00a0\u00bb0&Prime; global_colors_info=\u00a0\u00bb{}\u00a0\u00bb sticky_enabled=\u00a0\u00bb0&Prime;]<\/p>\n<p style=\"text-align: center;\"><span style=\"text-decoration: underline;\"><a href=\"https:\/\/lcli.lu\/wp-content\/uploads\/2025\/11\/Tombola-2025-\u2013-Reglement-officiel.pdf\" target=\"_blank\" rel=\"noopener\"><strong>Pour t\u00e9l\u00e9charger le r\u00e8glement tombola cliquez ici<\/strong><\/a><\/span><\/p>\n<p>[\/et_pb_text][et_pb_text _builder_version=\u00a0\u00bb4.27.4&Prime; _module_preset=\u00a0\u00bbdefault\u00a0\u00bb global_colors_info=\u00a0\u00bb{}\u00a0\u00bb]<\/p>\n<hr>\n<p>[\/et_pb_text][difl_imagegallery use_lightbox=\u00a0\u00bbon\u00a0\u00bb _builder_version=\u00a0\u00bb4.27.4&Prime; _module_preset=\u00a0\u00bbdefault\u00a0\u00bb global_colors_info=\u00a0\u00bb{}\u00a0\u00bb][difl_imagegalleryitem gallery_ids=\u00a0\u00bb3189,3246,3247,3248,3249,3242,3243,3244,3245,3250,3251,3252&Prime; _builder_version=\u00a0\u00bb4.27.4&Prime; _module_preset=\u00a0\u00bbdefault\u00a0\u00bb global_colors_info=\u00a0\u00bb{}\u00a0\u00bb][\/difl_imagegalleryitem][\/difl_imagegallery][et_pb_text disabled_on=\u00a0\u00bbon|on|on\u00a0\u00bb admin_label=\u00a0\u00bbText\u00a0\u00bb _builder_version=\u00a0\u00bb4.18.0&Prime; text_font=\u00a0\u00bb||||||||\u00a0\u00bb background_size=\u00a0\u00bbinitial\u00a0\u00bb background_position=\u00a0\u00bbtop_left\u00a0\u00bb background_repeat=\u00a0\u00bbrepeat\u00a0\u00bb custom_padding=\u00a0\u00bb1px|||||\u00a0\u00bb disabled=\u00a0\u00bbon\u00a0\u00bb global_colors_info=\u00a0\u00bb{}\u00a0\u00bb]<\/p>\n<h2 style=\"text-align: center;\"><span style=\"font-size: xx-large; color: #ffffff;\"><strong>GALA DE CHARIT\u00c9<\/strong><\/span><\/h2>\n<p style=\"text-align: center;\">\n<p>[\/et_pb_text][et_pb_text disabled_on=\u00a0\u00bbon|on|on\u00a0\u00bb _builder_version=\u00a0\u00bb4.18.0&Prime; _module_preset=\u00a0\u00bbdefault\u00a0\u00bb background_color=\u00a0\u00bb#FFFFFF\u00a0\u00bb custom_padding=\u00a0\u00bb20px|20px|20px|20px|true|true\u00a0\u00bb border_radii=\u00a0\u00bbon|8px|8px|8px|8px\u00a0\u00bb box_shadow_style=\u00a0\u00bbpreset6&Prime; disabled=\u00a0\u00bbon\u00a0\u00bb global_colors_info=\u00a0\u00bb{}\u00a0\u00bb]<\/p>\n<h3 style=\"text-align: left;\"><strong>D\u00eener de Gala &#8211; <span>Informations pratiques<\/span><\/strong><\/h3>\n<p><b><span>Dress code<br \/><\/span><\/b><span>Le code vestimentaire de la soir\u00e9e est \u00ab\u00a0Cocktail\u00a0\u00bb.<\/span><\/p>\n<p><b><span>Accueil<br \/><\/span><\/b><span>L&rsquo;\u00e9v\u00e9nement aura lieu le lundi 25 septembre \u00e0 partir de 18h30 avec une r\u00e9ception au champagne au Salon de R\u00e9ception Scheiss, 142 Val Sainte-Croix, L-1370 Belair.<\/span><\/p>\n<p><b><span>Parking<br \/><\/span><\/b><span>Il est recommand\u00e9 de stationner votre v\u00e9hicule au parking \u00ab\u00a0Stade Josy Barthel\u00a0\u00bb situ\u00e9 \u00e0 Rue d&rsquo;Ostende, L-2271 Belair.<\/span><\/p>\n<p><b><span>Tombola<br \/><\/span><\/b><span>Au cours de cette soir\u00e9e, des b\u00e9n\u00e9voles vous proposeront des tickets pour une tombola silencieuse. Les nombreux lots qui seront mis en jeu sont le fruit de la g\u00e9n\u00e9rosit\u00e9 de nos sponsors. La valeur totale atteint la somme de 5.000 \u20ac.<\/span><\/p>\n<p><span>Les r\u00e8glements pour l&rsquo;achat des tickets de tombola pourront \u00eatre effectu\u00e9s sur place en esp\u00e8ces ou via l&rsquo;application Payconiq.<\/span><\/p>\n<blockquote>\n<p><b><span>Attention<\/span><\/b><span>\u00a0: dans la <span style=\"text-decoration: underline;\"><a href=\"https:\/\/lcli.lu\/wp-content\/uploads\/2023\/09\/GALA_DE_CHARITE_INVITATION.pdf\">carte d&rsquo;invitation en annexe<\/a><\/span>, vous trouverez les noms des Chefs participants \u00e0 l&rsquo;\u00e9v\u00e9nement.<\/span><\/p>\n<\/blockquote>\n<p><span>Pour toute autre question ou requ\u00eate, merci d&rsquo;envoyer un courriel \u00e0\u00a0<a href=\"mailto:contact@lcli.lu\" rel=\"noopener noreferrer\" target=\"_blank\">contact@lcli.lu<\/a>.<\/span><\/p>\n<p><span>Le Comit\u00e9 organisateur attend avec impatience de vous accueillir et de partager cette soir\u00e9e exceptionnelle en votre compagnie.<\/span><\/p>\n<p><span>Cordialement,<br \/><\/span><em>Le Comit\u00e9 organisateur<\/em><\/p>\n<p>[\/et_pb_text][et_pb_image src=\u00a0\u00bbhttps:\/\/lcli.lu\/wp-content\/uploads\/2023\/06\/AdobeStock_197466747-1.jpeg\u00a0\u00bb title_text=\u00a0\u00bbtable in a luxury restaurant, set for a gala dinner\u00a0\u00bb disabled_on=\u00a0\u00bbon|on|on\u00a0\u00bb _builder_version=\u00a0\u00bb4.18.0&Prime; _module_preset=\u00a0\u00bbdefault\u00a0\u00bb disabled=\u00a0\u00bbon\u00a0\u00bb global_colors_info=\u00a0\u00bb{}\u00a0\u00bb][\/et_pb_image][\/et_pb_column][\/et_pb_row][\/et_pb_section][et_pb_section fb_built=\u00a0\u00bb1&Prime; _builder_version=\u00a0\u00bb4.18.0&Prime; _module_preset=\u00a0\u00bbdefault\u00a0\u00bb da_disable_devices=\u00a0\u00bboff|off|off\u00a0\u00bb global_colors_info=\u00a0\u00bb{}\u00a0\u00bb da_is_popup=\u00a0\u00bboff\u00a0\u00bb da_exit_intent=\u00a0\u00bboff\u00a0\u00bb da_has_close=\u00a0\u00bbon\u00a0\u00bb da_alt_close=\u00a0\u00bboff\u00a0\u00bb da_dark_close=\u00a0\u00bboff\u00a0\u00bb da_not_modal=\u00a0\u00bbon\u00a0\u00bb da_is_singular=\u00a0\u00bboff\u00a0\u00bb da_with_loader=\u00a0\u00bboff\u00a0\u00bb da_has_shadow=\u00a0\u00bbon\u00a0\u00bb][\/et_pb_section]<\/p>\n","protected":false},"excerpt":{"rendered":"<p>\u00a0GALA DE CHARIT\u00e9\u00a0Un d\u00eener d\u2019exception Le Gala de Charit\u00e9 du Lions Club Luxembourg International est un \u00e9v\u00e9nement prestigieux organis\u00e9 dans le cadre d&rsquo;une collecte de fonds en faveur de la Banque Alimentaire de Luxembourg. Il se d\u00e9roule toujours dans un lieu \u00e9l\u00e9gant o\u00f9 les convives ont l&rsquo;occasion de savourer un menu gastronomique concoct\u00e9 par des [&hellip;]<\/p>\n","protected":false},"author":1,"featured_media":0,"parent":565,"menu_order":1,"comment_status":"closed","ping_status":"closed","template":"","meta":{"_et_pb_use_builder":"on","_et_pb_old_content":"","_et_gb_content_width":"","footnotes":""},"class_list":["post-1277","page","type-page","status-publish","hentry"],"_links":{"self":[{"href":"https:\/\/lcli.lu\/en\/wp-json\/wp\/v2\/pages\/1277","targetHints":{"allow":["GET"]}}],"collection":[{"href":"https:\/\/lcli.lu\/en\/wp-json\/wp\/v2\/pages"}],"about":[{"href":"https:\/\/lcli.lu\/en\/wp-json\/wp\/v2\/types\/page"}],"author":[{"embeddable":true,"href":"https:\/\/lcli.lu\/en\/wp-json\/wp\/v2\/users\/1"}],"replies":[{"embeddable":true,"href":"https:\/\/lcli.lu\/en\/wp-json\/wp\/v2\/comments?post=1277"}],"version-history":[{"count":86,"href":"https:\/\/lcli.lu\/en\/wp-json\/wp\/v2\/pages\/1277\/revisions"}],"predecessor-version":[{"id":3982,"href":"https:\/\/lcli.lu\/en\/wp-json\/wp\/v2\/pages\/1277\/revisions\/3982"}],"up":[{"embeddable":true,"href":"https:\/\/lcli.lu\/en\/wp-json\/wp\/v2\/pages\/565"}],"wp:attachment":[{"href":"https:\/\/lcli.lu\/en\/wp-json\/wp\/v2\/media?parent=1277"}],"curies":[{"name":"wp","href":"https:\/\/api.w.org\/{rel}","templated":true}]}}