

{"id":2008,"date":"2024-03-04T10:27:31","date_gmt":"2024-03-04T08:27:31","guid":{"rendered":"https:\/\/lcli.lu\/?page_id=2008"},"modified":"2026-03-07T12:48:05","modified_gmt":"2026-03-07T10:48:05","slug":"evenements-passes","status":"publish","type":"page","link":"https:\/\/lcli.lu\/en\/evenements-passes\/","title":{"rendered":"Past events"},"content":{"rendered":"<p>[et_pb_section fb_built=\u00a0\u00bb1&Prime; fullwidth=\u00a0\u00bbon\u00a0\u00bb _builder_version=\u00a0\u00bb4.18.0&Prime; _module_preset=\u00a0\u00bbdefault\u00a0\u00bb background_image=\u00a0\u00bbhttps:\/\/lcli.lu\/wp-content\/uploads\/2024\/03\/evenemetspassee_header.jpg\u00a0\u00bb width=\u00a0\u00bb100%\u00a0\u00bb da_disable_devices=\u00a0\u00bboff|off|off\u00a0\u00bb global_colors_info=\u00a0\u00bb{}\u00a0\u00bb da_is_popup=\u00a0\u00bboff\u00a0\u00bb da_exit_intent=\u00a0\u00bboff\u00a0\u00bb da_has_close=\u00a0\u00bbon\u00a0\u00bb da_alt_close=\u00a0\u00bboff\u00a0\u00bb da_dark_close=\u00a0\u00bboff\u00a0\u00bb da_not_modal=\u00a0\u00bbon\u00a0\u00bb da_is_singular=\u00a0\u00bboff\u00a0\u00bb da_with_loader=\u00a0\u00bboff\u00a0\u00bb da_has_shadow=\u00a0\u00bbon\u00a0\u00bb][et_pb_fullwidth_header text_orientation=\u00a0\u00bbcenter\u00a0\u00bb button_one_url=\u00a0\u00bb#\u00a0\u00bb background_overlay_color=\u00a0\u00bbrgba(0,0,0,0.36)\u00a0\u00bb content_max_width=\u00a0\u00bb80%\u00a0\u00bb _builder_version=\u00a0\u00bb4.17.6&Prime; _module_preset=\u00a0\u00bbdefault\u00a0\u00bb title_font_size=\u00a0\u00bb57px\u00a0\u00bb title_line_height=\u00a0\u00bb1.4em\u00a0\u00bb content_font=\u00a0\u00bb|||on|||||\u00a0\u00bb content_font_size=\u00a0\u00bb19px\u00a0\u00bb background_enable_color=\u00a0\u00bboff\u00a0\u00bb background_enable_image=\u00a0\u00bboff\u00a0\u00bb custom_button_one=\u00a0\u00bbon\u00a0\u00bb button_one_text_size=\u00a0\u00bb24px\u00a0\u00bb button_one_text_color=\u00a0\u00bb#FFFFFF\u00a0\u00bb button_one_bg_color=\u00a0\u00bb#128cdc\u00a0\u00bb button_one_border_width=\u00a0\u00bb0px\u00a0\u00bb button_one_border_color=\u00a0\u00bb#FFFFFF\u00a0\u00bb button_one_letter_spacing=\u00a0\u00bb0px\u00a0\u00bb button_one_font=\u00a0\u00bb|||on|||||\u00a0\u00bb button_one_custom_margin=\u00a0\u00bb80px||||false|false\u00a0\u00bb custom_button_two=\u00a0\u00bbon\u00a0\u00bb button_two_text_size=\u00a0\u00bb24px\u00a0\u00bb button_two_text_color=\u00a0\u00bb#0C71C3&Prime; button_two_bg_color=\u00a0\u00bb#FFFFFF\u00a0\u00bb button_two_border_width=\u00a0\u00bb0px\u00a0\u00bb button_two_font=\u00a0\u00bb|||on|||||\u00a0\u00bb min_height=\u00a0\u00bb232px\u00a0\u00bb custom_margin=\u00a0\u00bb||||false|false\u00a0\u00bb box_shadow_style_button_one=\u00a0\u00bbpreset1&Prime; global_colors_info=\u00a0\u00bb{}\u00a0\u00bb]<\/p>\n<h1 style=\"color: white; font-size: 60px; font-weight: 800; line-height: 73px;\"><mark style=\"background-color: #e30613; color: white !important;\"><b>\u00a0\u00c9V\u00c9NEMENTS\u00a0 \u00a0PASS\u00c9S\u00a0<\/b><\/mark><\/h1>\n<p>[\/et_pb_fullwidth_header][\/et_pb_section][et_pb_section fb_built=\u00a0\u00bb1&Prime; admin_label=\u00a0\u00bbsection\u00a0\u00bb _builder_version=\u00a0\u00bb4.16&Prime; custom_padding=\u00a0\u00bb||0px|||\u00a0\u00bb da_disable_devices=\u00a0\u00bboff|off|off\u00a0\u00bb global_colors_info=\u00a0\u00bb{}\u00a0\u00bb da_is_popup=\u00a0\u00bboff\u00a0\u00bb da_exit_intent=\u00a0\u00bboff\u00a0\u00bb da_has_close=\u00a0\u00bbon\u00a0\u00bb da_alt_close=\u00a0\u00bboff\u00a0\u00bb da_dark_close=\u00a0\u00bboff\u00a0\u00bb da_not_modal=\u00a0\u00bbon\u00a0\u00bb da_is_singular=\u00a0\u00bboff\u00a0\u00bb da_with_loader=\u00a0\u00bboff\u00a0\u00bb da_has_shadow=\u00a0\u00bbon\u00a0\u00bb][et_pb_row column_structure=\u00a0\u00bb1_3,2_3&Prime; admin_label=\u00a0\u00bbrow\u00a0\u00bb _builder_version=\u00a0\u00bb4.17.4&Prime; background_size=\u00a0\u00bbinitial\u00a0\u00bb background_position=\u00a0\u00bbtop_left\u00a0\u00bb background_repeat=\u00a0\u00bbrepeat\u00a0\u00bb custom_padding=\u00a0\u00bb||69px|||\u00a0\u00bb global_colors_info=\u00a0\u00bb{}\u00a0\u00bb][et_pb_column type=\u00a0\u00bb1_3&Prime; _builder_version=\u00a0\u00bb4.17.4&Prime; custom_padding=\u00a0\u00bb|||\u00a0\u00bb sticky_position=\u00a0\u00bbtop\u00a0\u00bb sticky_offset_top=\u00a0\u00bb32px\u00a0\u00bb sticky_position_tablet=\u00a0\u00bbnone\u00a0\u00bb sticky_position_phone=\u00a0\u00bbnone\u00a0\u00bb sticky_position_last_edited=\u00a0\u00bbon|desktop\u00a0\u00bb global_colors_info=\u00a0\u00bb{}\u00a0\u00bb custom_padding__hover=\u00a0\u00bb|||\u00a0\u00bb][et_pb_text module_id=\u00a0\u00bbh2-inpage\u00a0\u00bb _builder_version=\u00a0\u00bb4.18.0&Prime; _module_preset=\u00a0\u00bbdefault\u00a0\u00bb text_font=\u00a0\u00bb|||on|||||\u00a0\u00bb text_text_color=\u00a0\u00bbgcid-698dcd22-d327-4ceb-b297-1ad55af2bc60&Prime; text_font_size=\u00a0\u00bb38px\u00a0\u00bb global_colors_info=\u00a0\u00bb{%22gcid-698dcd22-d327-4ceb-b297-1ad55af2bc60%22:%91%22text_text_color%22%93}\u00a0\u00bb]<\/p>\n<h2 style=\"font-size: 30px;\">MOMENTS<br \/><span class=\"h2-blue-color\" style=\"font-size: 30px;\">REVOLUS<\/span><\/h2>\n<p>[\/et_pb_text][et_pb_text disabled_on=\u00a0\u00bbon|on|on\u00a0\u00bb module_id=\u00a0\u00bbh2-inpage\u00a0\u00bb _builder_version=\u00a0\u00bb4.18.0&Prime; _module_preset=\u00a0\u00bbdefault\u00a0\u00bb text_font=\u00a0\u00bb|||on|||||\u00a0\u00bb text_text_color=\u00a0\u00bbgcid-698dcd22-d327-4ceb-b297-1ad55af2bc60&Prime; text_font_size=\u00a0\u00bb38px\u00a0\u00bb disabled=\u00a0\u00bbon\u00a0\u00bb global_colors_info=\u00a0\u00bb{%22gcid-698dcd22-d327-4ceb-b297-1ad55af2bc60%22:%91%22text_text_color%22%93}\u00a0\u00bb]<\/p>\n<h2 style=\"font-size: 25px; font-weight: 300;\"><span class=\"h2-blue-color\" style=\"font-size: 25px;\">\u00ab<\/span> La richesse<\/h2>\n<h2 style=\"font-size: 25px; font-weight: 300;\">de la diversit\u00e9 <span class=\"h2-blue-color\" style=\"font-size: 25px;\">\u00bb<\/span><\/h2>\n<p>[\/et_pb_text][\/et_pb_column][et_pb_column type=\u00a0\u00bb2_3&Prime; _builder_version=\u00a0\u00bb4.16&Prime; custom_padding=\u00a0\u00bb|||\u00a0\u00bb global_colors_info=\u00a0\u00bb{}\u00a0\u00bb custom_padding__hover=\u00a0\u00bb|||\u00a0\u00bb][et_pb_text admin_label=\u00a0\u00bbText\u00a0\u00bb _builder_version=\u00a0\u00bb4.27.4&Prime; background_size=\u00a0\u00bbinitial\u00a0\u00bb background_position=\u00a0\u00bbtop_left\u00a0\u00bb background_repeat=\u00a0\u00bbrepeat\u00a0\u00bb custom_padding=\u00a0\u00bb1px|||||\u00a0\u00bb global_colors_info=\u00a0\u00bb{}\u00a0\u00bb]<\/p>\n<p><strong><\/strong><\/p>\n<p><strong>21,22,23 novembre 2025\u00a0 \u2013 <\/strong><span style=\"color: #000000;\">Collecte au Cactus Howald pour la Banque Alimentaire de Luxembourg<\/span><\/p>\n<p><strong> <\/strong><\/p>\n<p><strong>17 novembre 2025\u00a0 \u2013<\/strong><a href=\"https:\/\/lcli.lu\/activites\/gala-de-charite\/\"><span style=\"color: #000000;\">\u00a0<\/span><\/a><span style=\"text-decoration: underline;\"><a href=\"https:\/\/lcli.lu\/activites\/gala-de-charite\/\"><span style=\"color: #000000; text-decoration: underline;\"> Charity Gala 2025<\/span><\/a><\/span><strong><\/strong><\/p>\n<p><strong> <\/strong><\/p>\n<p><strong>8 septembre 2025\u00a0<\/strong> \u2013<span style=\"color: #000000;\"> <span>Partners Night &#8211; Schueberfouer<\/span><\/span><br \/><strong><br \/>26\/27 avril 2025\u00a0<\/strong> \u2013<span style=\"color: #000000;\"> Collecte au Cactus Howald pour la Banque Alimentaire de Luxembourg<\/span><\/p>\n<p><strong>16\/18 mai 2025\u00a0\u2013 <\/strong><span style=\"color: #000000;\">Jumelage avec le LC Francfort<\/span><strong><br \/>29 juin 2025<\/strong>\u00a0\u2013 <span style=\"color: #000000;\">We Rallye<\/span>\u00a0<a href=\"https:\/\/www.facebook.com\/LionsLuxembourgInternational\/posts\/pfbid088ziuWwZyDThqEPjLdLj8vkAviAt4dM3BabcxAXGCbwNsSXhtooKiDmpoBPy8nHdl\" target=\"_blank\" rel=\"noopener\"><strong>Lire le post\u00a0<img loading=\"lazy\" decoding=\"async\" class=\"wp-image-2172 alignnone size-full\" title=\"\u00c9v\u00e9nements pass\u00e9s 1\" src=\"https:\/\/lcli.lu\/wp-content\/uploads\/2024\/03\/fb.png\" sizes=\"(max-width: 31px) 100vw, 31px\" srcset=\"https:\/\/lcli.lu\/wp-content\/uploads\/2024\/03\/fb.png 31w, https:\/\/lcli.lu\/wp-content\/uploads\/2024\/03\/fb-12x12.png 12w\" alt=\"Lions club luxembourg international\" width=\"31\" height=\"30\" \/><\/strong><\/a><\/p>\n<p><span style=\"color: #333333;\"><strong>18 novembre 2024<\/strong> \u2013 Gala de Charit\u00e9<\/span> <a href=\"https:\/\/www.facebook.com\/events\/1426470092054412?ref=newsfeed\" target=\"_blank\" rel=\"noopener\"><strong>Lire le post\u00a0<img loading=\"lazy\" decoding=\"async\" class=\"wp-image-2172 alignnone size-full\" title=\"\u00c9v\u00e9nements pass\u00e9s 1\" src=\"https:\/\/lcli.lu\/wp-content\/uploads\/2024\/03\/fb.png\" sizes=\"(max-width: 31px) 100vw, 31px\" srcset=\"https:\/\/lcli.lu\/wp-content\/uploads\/2024\/03\/fb.png 31w, https:\/\/lcli.lu\/wp-content\/uploads\/2024\/03\/fb-12x12.png 12w\" alt=\"Lions club luxembourg international\" width=\"31\" height=\"30\" \/><\/strong><\/a><br \/><span style=\"color: #333333;\">Lire l&rsquo;article de<\/span><strong> <a href=\"https:\/\/lcli.lu\/wp-content\/uploads\/2024\/10\/Article-Kachen-24-11-24-.pdf\">kachen.lu\u00a0<\/a><\/strong><\/p>\n<p><span style=\"color: #333333;\"><b><strong>21, 22 et 23 novembre 2024 <\/strong><\/b>Collecte pour la Banque Alimentaire (Cactus Howald)<\/span><\/p>\n<p><strong>8 juin 2024<\/strong> \u2013 We Rallye <a href=\"https:\/\/www.facebook.com\/LionsLuxembourgInternational\/posts\/pfbid094KGNy8mLx6ghY5BY9MEE3GEeCeNr5sDicAFEVTCHVjDTncXPyG3HCbGbcp8Eyobl\" target=\"_blank\" rel=\"noopener\"><strong>Lire le post\u00a0<img loading=\"lazy\" decoding=\"async\" class=\"wp-image-2172 alignnone size-full\" title=\"\u00c9v\u00e9nements pass\u00e9s 1\" src=\"https:\/\/lcli.lu\/wp-content\/uploads\/2024\/03\/fb.png\" sizes=\"(max-width: 31px) 100vw, 31px\" srcset=\"https:\/\/lcli.lu\/wp-content\/uploads\/2024\/03\/fb.png 31w, https:\/\/lcli.lu\/wp-content\/uploads\/2024\/03\/fb-12x12.png 12w\" alt=\"Lions club luxembourg international\" width=\"31\" height=\"30\" \/><\/strong><\/a><\/p>\n<p><strong>8\/9\/10 mai 2024<\/strong> \u2013 Jumelage avec le LC Francfort \u00e0 venise<\/p>\n<p>&nbsp;<\/p>\n<p>[\/et_pb_text][\/et_pb_column][\/et_pb_row][\/et_pb_section]<\/p>\n","protected":false},"excerpt":{"rendered":"<p>\u00a0\u00c9V\u00c9NEMENTS\u00a0 \u00a0PASS\u00c9S\u00a0MOMENTSREVOLUS\u00ab La richesse de la diversit\u00e9 \u00bb 21,22,23 novembre 2025\u00a0 \u2013 Collecte au Cactus Howald pour la Banque Alimentaire de Luxembourg 17 novembre 2025\u00a0 \u2013\u00a0 Charity Gala 2025 8 septembre 2025\u00a0 \u2013 Partners Night &#8211; Schueberfouer26\/27 avril 2025\u00a0 \u2013 Collecte au Cactus Howald pour la Banque Alimentaire de Luxembourg 16\/18 mai 2025\u00a0\u2013 Jumelage avec [&hellip;]<\/p>\n","protected":false},"author":10,"featured_media":0,"parent":0,"menu_order":0,"comment_status":"closed","ping_status":"closed","template":"","meta":{"_et_pb_use_builder":"on","_et_pb_old_content":"","_et_gb_content_width":"","footnotes":""},"class_list":["post-2008","page","type-page","status-publish","hentry"],"_links":{"self":[{"href":"https:\/\/lcli.lu\/en\/wp-json\/wp\/v2\/pages\/2008","targetHints":{"allow":["GET"]}}],"collection":[{"href":"https:\/\/lcli.lu\/en\/wp-json\/wp\/v2\/pages"}],"about":[{"href":"https:\/\/lcli.lu\/en\/wp-json\/wp\/v2\/types\/page"}],"author":[{"embeddable":true,"href":"https:\/\/lcli.lu\/en\/wp-json\/wp\/v2\/users\/10"}],"replies":[{"embeddable":true,"href":"https:\/\/lcli.lu\/en\/wp-json\/wp\/v2\/comments?post=2008"}],"version-history":[{"count":25,"href":"https:\/\/lcli.lu\/en\/wp-json\/wp\/v2\/pages\/2008\/revisions"}],"predecessor-version":[{"id":4067,"href":"https:\/\/lcli.lu\/en\/wp-json\/wp\/v2\/pages\/2008\/revisions\/4067"}],"wp:attachment":[{"href":"https:\/\/lcli.lu\/en\/wp-json\/wp\/v2\/media?parent=2008"}],"curies":[{"name":"wp","href":"https:\/\/api.w.org\/{rel}","templated":true}]}}