

{"id":2767,"date":"2025-04-25T14:58:54","date_gmt":"2025-04-25T12:58:54","guid":{"rendered":"https:\/\/lcli.lu\/?page_id=2767"},"modified":"2026-02-23T11:38:49","modified_gmt":"2026-02-23T09:38:49","slug":"we-rallye","status":"publish","type":"page","link":"https:\/\/lcli.lu\/en\/activites\/we-rallye\/","title":{"rendered":"We Rallye"},"content":{"rendered":"<p>[et_pb_section fb_built=\u00a0\u00bb1&Prime; fullwidth=\u00a0\u00bbon\u00a0\u00bb _builder_version=\u00a0\u00bb4.27.4&Prime; _module_preset=\u00a0\u00bbdefault\u00a0\u00bb background_image=\u00a0\u00bbhttps:\/\/lcli.lu\/wp-content\/uploads\/2025\/05\/IMG_1419b.jpg\u00a0\u00bb width=\u00a0\u00bb100%\u00a0\u00bb da_disable_devices=\u00a0\u00bboff|off|off\u00a0\u00bb global_colors_info=\u00a0\u00bb{}\u00a0\u00bb da_is_popup=\u00a0\u00bboff\u00a0\u00bb da_exit_intent=\u00a0\u00bboff\u00a0\u00bb da_has_close=\u00a0\u00bbon\u00a0\u00bb da_alt_close=\u00a0\u00bboff\u00a0\u00bb da_dark_close=\u00a0\u00bboff\u00a0\u00bb da_not_modal=\u00a0\u00bbon\u00a0\u00bb da_is_singular=\u00a0\u00bboff\u00a0\u00bb da_with_loader=\u00a0\u00bboff\u00a0\u00bb da_has_shadow=\u00a0\u00bbon\u00a0\u00bb][et_pb_fullwidth_header text_orientation=\u00a0\u00bbcenter\u00a0\u00bb button_one_url=\u00a0\u00bb#\u00a0\u00bb background_overlay_color=\u00a0\u00bbrgba(0,0,0,0.36)\u00a0\u00bb content_max_width=\u00a0\u00bb80%\u00a0\u00bb _builder_version=\u00a0\u00bb4.17.6&Prime; _module_preset=\u00a0\u00bbdefault\u00a0\u00bb title_font_size=\u00a0\u00bb57px\u00a0\u00bb title_line_height=\u00a0\u00bb1.4em\u00a0\u00bb content_font=\u00a0\u00bb|||on|||||\u00a0\u00bb content_font_size=\u00a0\u00bb19px\u00a0\u00bb background_enable_color=\u00a0\u00bboff\u00a0\u00bb background_enable_image=\u00a0\u00bboff\u00a0\u00bb custom_button_one=\u00a0\u00bbon\u00a0\u00bb button_one_text_size=\u00a0\u00bb24px\u00a0\u00bb button_one_text_color=\u00a0\u00bb#FFFFFF\u00a0\u00bb button_one_bg_color=\u00a0\u00bb#128cdc\u00a0\u00bb button_one_border_width=\u00a0\u00bb0px\u00a0\u00bb button_one_border_color=\u00a0\u00bb#FFFFFF\u00a0\u00bb button_one_letter_spacing=\u00a0\u00bb0px\u00a0\u00bb button_one_font=\u00a0\u00bb|||on|||||\u00a0\u00bb button_one_custom_margin=\u00a0\u00bb80px||||false|false\u00a0\u00bb custom_button_two=\u00a0\u00bbon\u00a0\u00bb button_two_text_size=\u00a0\u00bb24px\u00a0\u00bb button_two_text_color=\u00a0\u00bb#0C71C3&Prime; button_two_bg_color=\u00a0\u00bb#FFFFFF\u00a0\u00bb button_two_border_width=\u00a0\u00bb0px\u00a0\u00bb button_two_font=\u00a0\u00bb|||on|||||\u00a0\u00bb min_height=\u00a0\u00bb232px\u00a0\u00bb custom_margin=\u00a0\u00bb||||false|false\u00a0\u00bb box_shadow_style_button_one=\u00a0\u00bbpreset1&Prime; global_colors_info=\u00a0\u00bb{}\u00a0\u00bb]<\/p>\n<h1 style=\"color: white; font-size: 60px; font-weight: 800; line-height: 73px;\"><mark style=\"background-color: #e30613; color: white !important;\">\u00a0We Rallye\u00a0<\/mark><\/h1>\n<p>[\/et_pb_fullwidth_header][\/et_pb_section][et_pb_section fb_built=\u00a0\u00bb1&Prime; admin_label=\u00a0\u00bbsection\u00a0\u00bb _builder_version=\u00a0\u00bb4.16&Prime; custom_padding=\u00a0\u00bb||0px|||\u00a0\u00bb da_disable_devices=\u00a0\u00bboff|off|off\u00a0\u00bb global_colors_info=\u00a0\u00bb{}\u00a0\u00bb da_is_popup=\u00a0\u00bboff\u00a0\u00bb da_exit_intent=\u00a0\u00bboff\u00a0\u00bb da_has_close=\u00a0\u00bbon\u00a0\u00bb da_alt_close=\u00a0\u00bboff\u00a0\u00bb da_dark_close=\u00a0\u00bboff\u00a0\u00bb da_not_modal=\u00a0\u00bbon\u00a0\u00bb da_is_singular=\u00a0\u00bboff\u00a0\u00bb da_with_loader=\u00a0\u00bboff\u00a0\u00bb da_has_shadow=\u00a0\u00bbon\u00a0\u00bb][et_pb_row column_structure=\u00a0\u00bb1_3,2_3&Prime; admin_label=\u00a0\u00bbrow\u00a0\u00bb _builder_version=\u00a0\u00bb4.17.4&Prime; background_size=\u00a0\u00bbinitial\u00a0\u00bb background_position=\u00a0\u00bbtop_left\u00a0\u00bb background_repeat=\u00a0\u00bbrepeat\u00a0\u00bb custom_margin=\u00a0\u00bb||||false|false\u00a0\u00bb custom_padding=\u00a0\u00bb||137px||false|false\u00a0\u00bb global_colors_info=\u00a0\u00bb{}\u00a0\u00bb][et_pb_column type=\u00a0\u00bb1_3&Prime; _builder_version=\u00a0\u00bb4.17.4&Prime; custom_padding=\u00a0\u00bb|||\u00a0\u00bb sticky_position=\u00a0\u00bbtop\u00a0\u00bb sticky_offset_top=\u00a0\u00bb32px\u00a0\u00bb sticky_limit_bottom=\u00a0\u00bbrow\u00a0\u00bb sticky_position_tablet=\u00a0\u00bbnone\u00a0\u00bb sticky_position_phone=\u00a0\u00bbnone\u00a0\u00bb sticky_position_last_edited=\u00a0\u00bbon|desktop\u00a0\u00bb global_colors_info=\u00a0\u00bb{}\u00a0\u00bb custom_padding__hover=\u00a0\u00bb|||\u00a0\u00bb][et_pb_text admin_label=\u00a0\u00bbTexte\u00a0\u00bb module_id=\u00a0\u00bbh2-inpage\u00a0\u00bb _builder_version=\u00a0\u00bb4.18.0&Prime; _module_preset=\u00a0\u00bbdefault\u00a0\u00bb text_font=\u00a0\u00bb|||on|||||\u00a0\u00bb text_text_color=\u00a0\u00bbgcid-698dcd22-d327-4ceb-b297-1ad55af2bc60&Prime; text_font_size=\u00a0\u00bb38px\u00a0\u00bb global_colors_info=\u00a0\u00bb{%22gcid-698dcd22-d327-4ceb-b297-1ad55af2bc60%22:%91%22text_text_color%22%93}\u00a0\u00bb]<\/p>\n<h2 style=\"font-size: 30px;\">WE Rallye<br \/><\/h2>\n<p>[\/et_pb_text][\/et_pb_column][et_pb_column type=\u00a0\u00bb2_3&Prime; _builder_version=\u00a0\u00bb4.16&Prime; custom_padding=\u00a0\u00bb|||\u00a0\u00bb global_colors_info=\u00a0\u00bb{}\u00a0\u00bb custom_padding__hover=\u00a0\u00bb|||\u00a0\u00bb][et_pb_text admin_label=\u00a0\u00bbText\u00a0\u00bb _builder_version=\u00a0\u00bb4.27.4&Prime; text_font=\u00a0\u00bb||||||||\u00a0\u00bb background_size=\u00a0\u00bbinitial\u00a0\u00bb background_position=\u00a0\u00bbtop_left\u00a0\u00bb background_repeat=\u00a0\u00bbrepeat\u00a0\u00bb custom_padding=\u00a0\u00bb1px|||||\u00a0\u00bb hover_enabled=\u00a0\u00bb0&Prime; global_colors_info=\u00a0\u00bb{}\u00a0\u00bb sticky_enabled=\u00a0\u00bb0&Prime;]<\/p>\n<h2><strong><br \/>\ud83d\ude97\u2728 SAVE THE DATE \u2014 07 juin 2026<br \/><!-- notionvc: 10f8361a-cd40-459e-b570-2073893a5c88 --><\/strong><\/h2>\n<blockquote>\n<div dir=\"ltr\">\n<div dir=\"ltr\">\n<p data-start=\"379\" data-end=\"439\">La 5\u1d49 \u00e9dition de notre rallye touristique caritatif arrive !<\/p>\n<p data-start=\"441\" data-end=\"607\">Sous le th\u00e8me <strong data-start=\"455\" data-end=\"489\">\u00ab Acier, Mines et Fronti\u00e8res \u00bb<\/strong>, venez red\u00e9couvrir l\u2019Histoire, les patrimoines et les vestiges du pass\u00e9 luxembourgeois, \u00e0 travers un parcours unique.<\/p>\n<p data-start=\"609\" data-end=\"725\">\u2764\ufe0f Cette ann\u00e9e encore, <strong data-start=\"632\" data-end=\"689\">100 % des b\u00e9n\u00e9fices seront revers\u00e9s \u00e0 l\u2019ASBL SOURRIRE<\/strong>, que nous sommes fiers de soutenir.<\/p>\n<p data-start=\"727\" data-end=\"840\">\u2714 Ouvert \u00e0 tous les \u00e9quipages<br data-start=\"756\" data-end=\"759\" \/>\u2714 Voitures et motos bienvenues<br data-start=\"789\" data-end=\"792\" \/>\u2714 Parcours touristique, convivial et solidaire<\/p>\n<p data-start=\"842\" data-end=\"870\">\ud83d\udcc5 <strong data-start=\"845\" data-end=\"870\">Dimanche 07 juin 2026<\/strong><\/p>\n<p data-start=\"872\" data-end=\"942\">Les informations d\u2019inscription seront communiqu\u00e9es tr\u00e8s prochainement.<\/p>\n<p data-start=\"944\" data-end=\"977\">\ud83d\udce9 Int\u00e9ress\u00e9(e) ? <a class=\"decorated-link cursor-pointer\" href=\"mailto:%20contact@lcli.lu\" rel=\"noopener\" data-start=\"962\" data-end=\"977\">contact@lcli.lu<\/a><\/p>\n<p data-start=\"979\" data-end=\"1052\">Nous avons h\u00e2te de vous retrouver pour cette nouvelle aventure solidaire.<\/p>\n<p data-start=\"1054\" data-end=\"1159\"><strong data-start=\"1054\" data-end=\"1093\"><br \/>Lions Club Luxembourg International<\/strong><\/p>\n<\/div>\n<\/div>\n<\/blockquote>\n<p><!-- notionvc: 7b121552-1215-4078-beda-8de4cb9395a7 --><\/p>\n<p>[\/et_pb_text][et_pb_text disabled_on=\u00a0\u00bbon|on|on\u00a0\u00bb admin_label=\u00a0\u00bbText\u00a0\u00bb _builder_version=\u00a0\u00bb4.27.4&Prime; text_font=\u00a0\u00bb||||||||\u00a0\u00bb background_size=\u00a0\u00bbinitial\u00a0\u00bb background_position=\u00a0\u00bbtop_left\u00a0\u00bb background_repeat=\u00a0\u00bbrepeat\u00a0\u00bb custom_padding=\u00a0\u00bb1px|||||\u00a0\u00bb disabled=\u00a0\u00bbon\u00a0\u00bb global_colors_info=\u00a0\u00bb{}\u00a0\u00bb]<\/p>\n<h2><strong>Pr\u00e9sentation du Rallye Touristique <span style=\"color: #0099ff;\"><\/span><!-- notionvc: 10f8361a-cd40-459e-b570-2073893a5c88 --><\/strong><\/h2>\n<blockquote><\/blockquote>\n<blockquote type=\"cite\">\n<div dir=\"ltr\">\n<div dir=\"ltr\">\n<p>Chaque ann\u00e9e, notre rallye touristique r\u00e9unit <strong>jusqu\u2019\u00e0 40 \u00e9quipages<\/strong> compos\u00e9s de <strong>1 \u00e0 5 personnes<\/strong>.<\/p>\n<p><strong>L\u2019inscription se fait exclusivement en ligne<\/strong>, et le jour de l\u2019\u00e9v\u00e9nement, les participants sont accueillis autour d\u2019un caf\u00e9 convivial avant un bref briefing sur les r\u00e8gles du jeu.<\/p>\n<p>Toutes les cinq minutes, les \u00e9quipages prennent le d\u00e9part, guid\u00e9s par un roadbook qui leur permet de d\u00e9couvrir un parcours original.<\/p>\n<p>Tout au long de la journ\u00e9e, ils doivent s\u2019orienter, r\u00e9colter des indices, r\u00e9pondre \u00e0 des questions et relever des d\u00e9fis ludiques pour cumuler des points.<\/p>\n<p>&nbsp;<\/p>\n<p>Un panier repas gourmand est remis au d\u00e9part afin de profiter pleinement de l\u2019aventure. <br \/><strong>En fin d\u2019apr\u00e8s-midi, tous se retrouvent pour la remise des prix<\/strong> et un ap\u00e9ritif convivial, avec la possibilit\u00e9 de prolonger la soir\u00e9e autour d\u2019un d\u00eener pour ceux qui le souhaitent.<\/p>\n<\/div>\n<\/div>\n<\/blockquote>\n<p><!-- notionvc: 7b121552-1215-4078-beda-8de4cb9395a7 --><\/p>\n<blockquote><\/blockquote>\n<p>[\/et_pb_text][et_pb_text disabled_on=\u00a0\u00bbon|on|on\u00a0\u00bb admin_label=\u00a0\u00bbText\u00a0\u00bb _builder_version=\u00a0\u00bb4.27.4&Prime; text_font=\u00a0\u00bb||||||||\u00a0\u00bb background_size=\u00a0\u00bbinitial\u00a0\u00bb background_position=\u00a0\u00bbtop_left\u00a0\u00bb background_repeat=\u00a0\u00bbrepeat\u00a0\u00bb custom_padding=\u00a0\u00bb1px|||||\u00a0\u00bb disabled=\u00a0\u00bbon\u00a0\u00bb global_colors_info=\u00a0\u00bb{}\u00a0\u00bb]<\/p>\n<h2><strong>\ud83c\udfc1 Inscriptions \u2013 Rallye touristique du <span style=\"color: #0099ff;\">29 juin 2025<\/span><!-- notionvc: 10f8361a-cd40-459e-b570-2073893a5c88 --><\/strong><\/h2>\n<blockquote><\/blockquote>\n<p>Pour des raisons d\u2019organisation, le nombre de participants est limit\u00e9 \u00e0 <strong>40 \u00e9quipages<\/strong>, compos\u00e9s de <strong>1 \u00e0 5 personnes maximum<\/strong>.<\/p>\n<p><strong>L\u2019inscription se fait exclusivement en ligne via cette page.<\/strong><\/p>\n<p>Le jour du rallye, nous vous accueillerons avec un <strong>petit caf\u00e9 convivial<\/strong>. Apr\u00e8s un rapide briefing sur les r\u00e8gles du jeu, les \u00e9quipages s\u2019\u00e9lanceront toutes les 5 minutes, guid\u00e9s par un <strong>roadbook<\/strong> qui leur servira de fil conducteur pour d\u00e9couvrir le parcours.<\/p>\n<p>Tout au long de la journ\u00e9e, les participants devront :<\/p>\n<ul>\n<li><strong>trouver leur chemin<\/strong> \u00e0 l\u2019aide du roadbook,<\/li>\n<li><strong>r\u00e9colter des indices<\/strong> pour r\u00e9pondre \u00e0 des questions,<\/li>\n<li>et <strong>participer \u00e0 des jeux-\u00e9tapes<\/strong> pour cumuler des points.<\/li>\n<\/ul>\n<p>Au d\u00e9part, un <strong>panier repas savoureux<\/strong> sera remis \u00e0 chaque \u00e9quipage pour reprendre des forces et profiter pleinement de l\u2019aventure.<\/p>\n<p>Nous nous retrouverons ensuite <strong>tous ensemble \u00e0 partir de 17h00<\/strong> \u00e0 l\u2019arriv\u00e9e pour :<\/p>\n<ul>\n<li>la <strong>remise des prix<\/strong>,<\/li>\n<li>un ap\u00e9ritif,<\/li>\n<li>suivie \u00e0 <strong>19h30<\/strong> d\u2019un <strong>d\u00eener gourmand<\/strong> pour celles et ceux ayant choisi cette option.<\/li>\n<\/ul>\n<p><!-- notionvc: 7b121552-1215-4078-beda-8de4cb9395a7 --><\/p>\n<blockquote><\/blockquote>\n<p>[\/et_pb_text][et_pb_text disabled_on=\u00a0\u00bbon|on|on\u00a0\u00bb admin_label=\u00a0\u00bbText\u00a0\u00bb _builder_version=\u00a0\u00bb4.27.4&Prime; text_font=\u00a0\u00bb||||||||\u00a0\u00bb background_size=\u00a0\u00bbinitial\u00a0\u00bb background_position=\u00a0\u00bbtop_left\u00a0\u00bb background_repeat=\u00a0\u00bbrepeat\u00a0\u00bb custom_padding=\u00a0\u00bb1px|||||\u00a0\u00bb disabled=\u00a0\u00bbon\u00a0\u00bb global_colors_info=\u00a0\u00bb{}\u00a0\u00bb]<\/p>\n<h2><strong>\ud83e\udef6\u00a0<span>Nos sponsors<\/span><\/strong><\/h2>\n<p><!-- notionvc: 7b121552-1215-4078-beda-8de4cb9395a7 --><\/p>\n<blockquote><\/blockquote>\n<p>[\/et_pb_text][et_pb_image src=\u00a0\u00bbhttps:\/\/lcli.lu\/wp-content\/uploads\/2025\/06\/Mailchimp-sponsor-800x250_03.png\u00a0\u00bb title_text=\u00a0\u00bbMailchimp-sponsor-800x250_03&Prime; disabled_on=\u00a0\u00bbon|on|on\u00a0\u00bb admin_label=\u00a0\u00bbImage\u00a0\u00bb _builder_version=\u00a0\u00bb4.27.4&Prime; _module_preset=\u00a0\u00bbdefault\u00a0\u00bb disabled=\u00a0\u00bbon\u00a0\u00bb global_colors_info=\u00a0\u00bb{}\u00a0\u00bb][\/et_pb_image][et_pb_text disabled_on=\u00a0\u00bbon|on|on\u00a0\u00bb admin_label=\u00a0\u00bbText\u00a0\u00bb _builder_version=\u00a0\u00bb4.27.4&Prime; text_font=\u00a0\u00bb||||||||\u00a0\u00bb background_size=\u00a0\u00bbinitial\u00a0\u00bb background_position=\u00a0\u00bbtop_left\u00a0\u00bb background_repeat=\u00a0\u00bbrepeat\u00a0\u00bb custom_padding=\u00a0\u00bb1px|||||\u00a0\u00bb disabled=\u00a0\u00bbon\u00a0\u00bb global_colors_info=\u00a0\u00bb{}\u00a0\u00bb]<\/p>\n<h2><strong><span>\ud83d\udcb6<\/span> Tarifs<!-- notionvc: b614c735-4310-4a85-8e21-4c010a07ee03 --><br \/><!-- notionvc: 10f8361a-cd40-459e-b570-2073893a5c88 --><\/strong><\/h2>\n<blockquote><\/blockquote>\n<ul>\n<li>\n<h4><strong>Participation au rallye<\/strong><\/h4>\n<p><strong><\/strong><span style=\"font-size: 16px;\">(incluant un panier repas et un ap\u00e9ro) : <\/span><strong style=\"font-size: 16px;\">60\u202f\u20ac \/ personne<\/strong><\/p>\n<p><strong> <\/strong><strong><\/strong><\/p>\n<\/li>\n<li>\n<h4><strong>Option d\u00eener gourmand<\/strong><\/h4>\n<p><strong><\/strong><span style=\"font-size: 16px;\">(entr\u00e9e, plat, dessert \u2013 boissons incluses) : <\/span><strong style=\"font-size: 16px;\">50\u202f\u20ac \/ personne<br \/><\/strong><span style=\"font-size: 16px;\">\u2192 Une <\/span><strong style=\"font-size: 16px;\">alternative vegan<\/strong><span style=\"font-size: 16px;\"> est disponible sur demande lors de l\u2019inscription.<\/span><\/p>\n<\/li>\n<\/ul>\n<ul><\/ul>\n<p><!-- notionvc: 7b121552-1215-4078-beda-8de4cb9395a7 --><\/p>\n<blockquote><\/blockquote>\n<p>[\/et_pb_text][et_pb_text disabled_on=\u00a0\u00bbon|on|on\u00a0\u00bb _builder_version=\u00a0\u00bb4.27.4&Prime; _module_preset=\u00a0\u00bbdefault\u00a0\u00bb custom_margin=\u00a0\u00bb||40px||false|false\u00a0\u00bb disabled=\u00a0\u00bbon\u00a0\u00bb global_colors_info=\u00a0\u00bb{}\u00a0\u00bb]<\/p>\n<blockquote>\n<p><em>Lors de votre inscription, il vous sera demand\u00e9 le nom de l&rsquo;\u00e9quipage, le nombre de personnes qui participeront au rallye et, \u00e9ventuellement au d\u00eener le soir, ainsi que le choix du menu. Merci de bien d\u00e9cider cela \u00e0 l&rsquo;avance,car aucune modification ne sera possible apr\u00e8s l&rsquo;enregistrement de votre participation.<\/em><\/p>\n<\/blockquote>\n<p>[\/et_pb_text][et_pb_button button_url=\u00a0\u00bbhttps:\/\/lcli.lu\/inscription-rallye\/\u00a0\u00bb button_text=\u00a0\u00bbAchetez vos billets maintenant.\u00a0\u00bb disabled_on=\u00a0\u00bbon|on|on\u00a0\u00bb _builder_version=\u00a0\u00bb4.27.4&Prime; _module_preset=\u00a0\u00bbdefault\u00a0\u00bb disabled=\u00a0\u00bbon\u00a0\u00bb global_colors_info=\u00a0\u00bb{}\u00a0\u00bb][\/et_pb_button][\/et_pb_column][\/et_pb_row][\/et_pb_section]<\/p>\n","protected":false},"excerpt":{"rendered":"<p>\u00a0We Rallye\u00a0WE Rallye\ud83d\ude97\u2728 SAVE THE DATE \u2014 07 juin 2026 La 5\u1d49 \u00e9dition de notre rallye touristique caritatif arrive ! Sous le th\u00e8me \u00ab Acier, Mines et Fronti\u00e8res \u00bb, venez red\u00e9couvrir l\u2019Histoire, les patrimoines et les vestiges du pass\u00e9 luxembourgeois, \u00e0 travers un parcours unique. \u2764\ufe0f Cette ann\u00e9e encore, 100 % des b\u00e9n\u00e9fices seront revers\u00e9s [&hellip;]<\/p>\n","protected":false},"author":1,"featured_media":0,"parent":565,"menu_order":1,"comment_status":"closed","ping_status":"closed","template":"","meta":{"_et_pb_use_builder":"on","_et_pb_old_content":"","_et_gb_content_width":"","footnotes":""},"class_list":["post-2767","page","type-page","status-publish","hentry"],"_links":{"self":[{"href":"https:\/\/lcli.lu\/en\/wp-json\/wp\/v2\/pages\/2767","targetHints":{"allow":["GET"]}}],"collection":[{"href":"https:\/\/lcli.lu\/en\/wp-json\/wp\/v2\/pages"}],"about":[{"href":"https:\/\/lcli.lu\/en\/wp-json\/wp\/v2\/types\/page"}],"author":[{"embeddable":true,"href":"https:\/\/lcli.lu\/en\/wp-json\/wp\/v2\/users\/1"}],"replies":[{"embeddable":true,"href":"https:\/\/lcli.lu\/en\/wp-json\/wp\/v2\/comments?post=2767"}],"version-history":[{"count":21,"href":"https:\/\/lcli.lu\/en\/wp-json\/wp\/v2\/pages\/2767\/revisions"}],"predecessor-version":[{"id":4058,"href":"https:\/\/lcli.lu\/en\/wp-json\/wp\/v2\/pages\/2767\/revisions\/4058"}],"up":[{"embeddable":true,"href":"https:\/\/lcli.lu\/en\/wp-json\/wp\/v2\/pages\/565"}],"wp:attachment":[{"href":"https:\/\/lcli.lu\/en\/wp-json\/wp\/v2\/media?parent=2767"}],"curies":[{"name":"wp","href":"https:\/\/api.w.org\/{rel}","templated":true}]}}