

{"id":3456,"date":"2025-09-08T10:47:52","date_gmt":"2025-09-08T08:47:52","guid":{"rendered":"https:\/\/lcli.lu\/?page_id=3456"},"modified":"2025-09-16T12:09:25","modified_gmt":"2025-09-16T10:09:25","slug":"ampelos","status":"publish","type":"page","link":"https:\/\/lcli.lu\/en\/actions\/ampelos\/","title":{"rendered":"Ampelos"},"content":{"rendered":"<p>[et_pb_section fb_built=\u00a0\u00bb1&Prime; fullwidth=\u00a0\u00bbon\u00a0\u00bb _builder_version=\u00a0\u00bb4.27.4&Prime; _module_preset=\u00a0\u00bbdefault\u00a0\u00bb background_image=\u00a0\u00bbhttps:\/\/lcli.lu\/wp-content\/uploads\/2025\/09\/HEADER.png\u00a0\u00bb da_disable_devices=\u00a0\u00bboff|off|off\u00a0\u00bb global_colors_info=\u00a0\u00bb{}\u00a0\u00bb da_is_popup=\u00a0\u00bboff\u00a0\u00bb da_exit_intent=\u00a0\u00bboff\u00a0\u00bb da_has_close=\u00a0\u00bbon\u00a0\u00bb da_alt_close=\u00a0\u00bboff\u00a0\u00bb da_dark_close=\u00a0\u00bboff\u00a0\u00bb da_not_modal=\u00a0\u00bbon\u00a0\u00bb da_is_singular=\u00a0\u00bboff\u00a0\u00bb da_with_loader=\u00a0\u00bboff\u00a0\u00bb da_has_shadow=\u00a0\u00bbon\u00a0\u00bb][et_pb_fullwidth_header text_orientation=\u00a0\u00bbcenter\u00a0\u00bb background_overlay_color=\u00a0\u00bbrgba(0,0,0,0.36)\u00a0\u00bb _builder_version=\u00a0\u00bb4.27.4&Prime; _module_preset=\u00a0\u00bbdefault\u00a0\u00bb title_level=\u00a0\u00bbh2&Prime; title_font=\u00a0\u00bb|||on|||||\u00a0\u00bb background_enable_color=\u00a0\u00bboff\u00a0\u00bb background_enable_image=\u00a0\u00bboff\u00a0\u00bb global_colors_info=\u00a0\u00bb{}\u00a0\u00bb]<\/p>\n<h1 style=\"color: white; font-size: 60px; font-weight: 800; line-height: 73px;\"><mark style=\"background-color: #e30613; color: white !important;\"><\/mark><\/h1>\n<h1 style=\"color: white; font-size: 60px; font-weight: 800; line-height: 73px;\"><mark style=\"background-color: #e30613; color: white !important;\"><br \/>\u00a0AMPELOS\u00a0<br \/><b><span lang=\"FR-BE\">\u00a0ASBL<span>\u00a0<\/span><\/span><\/b><br \/><\/mark><\/h1>\n<p>&nbsp;<\/p>\n<p>&nbsp;<\/p>\n<p>&nbsp;<\/p>\n<p>&nbsp;<\/p>\n<p>[\/et_pb_fullwidth_header][\/et_pb_section][et_pb_section fb_built=\u00a0\u00bb1&Prime; admin_label=\u00a0\u00bbsection\u00a0\u00bb _builder_version=\u00a0\u00bb4.16&Prime; custom_padding=\u00a0\u00bb||0px|||\u00a0\u00bb da_disable_devices=\u00a0\u00bboff|off|off\u00a0\u00bb global_colors_info=\u00a0\u00bb{}\u00a0\u00bb da_is_popup=\u00a0\u00bboff\u00a0\u00bb da_exit_intent=\u00a0\u00bboff\u00a0\u00bb da_has_close=\u00a0\u00bbon\u00a0\u00bb da_alt_close=\u00a0\u00bboff\u00a0\u00bb da_dark_close=\u00a0\u00bboff\u00a0\u00bb da_not_modal=\u00a0\u00bbon\u00a0\u00bb da_is_singular=\u00a0\u00bboff\u00a0\u00bb da_with_loader=\u00a0\u00bboff\u00a0\u00bb da_has_shadow=\u00a0\u00bbon\u00a0\u00bb][et_pb_row column_structure=\u00a0\u00bb1_3,2_3&Prime; admin_label=\u00a0\u00bbrow\u00a0\u00bb _builder_version=\u00a0\u00bb4.17.4&Prime; background_size=\u00a0\u00bbinitial\u00a0\u00bb background_position=\u00a0\u00bbtop_left\u00a0\u00bb background_repeat=\u00a0\u00bbrepeat\u00a0\u00bb custom_margin=\u00a0\u00bb||||false|false\u00a0\u00bb custom_padding=\u00a0\u00bb||70px||false|false\u00a0\u00bb global_colors_info=\u00a0\u00bb{}\u00a0\u00bb][et_pb_column type=\u00a0\u00bb1_3&Prime; _builder_version=\u00a0\u00bb4.17.4&Prime; custom_padding=\u00a0\u00bb|||\u00a0\u00bb sticky_position=\u00a0\u00bbtop\u00a0\u00bb sticky_offset_top=\u00a0\u00bb32px\u00a0\u00bb sticky_position_tablet=\u00a0\u00bbnone\u00a0\u00bb sticky_position_phone=\u00a0\u00bbnone\u00a0\u00bb sticky_position_last_edited=\u00a0\u00bbon|desktop\u00a0\u00bb global_colors_info=\u00a0\u00bb{}\u00a0\u00bb custom_padding__hover=\u00a0\u00bb|||\u00a0\u00bb][et_pb_text module_id=\u00a0\u00bbh2-inpage\u00a0\u00bb _builder_version=\u00a0\u00bb4.27.4&Prime; _module_preset=\u00a0\u00bbdefault\u00a0\u00bb text_font=\u00a0\u00bb|||on|||||\u00a0\u00bb text_text_color=\u00a0\u00bbgcid-698dcd22-d327-4ceb-b297-1ad55af2bc60&Prime; text_font_size=\u00a0\u00bb38px\u00a0\u00bb global_colors_info=\u00a0\u00bb{%22gcid-698dcd22-d327-4ceb-b297-1ad55af2bc60%22:%91%22text_text_color%22%93}\u00a0\u00bb]<\/p>\n<h2 style=\"font-size: 30px;\">Des projets solidaires<br \/>\n<span class=\"h2-blue-color\" style=\"font-size: 30px;\">pour un avenir autonome<\/span><\/h2>\n<p>[\/et_pb_text][et_pb_text module_id=\u00a0\u00bbh2-inpage\u00a0\u00bb _builder_version=\u00a0\u00bb4.18.0&Prime; _module_preset=\u00a0\u00bbdefault\u00a0\u00bb text_font=\u00a0\u00bb|||on|||||\u00a0\u00bb text_text_color=\u00a0\u00bbgcid-698dcd22-d327-4ceb-b297-1ad55af2bc60&Prime; text_font_size=\u00a0\u00bb38px\u00a0\u00bb global_colors_info=\u00a0\u00bb{%22gcid-698dcd22-d327-4ceb-b297-1ad55af2bc60%22:%91%22text_text_color%22%93}\u00a0\u00bb]<\/p>\n<h2 style=\"font-size: 25px; font-weight: 300;\"><span class=\"h2-blue-color\" style=\"font-size: 25px;\">\u00ab<\/span> Ensemble,<br \/>nous servons <span class=\"h2-blue-color\" style=\"font-size: 25px;\">\u00bb<\/span><\/h2>\n<p>[\/et_pb_text][\/et_pb_column][et_pb_column type=\u00a0\u00bb2_3&Prime; _builder_version=\u00a0\u00bb4.16&Prime; custom_padding=\u00a0\u00bb|||\u00a0\u00bb global_colors_info=\u00a0\u00bb{}\u00a0\u00bb custom_padding__hover=\u00a0\u00bb|||\u00a0\u00bb][et_pb_text admin_label=\u00a0\u00bbText\u00a0\u00bb _builder_version=\u00a0\u00bb4.27.4&Prime; background_size=\u00a0\u00bbinitial\u00a0\u00bb background_position=\u00a0\u00bbtop_left\u00a0\u00bb background_repeat=\u00a0\u00bbrepeat\u00a0\u00bb custom_padding=\u00a0\u00bb1px|||||\u00a0\u00bb global_colors_info=\u00a0\u00bb{}\u00a0\u00bb]<\/p>\n<blockquote type=\"cite\">\n<div dir=\"ltr\">\n<div dir=\"ltr\">\n<div dir=\"auto\">\n<div dir=\"auto\">\n<p><strong>Le Lions Club Luxembourg et l\u2019association Ampelos ASBL : un partenariat solidaire<\/strong><\/p>\n<p><strong><\/strong><span style=\"font-size: 16px;\">Le Lions Club Luxembourg soutient<\/span><span style=\"font-size: 16px;\">\u00a0<\/span><a href=\"https:\/\/ampelos-asbl.org\/\" target=\"_blank\" rel=\"noopener\" style=\"font-size: 16px;\"><strong>Ampelos ASBL<\/strong><\/a><span style=\"font-size: 16px;\">, une association cr\u00e9\u00e9e en 2021 qui agit dans des domaines essentiels tels que l\u2019\u00e9ducation, la sant\u00e9, l\u2019agriculture et l\u2019acc\u00e8s \u00e0 l\u2019eau potable. Tous les projets sont d\u00e9velopp\u00e9s en \u00e9troite collaboration avec des partenaires locaux, afin de r\u00e9pondre aux besoins r\u00e9els des communaut\u00e9s et de leur offrir les moyens d\u2019atteindre une v\u00e9ritable autonomie. Compos\u00e9e uniquement de b\u00e9n\u00e9voles, l\u2019association veille \u00e0 ce que les dons soient int\u00e9gralement consacr\u00e9s aux actions men\u00e9es sur le terrain, les frais fixes \u00e9tant couverts par les cotisations de ses membres. Ensemble, nous partageons une vision solidaire : b\u00e2tir des projets durables qui changent concr\u00e8tement la vie des communaut\u00e9s en Afrique.<\/span><\/p>\n<p>&nbsp;<\/p>\n<p>Dans ce cadre, notre amie et membre du LCLI, Aurelia Mari, qui coordonne pour notre Club les initiatives sociales men\u00e9es avec Ampelos, s\u2019est rendue r\u00e9cemment au Malawi, \u00e0 ses frais, afin de suivre de pr\u00e8s les derni\u00e8res r\u00e9alisations. Gr\u00e2ce \u00e0 notre contribution, 120 bancs d\u2019\u00e9cole ont pu \u00eatre livr\u00e9s aux \u00e9l\u00e8ves de la Giada Junior Primary School, \u00e0 Mkwanda Village, dans le district de Mangochi. Ce premier projet a \u00e9t\u00e9 financ\u00e9 directement par notre Club ainsi que par plusieurs de nos membres gr\u00e2ce \u00e0 leurs donations.<span style=\"font-size: 16px;\"><\/span><\/p>\n<p><span style=\"font-size: 16px;\"><br \/>\nUn deuxi\u00e8me projet \u2013 l\u2019achat d\u2019un bus scolaire \u2013 a ensuite vu le jour, cette fois avec le soutien de la Fondation de Luxembourg (<\/span><a rel=\"noopener\" href=\"http:\/\/www.fdlux.lu\/\" target=\"_blank\" data-saferedirecturl=\"https:\/\/www.google.com\/url?q=http:\/\/www.fdlux.lu&amp;source=gmail&amp;ust=1758096219769000&amp;usg=AOvVaw23okv0yjVCHGrIsgdSbTrw\" style=\"font-size: 16px;\">www.fdlux.lu<span aria-hidden=\"true\"><\/span><\/a><span style=\"font-size: 16px;\">), confirmant la pertinence de l\u2019initiative et la confiance accord\u00e9e \u00e0 Ampelos.<\/span><\/p>\n<p><span style=\"font-size: 16px;\">Aujourd\u2019hui, une nouvelle \u00e9tape est en cours pour soutenir la m\u00eame communaut\u00e9 : une collecte exceptionnelle destin\u00e9e \u00e0 installer un syst\u00e8me photovolta\u00efque. Cette installation r\u00e9duira la d\u00e9pendance au diesel, particuli\u00e8rement co\u00fbteux, tout en garantissant le bon fonctionnement des pompes \u00e0 eau et en facilitant l\u2019irrigation des champs cultiv\u00e9s. Elle contribuera ainsi \u00e0 renforcer l\u2019approvisionnement alimentaire des enfants scolaris\u00e9s. Ce projet b\u00e9n\u00e9ficie d\u00e9j\u00e0 du soutien de notre Gouverneur, M. Hoffman, ainsi que de la Fondation Lions, et sera prochainement pr\u00e9sent\u00e9 au Conseil d\u2019Administration \u00e9largi du District 113 Lions.<br \/>\n<\/span><\/p>\n<\/div>\n<\/div>\n<\/div>\n<\/div>\n<\/blockquote>\n<blockquote type=\"cite\">\n<div dir=\"ltr\">\n<div dir=\"ltr\">\n<div dir=\"auto\">\n<div dir=\"auto\">\n<p>Nous remercions chaleureusement Aurelia pour son d\u00e9vouement, le temps consacr\u00e9 et son enthousiasme, qui inspirent et honorent notre engagement collectif. Vous trouverez ci-dessous quelques photos et vid\u00e9os de son voyage, t\u00e9moins concrets de l\u2019impact de ces actions solidaires.<\/p>\n<\/div>\n<\/div>\n<\/div>\n<\/div>\n<\/blockquote>\n<p>[\/et_pb_text][difl_imagegallery image_size=\u00a0\u00bbthumbnail\u00a0\u00bb image_to_display=\u00a0\u00bb3&Prime; use_lightbox=\u00a0\u00bbon\u00a0\u00bb _builder_version=\u00a0\u00bb4.27.4&Prime; _module_preset=\u00a0\u00bbdefault\u00a0\u00bb global_colors_info=\u00a0\u00bb{}\u00a0\u00bb][difl_imagegalleryitem gallery_ids=\u00a0\u00bb3609,3608,3607,3606,3605&Prime; _builder_version=\u00a0\u00bb4.27.4&Prime; _module_preset=\u00a0\u00bbdefault\u00a0\u00bb overflow-x=\u00a0\u00bbvisible\u00a0\u00bb overflow-y=\u00a0\u00bbscroll\u00a0\u00bb global_colors_info=\u00a0\u00bb{}\u00a0\u00bb][\/difl_imagegalleryitem][\/difl_imagegallery][et_pb_video src_webm=\u00a0\u00bbhttps:\/\/lcli.lu\/wp-content\/uploads\/2025\/09\/VIDEO-2025-07-31-10-05-51.mp4&Prime; _builder_version=\u00a0\u00bb4.27.4&Prime; _module_preset=\u00a0\u00bbdefault\u00a0\u00bb global_colors_info=\u00a0\u00bb{}\u00a0\u00bb][\/et_pb_video][difl_imagegallery image_size=\u00a0\u00bboriginal\u00a0\u00bb image_to_display=\u00a0\u00bb2&Prime; layout_mode=\u00a0\u00bbfitRows\u00a0\u00bb item_gutter=\u00a0\u00bb6px\u00a0\u00bb _builder_version=\u00a0\u00bb4.27.4&Prime; _module_preset=\u00a0\u00bbdefault\u00a0\u00bb global_colors_info=\u00a0\u00bb{}\u00a0\u00bb][\/difl_imagegallery][difl_dual_button alignment=\u00a0\u00bbleft\u00a0\u00bb btn_left_background_bgcolor=\u00a0\u00bbgcid-e2dd3659-4165-4fce-a1ed-23b1e4a4d946&Prime; btn_left_icon_color=\u00a0\u00bb1&Prime; btn_right_background_bgcolor=\u00a0\u00bbgcid-e2dd3659-4165-4fce-a1ed-23b1e4a4d946&Prime; btn_right_icon_color=\u00a0\u00bb1&Prime; left_button=\u00a0\u00bbVisitez le site web de AMPELOS ASBL\u00a0\u00bb left_button_url=\u00a0\u00bbhttps:\/\/ampelos-asbl.org\/\u00a0\u00bb left_button_target=\u00a0\u00bbon\u00a0\u00bb _builder_version=\u00a0\u00bb4.27.4&Prime; _module_preset=\u00a0\u00bbdefault\u00a0\u00bb left_button_text_color=\u00a0\u00bb#FFFFFF\u00a0\u00bb right_button_text_color=\u00a0\u00bb#FFFFFF\u00a0\u00bb border_radii_left_button_wrapper=\u00a0\u00bbon|5px|5px|5px|5px\u00a0\u00bb box_shadow_style_left_button=\u00a0\u00bbpreset3&Prime; global_colors_info=\u00a0\u00bb{%22gcid-e2dd3659-4165-4fce-a1ed-23b1e4a4d946%22:%91%22btn_left_background_bgcolor%22%93}\u00a0\u00bb][\/difl_dual_button][et_pb_image src=\u00a0\u00bbhttps:\/\/lcli.lu\/wp-content\/uploads\/2025\/09\/logo-bianco.jpg\u00a0\u00bb title_text=\u00a0\u00bblogo bianco\u00a0\u00bb url=\u00a0\u00bbhttps:\/\/ampelos-asbl.org\/\u00a0\u00bb url_new_window=\u00a0\u00bbon\u00a0\u00bb _builder_version=\u00a0\u00bb4.27.4&Prime; _module_preset=\u00a0\u00bbdefault\u00a0\u00bb width=\u00a0\u00bb40%\u00a0\u00bb global_colors_info=\u00a0\u00bb{}\u00a0\u00bb][\/et_pb_image][\/et_pb_column][\/et_pb_row][\/et_pb_section]<\/p>\n","protected":false},"excerpt":{"rendered":"<p>\u00a0AMPELOS\u00a0\u00a0ASBL\u00a0 &nbsp; &nbsp; &nbsp; &nbsp;Des projets solidaires pour un avenir autonome\u00ab Ensemble,nous servons \u00bb Le Lions Club Luxembourg et l\u2019association Ampelos ASBL : un partenariat solidaire Le Lions Club Luxembourg soutient\u00a0Ampelos ASBL, une association cr\u00e9\u00e9e en 2021 qui agit dans des domaines essentiels tels que l\u2019\u00e9ducation, la sant\u00e9, l\u2019agriculture et l\u2019acc\u00e8s \u00e0 l\u2019eau potable. Tous [&hellip;]<\/p>\n","protected":false},"author":10,"featured_media":0,"parent":495,"menu_order":0,"comment_status":"closed","ping_status":"closed","template":"","meta":{"_et_pb_use_builder":"on","_et_pb_old_content":"","_et_gb_content_width":"","footnotes":""},"class_list":["post-3456","page","type-page","status-publish","hentry"],"_links":{"self":[{"href":"https:\/\/lcli.lu\/en\/wp-json\/wp\/v2\/pages\/3456","targetHints":{"allow":["GET"]}}],"collection":[{"href":"https:\/\/lcli.lu\/en\/wp-json\/wp\/v2\/pages"}],"about":[{"href":"https:\/\/lcli.lu\/en\/wp-json\/wp\/v2\/types\/page"}],"author":[{"embeddable":true,"href":"https:\/\/lcli.lu\/en\/wp-json\/wp\/v2\/users\/10"}],"replies":[{"embeddable":true,"href":"https:\/\/lcli.lu\/en\/wp-json\/wp\/v2\/comments?post=3456"}],"version-history":[{"count":19,"href":"https:\/\/lcli.lu\/en\/wp-json\/wp\/v2\/pages\/3456\/revisions"}],"predecessor-version":[{"id":3634,"href":"https:\/\/lcli.lu\/en\/wp-json\/wp\/v2\/pages\/3456\/revisions\/3634"}],"up":[{"embeddable":true,"href":"https:\/\/lcli.lu\/en\/wp-json\/wp\/v2\/pages\/495"}],"wp:attachment":[{"href":"https:\/\/lcli.lu\/en\/wp-json\/wp\/v2\/media?parent=3456"}],"curies":[{"name":"wp","href":"https:\/\/api.w.org\/{rel}","templated":true}]}}