

{"id":3638,"date":"2025-09-17T10:30:31","date_gmt":"2025-09-17T08:30:31","guid":{"rendered":"https:\/\/lcli.lu\/?page_id=3638"},"modified":"2025-09-19T10:20:49","modified_gmt":"2025-09-19T08:20:49","slug":"enso","status":"publish","type":"page","link":"https:\/\/lcli.lu\/en\/actions\/enso\/","title":{"rendered":"ENSO"},"content":{"rendered":"<p>[et_pb_section fb_built=\u00a0\u00bb1&Prime; fullwidth=\u00a0\u00bbon\u00a0\u00bb _builder_version=\u00a0\u00bb4.27.4&Prime; _module_preset=\u00a0\u00bbdefault\u00a0\u00bb background_image=\u00a0\u00bbhttps:\/\/lcli.lu\/wp-content\/uploads\/2025\/09\/header-1.jpg\u00a0\u00bb da_disable_devices=\u00a0\u00bboff|off|off\u00a0\u00bb global_colors_info=\u00a0\u00bb{}\u00a0\u00bb da_is_popup=\u00a0\u00bboff\u00a0\u00bb da_exit_intent=\u00a0\u00bboff\u00a0\u00bb da_has_close=\u00a0\u00bbon\u00a0\u00bb da_alt_close=\u00a0\u00bboff\u00a0\u00bb da_dark_close=\u00a0\u00bboff\u00a0\u00bb da_not_modal=\u00a0\u00bbon\u00a0\u00bb da_is_singular=\u00a0\u00bboff\u00a0\u00bb da_with_loader=\u00a0\u00bboff\u00a0\u00bb da_has_shadow=\u00a0\u00bbon\u00a0\u00bb][et_pb_fullwidth_header text_orientation=\u00a0\u00bbcenter\u00a0\u00bb background_overlay_color=\u00a0\u00bbrgba(0,0,0,0.36)\u00a0\u00bb _builder_version=\u00a0\u00bb4.27.4&Prime; _module_preset=\u00a0\u00bbdefault\u00a0\u00bb title_level=\u00a0\u00bbh2&Prime; title_font=\u00a0\u00bb|||on|||||\u00a0\u00bb background_enable_color=\u00a0\u00bboff\u00a0\u00bb background_enable_image=\u00a0\u00bboff\u00a0\u00bb global_colors_info=\u00a0\u00bb{}\u00a0\u00bb]<\/p>\n<h1 style=\"color: white; font-size: 60px; font-weight: 800; line-height: 73px;\"><mark style=\"background-color: #e30613; color: white !important;\"><\/mark><\/h1>\n<h1 style=\"color: white; font-size: 60px; font-weight: 800; line-height: 73px;\"><mark style=\"background-color: #e30613; color: white !important;\"><br \/>\u00a0ENSO\u00a0<br \/><\/mark><\/h1>\n<p>&nbsp;<\/p>\n<p>&nbsp;<\/p>\n<p>&nbsp;<\/p>\n<p>&nbsp;<\/p>\n<p>[\/et_pb_fullwidth_header][\/et_pb_section][et_pb_section fb_built=\u00a0\u00bb1&Prime; admin_label=\u00a0\u00bbsection\u00a0\u00bb _builder_version=\u00a0\u00bb4.16&Prime; custom_padding=\u00a0\u00bb||0px|||\u00a0\u00bb da_disable_devices=\u00a0\u00bboff|off|off\u00a0\u00bb global_colors_info=\u00a0\u00bb{}\u00a0\u00bb da_is_popup=\u00a0\u00bboff\u00a0\u00bb da_exit_intent=\u00a0\u00bboff\u00a0\u00bb da_has_close=\u00a0\u00bbon\u00a0\u00bb da_alt_close=\u00a0\u00bboff\u00a0\u00bb da_dark_close=\u00a0\u00bboff\u00a0\u00bb da_not_modal=\u00a0\u00bbon\u00a0\u00bb da_is_singular=\u00a0\u00bboff\u00a0\u00bb da_with_loader=\u00a0\u00bboff\u00a0\u00bb da_has_shadow=\u00a0\u00bbon\u00a0\u00bb][et_pb_row column_structure=\u00a0\u00bb1_3,2_3&Prime; admin_label=\u00a0\u00bbrow\u00a0\u00bb _builder_version=\u00a0\u00bb4.17.4&Prime; background_size=\u00a0\u00bbinitial\u00a0\u00bb background_position=\u00a0\u00bbtop_left\u00a0\u00bb background_repeat=\u00a0\u00bbrepeat\u00a0\u00bb custom_margin=\u00a0\u00bb||||false|false\u00a0\u00bb custom_padding=\u00a0\u00bb||70px||false|false\u00a0\u00bb global_colors_info=\u00a0\u00bb{}\u00a0\u00bb][et_pb_column type=\u00a0\u00bb1_3&Prime; _builder_version=\u00a0\u00bb4.17.4&Prime; custom_padding=\u00a0\u00bb|||\u00a0\u00bb sticky_position=\u00a0\u00bbtop\u00a0\u00bb sticky_offset_top=\u00a0\u00bb32px\u00a0\u00bb sticky_position_tablet=\u00a0\u00bbnone\u00a0\u00bb sticky_position_phone=\u00a0\u00bbnone\u00a0\u00bb sticky_position_last_edited=\u00a0\u00bbon|desktop\u00a0\u00bb global_colors_info=\u00a0\u00bb{}\u00a0\u00bb custom_padding__hover=\u00a0\u00bb|||\u00a0\u00bb][et_pb_text module_id=\u00a0\u00bbh2-inpage\u00a0\u00bb _builder_version=\u00a0\u00bb4.27.4&Prime; _module_preset=\u00a0\u00bbdefault\u00a0\u00bb text_font=\u00a0\u00bb|||on|||||\u00a0\u00bb text_text_color=\u00a0\u00bbgcid-698dcd22-d327-4ceb-b297-1ad55af2bc60&Prime; text_font_size=\u00a0\u00bb38px\u00a0\u00bb global_colors_info=\u00a0\u00bb{%22gcid-698dcd22-d327-4ceb-b297-1ad55af2bc60%22:%91%22text_text_color%22%93}\u00a0\u00bb]<\/p>\n<h2 style=\"font-size: 30px;\">SERVICE DE<br \/>\n<span class=\"h2-blue-color\" style=\"font-size: 30px;\">PEDICURE MEDICALE<\/span><\/h2>\n<p>[\/et_pb_text][et_pb_text module_id=\u00a0\u00bbh2-inpage\u00a0\u00bb _builder_version=\u00a0\u00bb4.18.0&Prime; _module_preset=\u00a0\u00bbdefault\u00a0\u00bb text_font=\u00a0\u00bb|||on|||||\u00a0\u00bb text_text_color=\u00a0\u00bbgcid-698dcd22-d327-4ceb-b297-1ad55af2bc60&Prime; text_font_size=\u00a0\u00bb38px\u00a0\u00bb global_colors_info=\u00a0\u00bb{%22gcid-698dcd22-d327-4ceb-b297-1ad55af2bc60%22:%91%22text_text_color%22%93}\u00a0\u00bb]<\/p>\n<h2 style=\"font-size: 25px; font-weight: 300;\"><span class=\"h2-blue-color\" style=\"font-size: 25px;\">\u00ab<\/span> Ensemble,<br \/>nous servons <span class=\"h2-blue-color\" style=\"font-size: 25px;\">\u00bb<\/span><\/h2>\n<p>[\/et_pb_text][\/et_pb_column][et_pb_column type=\u00a0\u00bb2_3&Prime; _builder_version=\u00a0\u00bb4.16&Prime; custom_padding=\u00a0\u00bb|||\u00a0\u00bb global_colors_info=\u00a0\u00bb{}\u00a0\u00bb custom_padding__hover=\u00a0\u00bb|||\u00a0\u00bb][et_pb_text admin_label=\u00a0\u00bbText\u00a0\u00bb _builder_version=\u00a0\u00bb4.27.4&Prime; background_size=\u00a0\u00bbinitial\u00a0\u00bb background_position=\u00a0\u00bbtop_left\u00a0\u00bb background_repeat=\u00a0\u00bbrepeat\u00a0\u00bb custom_padding=\u00a0\u00bb1px|||||\u00a0\u00bb hover_enabled=\u00a0\u00bb0&Prime; global_colors_info=\u00a0\u00bb{}\u00a0\u00bb sticky_enabled=\u00a0\u00bb0&Prime;]<\/p>\n<p><span>Le Lions Club Luxembourg International, en partenariat avec l\u2019Association SOURRIRE Asbl et avec la g\u00e9n\u00e9reuse implication b\u00e9n\u00e9vole de <strong>Mme Sophie Do Rego du Cabinet ENSO<\/strong>, a donn\u00e9 vie \u00e0 une belle initiative : \u00ab Samedi Bien-\u00catre \u00bb.<\/span><\/p>\n<p><span>L\u2019objectif ? Offrir aux femmes de l\u2019<strong>Association SOURRIRE<\/strong> un moment de d\u00e9tente, de r\u00e9confort et de bienveillance.<\/span><br \/><span>Dans une atmosph\u00e8re apaisante, accueillies dans les locaux du Cabinet ENSO \u00e0 Esch-sur-Alzette, une dizaine de femmes ont pu b\u00e9n\u00e9ficier de soins de p\u00e9dicure m\u00e9dicale prodigu\u00e9s avec attention par Sophie.<\/span><\/p>\n<p><span>Mais ce n\u2019est pas tout ! Chaque participante a \u00e9galement re\u00e7u un petit coffret de produits d\u2019hygi\u00e8ne et de beaut\u00e9, pour prolonger ce moment de bien-\u00eatre \u00e0 la maison.<\/span><\/p>\n<p><span>Ce projet n\u2019aurait pas vu le jour sans l\u2019enthousiasme et l\u2019engagement de nombreux b\u00e9n\u00e9voles. Tous partagent le m\u00eame souhait : voir na\u00eetre et grandir le sourire sur le visage de ces femmes courageuses, et leur offrir une parenth\u00e8se lumineuse dans leur quotidien<\/span><\/p>\n<div class=\"yj6qo\"><\/div>\n<div class=\"adL\"><\/div>\n<p><strong><a href=\"https:\/\/lcli.lu\/wp-content\/uploads\/2025\/09\/LIONS-SOURRIRE-Bienetre-Nicola-16.9.pptx\" target=\"_blank\" rel=\"noopener\"><span>Voir la pr\u00e9sentation<\/span><\/a><\/strong><\/p>\n<p>&nbsp;<\/p>\n<p>&nbsp;<\/p>\n<p><strong>CONTACT<\/strong><br \/>Cabinet ENSO<br \/>Sophie Do Rego<br \/>13, rue Xavier Brasseur (\u00e0 c\u00f4t\u00e9 de la Poste Centrale)<br \/>L &#8211; 4040 Esch sur Alzette<br \/>T\u00e9l. : +352 26 54 00 48<\/p>\n<p>[\/et_pb_text][et_pb_image src=\u00a0\u00bbhttps:\/\/lcli.lu\/wp-content\/uploads\/2025\/09\/ENSO_3.jpg\u00a0\u00bb title_text=\u00a0\u00bbENSO_3&Prime; url=\u00a0\u00bbhttps:\/\/ensophie.lu\/\u00a0\u00bb url_new_window=\u00a0\u00bbon\u00a0\u00bb _builder_version=\u00a0\u00bb4.27.4&Prime; _module_preset=\u00a0\u00bbdefault\u00a0\u00bb width=\u00a0\u00bb40%\u00a0\u00bb global_colors_info=\u00a0\u00bb{}\u00a0\u00bb][\/et_pb_image][\/et_pb_column][\/et_pb_row][\/et_pb_section]<\/p>\n","protected":false},"excerpt":{"rendered":"<p>\u00a0ENSO\u00a0 &nbsp; &nbsp; &nbsp; &nbsp;SERVICE DE PEDICURE MEDICALE\u00ab Ensemble,nous servons \u00bbLe Lions Club Luxembourg International, en partenariat avec l\u2019Association SOURRIRE Asbl et avec la g\u00e9n\u00e9reuse implication b\u00e9n\u00e9vole de Mme Sophie Do Rego du Cabinet ENSO, a donn\u00e9 vie \u00e0 une belle initiative : \u00ab Samedi Bien-\u00catre \u00bb. L\u2019objectif ? Offrir aux femmes de l\u2019Association SOURRIRE [&hellip;]<\/p>\n","protected":false},"author":10,"featured_media":0,"parent":495,"menu_order":0,"comment_status":"closed","ping_status":"closed","template":"","meta":{"_et_pb_use_builder":"on","_et_pb_old_content":"","_et_gb_content_width":"","footnotes":""},"class_list":["post-3638","page","type-page","status-publish","hentry"],"_links":{"self":[{"href":"https:\/\/lcli.lu\/en\/wp-json\/wp\/v2\/pages\/3638","targetHints":{"allow":["GET"]}}],"collection":[{"href":"https:\/\/lcli.lu\/en\/wp-json\/wp\/v2\/pages"}],"about":[{"href":"https:\/\/lcli.lu\/en\/wp-json\/wp\/v2\/types\/page"}],"author":[{"embeddable":true,"href":"https:\/\/lcli.lu\/en\/wp-json\/wp\/v2\/users\/10"}],"replies":[{"embeddable":true,"href":"https:\/\/lcli.lu\/en\/wp-json\/wp\/v2\/comments?post=3638"}],"version-history":[{"count":10,"href":"https:\/\/lcli.lu\/en\/wp-json\/wp\/v2\/pages\/3638\/revisions"}],"predecessor-version":[{"id":3712,"href":"https:\/\/lcli.lu\/en\/wp-json\/wp\/v2\/pages\/3638\/revisions\/3712"}],"up":[{"embeddable":true,"href":"https:\/\/lcli.lu\/en\/wp-json\/wp\/v2\/pages\/495"}],"wp:attachment":[{"href":"https:\/\/lcli.lu\/en\/wp-json\/wp\/v2\/media?parent=3638"}],"curies":[{"name":"wp","href":"https:\/\/api.w.org\/{rel}","templated":true}]}}