

{"id":495,"date":"2022-07-02T17:54:41","date_gmt":"2022-07-02T15:54:41","guid":{"rendered":"https:\/\/lcli.lu\/?page_id=495"},"modified":"2025-09-08T11:09:49","modified_gmt":"2025-09-08T09:09:49","slug":"actions","status":"publish","type":"page","link":"https:\/\/lcli.lu\/en\/actions\/","title":{"rendered":"Actions"},"content":{"rendered":"<p>[et_pb_section fb_built=\u00a0\u00bb1&Prime; fullwidth=\u00a0\u00bbon\u00a0\u00bb _builder_version=\u00a0\u00bb4.17.4&Prime; _module_preset=\u00a0\u00bbdefault\u00a0\u00bb background_image=\u00a0\u00bbhttps:\/\/lcli.lu\/wp-content\/uploads\/2022\/07\/joel-muniz-A4Ax1ApccfA-unsplash.jpeg\u00a0\u00bb width=\u00a0\u00bb100%\u00a0\u00bb da_disable_devices=\u00a0\u00bboff|off|off\u00a0\u00bb global_colors_info=\u00a0\u00bb{}\u00a0\u00bb da_is_popup=\u00a0\u00bboff\u00a0\u00bb da_exit_intent=\u00a0\u00bboff\u00a0\u00bb da_has_close=\u00a0\u00bbon\u00a0\u00bb da_alt_close=\u00a0\u00bboff\u00a0\u00bb da_dark_close=\u00a0\u00bboff\u00a0\u00bb da_not_modal=\u00a0\u00bbon\u00a0\u00bb da_is_singular=\u00a0\u00bboff\u00a0\u00bb da_with_loader=\u00a0\u00bboff\u00a0\u00bb da_has_shadow=\u00a0\u00bbon\u00a0\u00bb][et_pb_fullwidth_header text_orientation=\u00a0\u00bbcenter\u00a0\u00bb button_one_url=\u00a0\u00bb#\u00a0\u00bb background_overlay_color=\u00a0\u00bbrgba(0,0,0,0.36)\u00a0\u00bb content_max_width=\u00a0\u00bb80%\u00a0\u00bb _builder_version=\u00a0\u00bb4.27.4&Prime; _module_preset=\u00a0\u00bbdefault\u00a0\u00bb title_font_size=\u00a0\u00bb57px\u00a0\u00bb title_line_height=\u00a0\u00bb1.4em\u00a0\u00bb content_font=\u00a0\u00bb|||on|||||\u00a0\u00bb content_font_size=\u00a0\u00bb19px\u00a0\u00bb background_enable_color=\u00a0\u00bboff\u00a0\u00bb background_enable_image=\u00a0\u00bboff\u00a0\u00bb custom_button_one=\u00a0\u00bbon\u00a0\u00bb button_one_text_size=\u00a0\u00bb24px\u00a0\u00bb button_one_text_color=\u00a0\u00bb#FFFFFF\u00a0\u00bb button_one_bg_color=\u00a0\u00bb#128cdc\u00a0\u00bb button_one_border_width=\u00a0\u00bb0px\u00a0\u00bb button_one_border_color=\u00a0\u00bb#FFFFFF\u00a0\u00bb button_one_letter_spacing=\u00a0\u00bb0px\u00a0\u00bb button_one_font=\u00a0\u00bb|||on|||||\u00a0\u00bb button_one_custom_margin=\u00a0\u00bb80px||||false|false\u00a0\u00bb custom_button_two=\u00a0\u00bbon\u00a0\u00bb button_two_text_size=\u00a0\u00bb24px\u00a0\u00bb button_two_text_color=\u00a0\u00bb#0C71C3&Prime; button_two_bg_color=\u00a0\u00bb#FFFFFF\u00a0\u00bb button_two_border_width=\u00a0\u00bb0px\u00a0\u00bb button_two_font=\u00a0\u00bb|||on|||||\u00a0\u00bb min_height=\u00a0\u00bb232px\u00a0\u00bb custom_margin=\u00a0\u00bb||||false|false\u00a0\u00bb hover_enabled=\u00a0\u00bb0&Prime; box_shadow_style_button_one=\u00a0\u00bbpreset1&Prime; global_colors_info=\u00a0\u00bb{}\u00a0\u00bb sticky_enabled=\u00a0\u00bb0&Prime;]<\/p>\n<h1 style=\"color: white; font-size: 60px; font-weight: 800; line-height: 73px;\"><mark style=\"background-color: #e30613; color: white !important;\"><br \/>\u00a0PARTENARIATS\u00a0<\/p>\n<p><\/mark><\/h1>\n<p><mark style=\"background-color: #e30613; color: white !important;\"><\/mark><\/p>\n<p>&nbsp;<\/p>\n<p>[\/et_pb_fullwidth_header][\/et_pb_section][et_pb_section fb_built=\u00a0\u00bb1&Prime; admin_label=\u00a0\u00bbsection\u00a0\u00bb _builder_version=\u00a0\u00bb4.16&Prime; custom_padding=\u00a0\u00bb||0px|||\u00a0\u00bb da_disable_devices=\u00a0\u00bboff|off|off\u00a0\u00bb global_colors_info=\u00a0\u00bb{}\u00a0\u00bb da_is_popup=\u00a0\u00bboff\u00a0\u00bb da_exit_intent=\u00a0\u00bboff\u00a0\u00bb da_has_close=\u00a0\u00bbon\u00a0\u00bb da_alt_close=\u00a0\u00bboff\u00a0\u00bb da_dark_close=\u00a0\u00bboff\u00a0\u00bb da_not_modal=\u00a0\u00bbon\u00a0\u00bb da_is_singular=\u00a0\u00bboff\u00a0\u00bb da_with_loader=\u00a0\u00bboff\u00a0\u00bb da_has_shadow=\u00a0\u00bbon\u00a0\u00bb][et_pb_row column_structure=\u00a0\u00bb1_3,2_3&Prime; admin_label=\u00a0\u00bbrow\u00a0\u00bb _builder_version=\u00a0\u00bb4.17.4&Prime; background_size=\u00a0\u00bbinitial\u00a0\u00bb background_position=\u00a0\u00bbtop_left\u00a0\u00bb background_repeat=\u00a0\u00bbrepeat\u00a0\u00bb custom_margin=\u00a0\u00bb||||false|false\u00a0\u00bb custom_padding=\u00a0\u00bb||70px||false|false\u00a0\u00bb global_colors_info=\u00a0\u00bb{}\u00a0\u00bb][et_pb_column type=\u00a0\u00bb1_3&Prime; _builder_version=\u00a0\u00bb4.17.4&Prime; custom_padding=\u00a0\u00bb|||\u00a0\u00bb sticky_position=\u00a0\u00bbtop\u00a0\u00bb sticky_offset_top=\u00a0\u00bb32px\u00a0\u00bb sticky_position_tablet=\u00a0\u00bbnone\u00a0\u00bb sticky_position_phone=\u00a0\u00bbnone\u00a0\u00bb sticky_position_last_edited=\u00a0\u00bbon|tablet\u00a0\u00bb global_colors_info=\u00a0\u00bb{}\u00a0\u00bb custom_padding__hover=\u00a0\u00bb|||\u00a0\u00bb][et_pb_text module_id=\u00a0\u00bbh2-inpage\u00a0\u00bb _builder_version=\u00a0\u00bb4.18.0&Prime; _module_preset=\u00a0\u00bbdefault\u00a0\u00bb text_font=\u00a0\u00bb|||on|||||\u00a0\u00bb text_text_color=\u00a0\u00bbgcid-698dcd22-d327-4ceb-b297-1ad55af2bc60&Prime; text_font_size=\u00a0\u00bb38px\u00a0\u00bb global_colors_info=\u00a0\u00bb{%22gcid-698dcd22-d327-4ceb-b297-1ad55af2bc60%22:%91%22text_text_color%22%93}\u00a0\u00bb]<\/p>\n<h2 style=\"font-size: 30px;\">PARTENARIATS<br \/>\n<span style=\"color: #0099ff;\">DU CLUB<\/span><\/h2>\n<p>[\/et_pb_text][et_pb_text module_id=\u00a0\u00bbh2-inpage\u00a0\u00bb _builder_version=\u00a0\u00bb4.17.4&Prime; _module_preset=\u00a0\u00bbdefault\u00a0\u00bb text_font=\u00a0\u00bb|||on|||||\u00a0\u00bb text_text_color=\u00a0\u00bbgcid-698dcd22-d327-4ceb-b297-1ad55af2bc60&Prime; text_font_size=\u00a0\u00bb38px\u00a0\u00bb global_colors_info=\u00a0\u00bb{%22gcid-698dcd22-d327-4ceb-b297-1ad55af2bc60%22:%91%22text_text_color%22%93}\u00a0\u00bb]<\/p>\n<h2 style=\"font-size: 25px; font-weight: 300;\"><span class=\"h2-blue-color\" style=\"font-size: 25px;\">\u00ab<\/span> Ensemble, <br \/>nous servons <span class=\"h2-blue-color\" style=\"font-size: 25px;\">\u00bb<\/span><\/h2>\n<p>[\/et_pb_text][\/et_pb_column][et_pb_column type=\u00a0\u00bb2_3&Prime; _builder_version=\u00a0\u00bb4.16&Prime; custom_padding=\u00a0\u00bb|||\u00a0\u00bb global_colors_info=\u00a0\u00bb{}\u00a0\u00bb custom_padding__hover=\u00a0\u00bb|||\u00a0\u00bb][et_pb_text admin_label=\u00a0\u00bbText\u00a0\u00bb _builder_version=\u00a0\u00bb4.27.4&Prime; background_size=\u00a0\u00bbinitial\u00a0\u00bb background_position=\u00a0\u00bbtop_left\u00a0\u00bb background_repeat=\u00a0\u00bbrepeat\u00a0\u00bb custom_padding=\u00a0\u00bb1px|||||\u00a0\u00bb hover_enabled=\u00a0\u00bb0&Prime; global_colors_info=\u00a0\u00bb{}\u00a0\u00bb sticky_enabled=\u00a0\u00bb0&Prime;]<\/p>\n<p style=\"font-weight: 400;\"><strong>Nos associations partenaires<\/strong><\/p>\n<p style=\"font-weight: 400;\">Au Lions Club Luxembourg International, nous croyons que la solidarit\u00e9 prend tout son sens lorsqu\u2019elle se construit ensemble.<\/p>\n<p style=\"font-weight: 400;\">C\u2019est pourquoi nous soutenons et accompagnons diff\u00e9rentes associations locales et internationales qui partagent nos valeurs d\u2019entraide, de respect et de dignit\u00e9 humaine.<\/p>\n<p style=\"font-weight: 400;\">\u00c0 travers des dons, des actions communes et des initiatives concr\u00e8tes, nous contribuons \u00e0 renforcer leur impact et \u00e0 donner plus de visibilit\u00e9 \u00e0 leur engagement.<\/p>\n<p style=\"font-weight: 400;\">Ensemble, nous faisons grandir des projets qui am\u00e9liorent la vie de nombreuses personnes, ici au Luxembourg comme ailleurs dans le monde.<\/p>\n<p style=\"font-weight: 400;\"><strong><a href=\"https:\/\/banquealimentaire.lu\/\" target=\"_blank\" rel=\"noopener\">BANQUE ALIMENTAIRE DE LUXEMBOURG Asbl<\/a><\/strong><br \/><strong><a href=\"https:\/\/sourrireasbl.lu\/\" target=\"_blank\" rel=\"noopener\">SOURRIRE Asbl<\/a><\/strong><br \/><strong><a href=\"https:\/\/ampelos-asbl.org\/\" target=\"_blank\" rel=\"noopener\">AMPELOS Asbl<\/a><\/strong><\/p>\n<p>[\/et_pb_text][et_pb_divider _builder_version=\u00a0\u00bb4.17.4&Prime; _module_preset=\u00a0\u00bbdefault\u00a0\u00bb global_colors_info=\u00a0\u00bb{}\u00a0\u00bb][\/et_pb_divider][et_pb_text admin_label=\u00a0\u00bbText\u00a0\u00bb _builder_version=\u00a0\u00bb4.17.4&Prime; background_size=\u00a0\u00bbinitial\u00a0\u00bb background_position=\u00a0\u00bbtop_left\u00a0\u00bb background_repeat=\u00a0\u00bbrepeat\u00a0\u00bb custom_padding=\u00a0\u00bb1px|||||\u00a0\u00bb global_colors_info=\u00a0\u00bb{}\u00a0\u00bb]<\/p>\n<p><strong>D\u00e9couvrez les belles histoires de services des Lions dans le monde<\/strong><\/p>\n<p>[\/et_pb_text][difl_dual_button alignment=\u00a0\u00bbleft\u00a0\u00bb btn_left_background_bgcolor=\u00a0\u00bbgcid-e2dd3659-4165-4fce-a1ed-23b1e4a4d946&Prime; btn_left_icon_color=\u00a0\u00bb1&Prime; btn_right_background_bgcolor=\u00a0\u00bbgcid-e2dd3659-4165-4fce-a1ed-23b1e4a4d946&Prime; btn_right_icon_color=\u00a0\u00bb1&Prime; left_button=\u00a0\u00bbLes Lions dans le monde  \u00a0\u00bb left_button_url=\u00a0\u00bbhttps:\/\/lionsclubs.org\/fr\/explore-our-clubs\/service-stories\u00a0\u00bb left_button_target=\u00a0\u00bbon\u00a0\u00bb _builder_version=\u00a0\u00bb4.17.4&Prime; _module_preset=\u00a0\u00bbdefault\u00a0\u00bb left_button_text_color=\u00a0\u00bb#FFFFFF\u00a0\u00bb right_button_text_color=\u00a0\u00bb#FFFFFF\u00a0\u00bb border_radii_left_button_wrapper=\u00a0\u00bbon|5px|5px|5px|5px\u00a0\u00bb box_shadow_style_left_button=\u00a0\u00bbpreset3&Prime; global_colors_info=\u00a0\u00bb{%22gcid-e2dd3659-4165-4fce-a1ed-23b1e4a4d946%22:%91%22btn_left_background_bgcolor%22%93}\u00a0\u00bb][\/difl_dual_button][difl_dual_button alignment=\u00a0\u00bbleft\u00a0\u00bb btn_left_background_bgcolor=\u00a0\u00bbgcid-e2dd3659-4165-4fce-a1ed-23b1e4a4d946&Prime; btn_left_icon_color=\u00a0\u00bb1&Prime; btn_right_background_bgcolor=\u00a0\u00bbgcid-e2dd3659-4165-4fce-a1ed-23b1e4a4d946&Prime; btn_right_icon_color=\u00a0\u00bb1&Prime; left_button=\u00a0\u00bbLe district 113&Prime; left_button_url=\u00a0\u00bbhttps:\/\/lions.lu\/fr\/\u00a0\u00bb left_button_target=\u00a0\u00bbon\u00a0\u00bb _builder_version=\u00a0\u00bb4.18.0&Prime; _module_preset=\u00a0\u00bbdefault\u00a0\u00bb left_button_text_color=\u00a0\u00bb#FFFFFF\u00a0\u00bb right_button_text_color=\u00a0\u00bb#FFFFFF\u00a0\u00bb border_radii_left_button_wrapper=\u00a0\u00bbon|5px|5px|5px|5px\u00a0\u00bb box_shadow_style_left_button=\u00a0\u00bbpreset3&Prime; global_colors_info=\u00a0\u00bb{%22gcid-e2dd3659-4165-4fce-a1ed-23b1e4a4d946%22:%91%22btn_left_background_bgcolor%22%93}\u00a0\u00bb][\/difl_dual_button][\/et_pb_column][\/et_pb_row][\/et_pb_section]<\/p>\n","protected":false},"excerpt":{"rendered":"<p>\u00a0PARTENARIATS\u00a0 &nbsp;PARTENARIATS DU CLUB\u00ab Ensemble, nous servons \u00bbNos associations partenaires Au Lions Club Luxembourg International, nous croyons que la solidarit\u00e9 prend tout son sens lorsqu\u2019elle se construit ensemble. C\u2019est pourquoi nous soutenons et accompagnons diff\u00e9rentes associations locales et internationales qui partagent nos valeurs d\u2019entraide, de respect et de dignit\u00e9 humaine. \u00c0 travers des dons, des [&hellip;]<\/p>\n","protected":false},"author":1,"featured_media":0,"parent":0,"menu_order":0,"comment_status":"closed","ping_status":"closed","template":"","meta":{"_et_pb_use_builder":"on","_et_pb_old_content":"","_et_gb_content_width":"","footnotes":""},"class_list":["post-495","page","type-page","status-publish","hentry"],"_links":{"self":[{"href":"https:\/\/lcli.lu\/en\/wp-json\/wp\/v2\/pages\/495","targetHints":{"allow":["GET"]}}],"collection":[{"href":"https:\/\/lcli.lu\/en\/wp-json\/wp\/v2\/pages"}],"about":[{"href":"https:\/\/lcli.lu\/en\/wp-json\/wp\/v2\/types\/page"}],"author":[{"embeddable":true,"href":"https:\/\/lcli.lu\/en\/wp-json\/wp\/v2\/users\/1"}],"replies":[{"embeddable":true,"href":"https:\/\/lcli.lu\/en\/wp-json\/wp\/v2\/comments?post=495"}],"version-history":[{"count":23,"href":"https:\/\/lcli.lu\/en\/wp-json\/wp\/v2\/pages\/495\/revisions"}],"predecessor-version":[{"id":3513,"href":"https:\/\/lcli.lu\/en\/wp-json\/wp\/v2\/pages\/495\/revisions\/3513"}],"wp:attachment":[{"href":"https:\/\/lcli.lu\/en\/wp-json\/wp\/v2\/media?parent=495"}],"curies":[{"name":"wp","href":"https:\/\/api.w.org\/{rel}","templated":true}]}}