

{"id":565,"date":"2022-07-07T10:49:13","date_gmt":"2022-07-07T08:49:13","guid":{"rendered":"https:\/\/lcli.lu\/?page_id=565"},"modified":"2024-03-04T11:52:37","modified_gmt":"2024-03-04T09:52:37","slug":"activites","status":"publish","type":"page","link":"https:\/\/lcli.lu\/en\/activites\/","title":{"rendered":"Activities"},"content":{"rendered":"<p>[et_pb_section fb_built=\u00a0\u00bb1&Prime; fullwidth=\u00a0\u00bbon\u00a0\u00bb _builder_version=\u00a0\u00bb4.17.4&Prime; _module_preset=\u00a0\u00bbdefault\u00a0\u00bb background_image=\u00a0\u00bbhttps:\/\/lcli.lu\/wp-content\/uploads\/2022\/07\/IMG_1560.jpg\u00a0\u00bb width=\u00a0\u00bb100%\u00a0\u00bb da_disable_devices=\u00a0\u00bboff|off|off\u00a0\u00bb global_colors_info=\u00a0\u00bb{}\u00a0\u00bb da_is_popup=\u00a0\u00bboff\u00a0\u00bb da_exit_intent=\u00a0\u00bboff\u00a0\u00bb da_has_close=\u00a0\u00bbon\u00a0\u00bb da_alt_close=\u00a0\u00bboff\u00a0\u00bb da_dark_close=\u00a0\u00bboff\u00a0\u00bb da_not_modal=\u00a0\u00bbon\u00a0\u00bb da_is_singular=\u00a0\u00bboff\u00a0\u00bb da_with_loader=\u00a0\u00bboff\u00a0\u00bb da_has_shadow=\u00a0\u00bbon\u00a0\u00bb][et_pb_fullwidth_header text_orientation=\u00a0\u00bbcenter\u00a0\u00bb button_one_url=\u00a0\u00bb#\u00a0\u00bb background_overlay_color=\u00a0\u00bbrgba(0,0,0,0.36)\u00a0\u00bb content_max_width=\u00a0\u00bb80%\u00a0\u00bb _builder_version=\u00a0\u00bb4.17.6&Prime; _module_preset=\u00a0\u00bbdefault\u00a0\u00bb title_font_size=\u00a0\u00bb57px\u00a0\u00bb title_line_height=\u00a0\u00bb1.4em\u00a0\u00bb content_font=\u00a0\u00bb|||on|||||\u00a0\u00bb content_font_size=\u00a0\u00bb19px\u00a0\u00bb background_enable_color=\u00a0\u00bboff\u00a0\u00bb background_enable_image=\u00a0\u00bboff\u00a0\u00bb custom_button_one=\u00a0\u00bbon\u00a0\u00bb button_one_text_size=\u00a0\u00bb24px\u00a0\u00bb button_one_text_color=\u00a0\u00bb#FFFFFF\u00a0\u00bb button_one_bg_color=\u00a0\u00bb#128cdc\u00a0\u00bb button_one_border_width=\u00a0\u00bb0px\u00a0\u00bb button_one_border_color=\u00a0\u00bb#FFFFFF\u00a0\u00bb button_one_letter_spacing=\u00a0\u00bb0px\u00a0\u00bb button_one_font=\u00a0\u00bb|||on|||||\u00a0\u00bb button_one_custom_margin=\u00a0\u00bb80px||||false|false\u00a0\u00bb custom_button_two=\u00a0\u00bbon\u00a0\u00bb button_two_text_size=\u00a0\u00bb24px\u00a0\u00bb button_two_text_color=\u00a0\u00bb#0C71C3&Prime; button_two_bg_color=\u00a0\u00bb#FFFFFF\u00a0\u00bb button_two_border_width=\u00a0\u00bb0px\u00a0\u00bb button_two_font=\u00a0\u00bb|||on|||||\u00a0\u00bb min_height=\u00a0\u00bb232px\u00a0\u00bb custom_margin=\u00a0\u00bb||||false|false\u00a0\u00bb box_shadow_style_button_one=\u00a0\u00bbpreset1&Prime; global_colors_info=\u00a0\u00bb{}\u00a0\u00bb]<\/p>\n<h1 style=\"color: white; font-size: 60px; font-weight: 800; line-height: 73px;\"><mark style=\"background-color: #e30613; color: white !important;\">\u00a0Activit\u00e9s\u00a0<\/mark><\/h1>\n<p>[\/et_pb_fullwidth_header][\/et_pb_section][et_pb_section fb_built=\u00a0\u00bb1&Prime; admin_label=\u00a0\u00bbsection\u00a0\u00bb _builder_version=\u00a0\u00bb4.16&Prime; custom_padding=\u00a0\u00bb||0px|||\u00a0\u00bb da_disable_devices=\u00a0\u00bboff|off|off\u00a0\u00bb global_colors_info=\u00a0\u00bb{}\u00a0\u00bb da_is_popup=\u00a0\u00bboff\u00a0\u00bb da_exit_intent=\u00a0\u00bboff\u00a0\u00bb da_has_close=\u00a0\u00bbon\u00a0\u00bb da_alt_close=\u00a0\u00bboff\u00a0\u00bb da_dark_close=\u00a0\u00bboff\u00a0\u00bb da_not_modal=\u00a0\u00bbon\u00a0\u00bb da_is_singular=\u00a0\u00bboff\u00a0\u00bb da_with_loader=\u00a0\u00bboff\u00a0\u00bb da_has_shadow=\u00a0\u00bbon\u00a0\u00bb][et_pb_row column_structure=\u00a0\u00bb1_3,2_3&Prime; admin_label=\u00a0\u00bbrow\u00a0\u00bb _builder_version=\u00a0\u00bb4.17.4&Prime; background_size=\u00a0\u00bbinitial\u00a0\u00bb background_position=\u00a0\u00bbtop_left\u00a0\u00bb background_repeat=\u00a0\u00bbrepeat\u00a0\u00bb custom_margin=\u00a0\u00bb||||false|false\u00a0\u00bb custom_padding=\u00a0\u00bb||35px||false|false\u00a0\u00bb global_colors_info=\u00a0\u00bb{}\u00a0\u00bb][et_pb_column type=\u00a0\u00bb1_3&Prime; _builder_version=\u00a0\u00bb4.17.4&Prime; custom_padding=\u00a0\u00bb|||\u00a0\u00bb sticky_position=\u00a0\u00bbtop\u00a0\u00bb sticky_offset_top=\u00a0\u00bb32px\u00a0\u00bb sticky_limit_bottom=\u00a0\u00bbrow\u00a0\u00bb sticky_position_tablet=\u00a0\u00bbnone\u00a0\u00bb sticky_position_phone=\u00a0\u00bbnone\u00a0\u00bb sticky_position_last_edited=\u00a0\u00bbon|desktop\u00a0\u00bb global_colors_info=\u00a0\u00bb{}\u00a0\u00bb custom_padding__hover=\u00a0\u00bb|||\u00a0\u00bb][et_pb_text module_id=\u00a0\u00bbh2-inpage\u00a0\u00bb _builder_version=\u00a0\u00bb4.18.0&Prime; _module_preset=\u00a0\u00bbdefault\u00a0\u00bb text_font=\u00a0\u00bb|||on|||||\u00a0\u00bb text_text_color=\u00a0\u00bbgcid-698dcd22-d327-4ceb-b297-1ad55af2bc60&Prime; text_font_size=\u00a0\u00bb38px\u00a0\u00bb global_colors_info=\u00a0\u00bb{%22gcid-698dcd22-d327-4ceb-b297-1ad55af2bc60%22:%91%22text_text_color%22%93}\u00a0\u00bb]<\/p>\n<h2 style=\"font-size: 36px;\">Nos<br \/>\n<span class=\"h2-blue-color\" style=\"font-size: 36px;\">Activit\u00e9s<\/span><\/h2>\n<p>[\/et_pb_text][et_pb_text module_id=\u00a0\u00bbh2-inpage\u00a0\u00bb _builder_version=\u00a0\u00bb4.17.4&Prime; _module_preset=\u00a0\u00bbdefault\u00a0\u00bb text_font=\u00a0\u00bb|||on|||||\u00a0\u00bb text_text_color=\u00a0\u00bbgcid-698dcd22-d327-4ceb-b297-1ad55af2bc60&Prime; text_font_size=\u00a0\u00bb38px\u00a0\u00bb global_colors_info=\u00a0\u00bb{%22gcid-698dcd22-d327-4ceb-b297-1ad55af2bc60%22:%91%22text_text_color%22%93}\u00a0\u00bb]<\/p>\n<h2 style=\"font-size: 25px; font-weight: 300;\"><span class=\"h2-blue-color\" style=\"font-size: 25px;\">\u00ab<\/span> Comment soutenir nos actions ?<span class=\"h2-blue-color\" style=\"font-size: 25px;\">\u00bb<\/span><\/h2>\n<p>[\/et_pb_text][\/et_pb_column][et_pb_column type=\u00a0\u00bb2_3&Prime; _builder_version=\u00a0\u00bb4.16&Prime; custom_padding=\u00a0\u00bb|||\u00a0\u00bb global_colors_info=\u00a0\u00bb{}\u00a0\u00bb custom_padding__hover=\u00a0\u00bb|||\u00a0\u00bb][et_pb_text admin_label=\u00a0\u00bbText\u00a0\u00bb _builder_version=\u00a0\u00bb4.18.0&Prime; text_font=\u00a0\u00bb||||||||\u00a0\u00bb background_size=\u00a0\u00bbinitial\u00a0\u00bb background_position=\u00a0\u00bbtop_left\u00a0\u00bb background_repeat=\u00a0\u00bbrepeat\u00a0\u00bb custom_padding=\u00a0\u00bb1px|||||\u00a0\u00bb global_colors_info=\u00a0\u00bb{}\u00a0\u00bb]<\/p>\n<p><span style=\"font-size: x-large;\"><strong>Le challenge de tout club est de trouver les moyens de ses ambitions.<\/strong><\/span><\/p>\n<p>Comme tous les Lions, la volont\u00e9 des membres de notre club est de \u00ab servir \u00bb<span>\u00a0<\/span>la communaut\u00e9 dans laquelle nous \u00e9voluons mais aussi d\u2019y trouver leur propre compte en participant \u00e0<span>\u00a0<\/span>activit\u00e9s\u00a0enrichissantes et ludiques.<\/p>\n<p>Financer nos actions sociales<span>\u00a0<\/span>n\u2019emp\u00eache pas de nous amuser en m\u00eame temps, de faire de belles rencontres, ni de rester au courant des grandes tendances, technologiques ou sociales.<\/p>\n<p>Notre club organise une vari\u00e9t\u00e9 d&rsquo;actions, voici un aper\u00e7u :<\/p>\n<ul>\n<li><span style=\"text-decoration: underline;\"><a href=\"https:\/\/lcli.lu\/activites\/gala-de-charite\/\"><strong><u>Gala de Charit\u00e9<\/u><\/strong><\/a><\/span> : <span style=\"color: #000000;\">d\u00eener gastronomique concoct\u00e9 par des chefs de renom;<\/span><\/li>\n<li><span style=\"font-size: 16px; text-decoration-line: underline;\"><a href=\"https:\/\/lcli.lu\/evenements\/we-rallye\/\"><strong>We Rallye<\/strong><\/a><\/span><span style=\"font-size: 16px;\"> : <span>rallye touristique \u00e0 la d\u00e9couverte du Luxembourg et de la grande r\u00e9gion;<\/span><\/span><\/li>\n<li><span style=\"text-decoration: underline;\"><a href=\"https:\/\/lcli.lu\/activites\/we-petanque\/\"><strong>We P\u00e9tanque<\/strong><\/a><\/span>: <span>\u00a0<\/span><span>troph\u00e9e de p\u00e9tanque au Boulodrome National de Belvaux;<\/span><\/li>\n<li><span style=\"text-decoration: underline;\"><a href=\"https:\/\/lcli.lu\/activites\/we-post\/\"><strong>We Post<\/strong><\/a><\/span> : <span>vente de timbres postaux au logo de notre club;<\/span><\/li>\n<li><strong><span style=\"color: #e02b20;\">We Quizz<\/span><\/strong><span style=\"font-size: 16px;\"> : blind test musical;\u00a0<\/span><\/li>\n<\/ul>\n<p><em>En plus nous organisons r\u00e9guli\u00e8rement des conf\u00e9rences th\u00e9matiques ouvertes au public : nous avons ainsi re\u00e7u des experts pour nous parler de l\u2019internet des objets, de l\u2019\u00e9tat des recherches sur la maladie d\u2019Alzheimer au Luxembourg, de la fili\u00e8re du bois, du blockchain, de l\u2019intelligence artificielle, de la musique et les \u00e9motions, du metaverse, de la voiture autonome, de l&rsquo;histoire du Grand Duch\u00e9 du Luxembourg etc.<\/em><\/p>\n<p>[\/et_pb_text][\/et_pb_column][\/et_pb_row][\/et_pb_section]<\/p>\n","protected":false},"excerpt":{"rendered":"<p>\u00a0Activit\u00e9s\u00a0Nos Activit\u00e9s\u00ab Comment soutenir nos actions ?\u00bbLe challenge de tout club est de trouver les moyens de ses ambitions. Comme tous les Lions, la volont\u00e9 des membres de notre club est de \u00ab servir \u00bb\u00a0la communaut\u00e9 dans laquelle nous \u00e9voluons mais aussi d\u2019y trouver leur propre compte en participant \u00e0\u00a0activit\u00e9s\u00a0enrichissantes et ludiques. Financer nos actions [&hellip;]<\/p>\n","protected":false},"author":1,"featured_media":0,"parent":0,"menu_order":0,"comment_status":"closed","ping_status":"closed","template":"","meta":{"_et_pb_use_builder":"on","_et_pb_old_content":"","_et_gb_content_width":"","footnotes":""},"class_list":["post-565","page","type-page","status-publish","hentry"],"_links":{"self":[{"href":"https:\/\/lcli.lu\/en\/wp-json\/wp\/v2\/pages\/565","targetHints":{"allow":["GET"]}}],"collection":[{"href":"https:\/\/lcli.lu\/en\/wp-json\/wp\/v2\/pages"}],"about":[{"href":"https:\/\/lcli.lu\/en\/wp-json\/wp\/v2\/types\/page"}],"author":[{"embeddable":true,"href":"https:\/\/lcli.lu\/en\/wp-json\/wp\/v2\/users\/1"}],"replies":[{"embeddable":true,"href":"https:\/\/lcli.lu\/en\/wp-json\/wp\/v2\/comments?post=565"}],"version-history":[{"count":34,"href":"https:\/\/lcli.lu\/en\/wp-json\/wp\/v2\/pages\/565\/revisions"}],"predecessor-version":[{"id":2083,"href":"https:\/\/lcli.lu\/en\/wp-json\/wp\/v2\/pages\/565\/revisions\/2083"}],"wp:attachment":[{"href":"https:\/\/lcli.lu\/en\/wp-json\/wp\/v2\/media?parent=565"}],"curies":[{"name":"wp","href":"https:\/\/api.w.org\/{rel}","templated":true}]}}