{"id":707,"date":"2022-07-13T10:29:28","date_gmt":"2022-07-13T08:29:28","guid":{"rendered":"https:\/\/lcli.lu\/?page_id=707"},"modified":"2022-11-22T12:22:34","modified_gmt":"2022-11-22T10:22:34","slug":"politique-de-confidentalite","status":"publish","type":"page","link":"https:\/\/lcli.lu\/en\/politique-de-confidentalite\/","title":{"rendered":"Politique de Confidentalit\u00e9"},"content":{"rendered":"<p>[et_pb_section fb_built=\u00a0\u00bb1&Prime; fullwidth=\u00a0\u00bbon\u00a0\u00bb _builder_version=\u00a0\u00bb4.17.4&Prime; _module_preset=\u00a0\u00bbdefault\u00a0\u00bb background_image=\u00a0\u00bbhttps:\/\/lcli.lu\/wp-content\/uploads\/2022\/07\/joel-muniz-A4Ax1ApccfA-unsplash.jpeg\u00a0\u00bb width=\u00a0\u00bb100%\u00a0\u00bb global_colors_info=\u00a0\u00bb{}\u00a0\u00bb][et_pb_fullwidth_header text_orientation=\u00a0\u00bbcenter\u00a0\u00bb button_one_url=\u00a0\u00bb#\u00a0\u00bb background_overlay_color=\u00a0\u00bbrgba(0,0,0,0.36)\u00a0\u00bb content_max_width=\u00a0\u00bb80%\u00a0\u00bb _builder_version=\u00a0\u00bb4.17.6&Prime; _module_preset=\u00a0\u00bbdefault\u00a0\u00bb title_font_size=\u00a0\u00bb57px\u00a0\u00bb title_line_height=\u00a0\u00bb1.4em\u00a0\u00bb content_font=\u00a0\u00bb|||on|||||\u00a0\u00bb content_font_size=\u00a0\u00bb19px\u00a0\u00bb background_enable_color=\u00a0\u00bboff\u00a0\u00bb background_enable_image=\u00a0\u00bboff\u00a0\u00bb custom_button_one=\u00a0\u00bbon\u00a0\u00bb button_one_text_size=\u00a0\u00bb24px\u00a0\u00bb button_one_text_color=\u00a0\u00bb#FFFFFF\u00a0\u00bb button_one_bg_color=\u00a0\u00bb#128cdc\u00a0\u00bb button_one_border_width=\u00a0\u00bb0px\u00a0\u00bb button_one_border_color=\u00a0\u00bb#FFFFFF\u00a0\u00bb button_one_letter_spacing=\u00a0\u00bb0px\u00a0\u00bb button_one_font=\u00a0\u00bb|||on|||||\u00a0\u00bb button_one_custom_margin=\u00a0\u00bb80px||||false|false\u00a0\u00bb custom_button_two=\u00a0\u00bbon\u00a0\u00bb button_two_text_size=\u00a0\u00bb24px\u00a0\u00bb button_two_text_color=\u00a0\u00bb#0C71C3&Prime; button_two_bg_color=\u00a0\u00bb#FFFFFF\u00a0\u00bb button_two_border_width=\u00a0\u00bb0px\u00a0\u00bb button_two_font=\u00a0\u00bb|||on|||||\u00a0\u00bb min_height=\u00a0\u00bb232px\u00a0\u00bb custom_margin=\u00a0\u00bb||||false|false\u00a0\u00bb hover_enabled=\u00a0\u00bb0&Prime; box_shadow_style_button_one=\u00a0\u00bbpreset1&Prime; global_colors_info=\u00a0\u00bb{}\u00a0\u00bb sticky_enabled=\u00a0\u00bb0&Prime;]<\/p>\n<h1 style=\"color: white; font-size: 60px; font-weight: 800; line-height: 73px;\"><mark style=\"background-color: #e30613; color: white !important;\">\u00a0Politique de\u00a0 \u00a0confidentialit\u00e9\u00a0<\/mark><\/h1>\n<p>[\/et_pb_fullwidth_header][\/et_pb_section][et_pb_section fb_built=\u00a0\u00bb1&Prime; admin_label=\u00a0\u00bbsection\u00a0\u00bb _builder_version=\u00a0\u00bb4.16&Prime; custom_padding=\u00a0\u00bb||0px|||\u00a0\u00bb global_colors_info=\u00a0\u00bb{}\u00a0\u00bb][et_pb_row column_structure=\u00a0\u00bb1_3,2_3&Prime; admin_label=\u00a0\u00bbrow\u00a0\u00bb _builder_version=\u00a0\u00bb4.17.4&Prime; background_size=\u00a0\u00bbinitial\u00a0\u00bb background_position=\u00a0\u00bbtop_left\u00a0\u00bb background_repeat=\u00a0\u00bbrepeat\u00a0\u00bb custom_margin=\u00a0\u00bb||||false|false\u00a0\u00bb custom_padding=\u00a0\u00bb||70px||false|false\u00a0\u00bb global_colors_info=\u00a0\u00bb{}\u00a0\u00bb][et_pb_column type=\u00a0\u00bb1_3&Prime; _builder_version=\u00a0\u00bb4.17.4&Prime; custom_padding=\u00a0\u00bb|||\u00a0\u00bb sticky_position=\u00a0\u00bbtop\u00a0\u00bb sticky_offset_top=\u00a0\u00bb32px\u00a0\u00bb sticky_position_tablet=\u00a0\u00bbnone\u00a0\u00bb sticky_position_phone=\u00a0\u00bbnone\u00a0\u00bb sticky_position_last_edited=\u00a0\u00bbon|tablet\u00a0\u00bb global_colors_info=\u00a0\u00bb{}\u00a0\u00bb custom_padding__hover=\u00a0\u00bb|||\u00a0\u00bb][\/et_pb_column][et_pb_column type=\u00a0\u00bb2_3&Prime; _builder_version=\u00a0\u00bb4.16&Prime; custom_padding=\u00a0\u00bb|||\u00a0\u00bb global_colors_info=\u00a0\u00bb{}\u00a0\u00bb custom_padding__hover=\u00a0\u00bb|||\u00a0\u00bb][et_pb_text admin_label=\u00a0\u00bbText\u00a0\u00bb _builder_version=\u00a0\u00bb4.17.4&Prime; background_size=\u00a0\u00bbinitial\u00a0\u00bb background_position=\u00a0\u00bbtop_left\u00a0\u00bb background_repeat=\u00a0\u00bbrepeat\u00a0\u00bb custom_padding=\u00a0\u00bb1px|||||\u00a0\u00bb global_colors_info=\u00a0\u00bb{}\u00a0\u00bb]<\/p>\n<p>Devant le d\u00e9veloppement des nouveaux outils de communication et informatiques, le Lions Club de Luxembourg International asbl (\u00ab\u00a0le Club\u00a0\u00bb)estime n\u00e9cessaire de porter la plus grande attention \u00e0 la protection de la vie priv\u00e9e. C\u2019est pourquoi, nous nous engageons \u00e0 respecter la confidentialit\u00e9, l\u2019int\u00e9grit\u00e9 et la s\u00e9curit\u00e9 des renseignements personnels que vous nous confiez.<\/p>\n<p><strong>LES INFORMATIONS PERSONNELLES QUE NOUS RECUEILLONS<\/strong><\/p>\n<p>Nous pouvons \u00eatre amen\u00e9s \u00e0 recueillir vos informations personnelles pour diff\u00e9rentes raisons: traitement de vos donn\u00e9es personnelles en tant que membres Lions, traitement de vos demandes ou de vos r\u00e9servations \u00e0 une activit\u00e9 organis\u00e9e par le Club, traitement de votre correspondance ou dans le cadre d\u2019une relation contractuelle ou convention, etc.<\/p>\n<p>De plus, nous recueillons des informations li\u00e9es \u00e0 votre utilisation des sites web du Club \u00e0 l\u2019aide de diff\u00e9rentes technologies, comme les cookies.<\/p>\n<p><strong>COMMENT UTILISONS-NOUS VOS DONN\u00c9ES PERSONNELLES ?\u00a0<\/strong><\/p>\n<p>Les donn\u00e9es \u00e0 caract\u00e8re personnel, communiqu\u00e9es par vous-m\u00eame ou par l\u2019entreprise qui vous emploie, ou re\u00e7ues l\u00e9gitimement par le Club peuvent \u00eatre trait\u00e9es en vue de :<\/p>\n<ul>\n<li aria-level=\"1\">Assurer le fonctionnement de notre Club<\/li>\n<li aria-level=\"1\">Assurer le fonctionnement des actions sociales et des activit\u00e9s du Club<\/li>\n<li aria-level=\"1\">Vous enregistrer aux activit\u00e9s organis\u00e9es par le Club<\/li>\n<li aria-level=\"1\">G\u00e9rer les contrats et les conventions<\/li>\n<li aria-level=\"1\">G\u00e9rer les litiges et recouvrir les cr\u00e9ances<\/li>\n<li aria-level=\"1\">R\u00e9gler des prestations diverses<\/li>\n<\/ul>\n<p>Les donn\u00e9es personnelles communiqu\u00e9es peuvent \u00eatre trait\u00e9es par le Club \u00e0 des fins de marketing direct en vue d\u2019informer les amis et connaissances du Club \u00e0 propos de nos activit\u00e9s.<\/p>\n<p><strong>COMMENT PARTAGEONS-NOUS VOS DONN\u00c9ES PERSONNELLES ?\u00a0<\/strong><\/p>\n<p>Nous ne partageons vos donn\u00e9es personnelles qu\u2019avec votre accord ou si celles-ci sont n\u00e9cessaires pour effectuer une prestation que vous avez demand\u00e9e ou autoris\u00e9e dans le cadre d\u2019une organisation \u00e0 laquelle vous vous \u00eates inscrit. Vos donn\u00e9es personnelles peuvent \u00eatre communiqu\u00e9es \u00e0 des prestataires travaillant en notre nom, intervenant en qualit\u00e9 de sous-traitants qui peuvent avoir besoin d\u2019acc\u00e9der \u00e0 des donn\u00e9es personnelles afin de fournir un soutien au Club lors de nos organisations. Dans de tels cas, ces soci\u00e9t\u00e9s doivent se conformer \u00e0 nos exigences en mati\u00e8re de confidentialit\u00e9 des donn\u00e9es et de s\u00e9curit\u00e9, et ne sont pas autoris\u00e9es \u00e0 utiliser les donn\u00e9es personnelles que nous leur transmettons pour d\u2019autres finalit\u00e9s. Nous partageons \u00e9galement vos donn\u00e9es lorsque cela est exig\u00e9 par la loi, pour r\u00e9pondre \u00e0 une proc\u00e9dure judiciaire, pour la gestion du contentieux et du recouvrement des cr\u00e9ances, ainsi que du r\u00e8glement des prestations.<\/p>\n<p><strong>TRANSFERT DES DONN\u00c9ES HORS DE L\u2019UNION EUROP\u00c9ENNE\u00a0<\/strong><\/p>\n<p>A l\u2019exception de donn\u00e9es personnelles de nos propres membres, le Club ne transf\u00e8re pas de donn\u00e9es personnelles en dehors de l\u2019Union Europ\u00e9enne.<\/p>\n<p><strong>COMMENT PROT\u00c9GEONS-NOUS VOS DONN\u00c9ES PERSONNELLES ?\u00a0<\/strong><\/p>\n<p>Les renseignements personnels que nous collectons sont conserv\u00e9s dans un environnement s\u00e9curis\u00e9. Les membres du Club sont sensibilis\u00e9s afin de respecter la confidentialit\u00e9 des informations.<\/p>\n<p><strong>CONSERVATION DE VOS DONN\u00c9ES PERSONNELLES\u00a0<\/strong><\/p>\n<p>Nous conservons vos donn\u00e9es personnelles aussi longtemps que n\u00e9cessaire pour fournir les produits et r\u00e9aliser les transactions que vous avez demand\u00e9es, ou \u00e0 d\u2019autres fins essentielles telles que se conformer \u00e0 nos obligations l\u00e9gales, r\u00e9soudre les litiges, et appliquer nos accords. Dans la mesure o\u00f9 ces besoins peuvent varier selon les types de donn\u00e9es dans le contexte des diff\u00e9rents produits, les p\u00e9riodes r\u00e9elles de r\u00e9tention peuvent varier consid\u00e9rablement.<\/p>\n<p><strong>DROIT D\u2019ACC\u00c8S, DE RECTIFICATION, DE LIMITATION ET D\u2019OPPOSITION\u00a0<\/strong><\/p>\n<p>Le Cluib adh\u00e8re au R\u00e8glement G\u00e9n\u00e9ral sur la Protection des Donn\u00e9es \u00e0 caract\u00e8re personnel EU\/2016\/679 en mati\u00e8re de protection des donn\u00e9es et vous garantit les droits suivants : si le traitement des donn\u00e9es \u00e0 caract\u00e8re personnel est fond\u00e9 sur votre consentement, vous avez le droit de retirer votre consentement \u00e0 tout moment. Vous pouvez consulter vos donn\u00e9es personnelles, les faire rectifier et les limiter. Vous avez le droit de vous opposer au traitement de vos donn\u00e9es personnelles. Vous avez le droit de d\u00e9poser une plainte aupr\u00e8s de l\u2019autorit\u00e9 charg\u00e9e de la protection des donn\u00e9es, la <span style=\"text-decoration: underline;\"><strong><a href=\"https:\/\/cnpd.public.lu\/fr.html\" target=\"_blank\" rel=\"noopener\">CNPD<\/a><\/strong><\/span>.<\/p>\n<p><strong>COMMENT NOUS CONTACTER ?<\/strong><\/p>\n<p>Pour toute question concernant la confidentialit\u00e9 de vos donn\u00e9es, vous pouvez adresser votre demande: <a href=\"mailto:info@lcli.lu\">info@lcli.lu<\/a> \u00e0 l\u2019attention du responsable de la protection des donn\u00e9es.<\/p>\n<p>[\/et_pb_text][\/et_pb_column][\/et_pb_row][\/et_pb_section]<\/p>\n","protected":false},"excerpt":{"rendered":"<p>\u00a0Politique de\u00a0 \u00a0confidentialit\u00e9\u00a0Devant le d\u00e9veloppement des nouveaux outils de communication et informatiques, le Lions Club de Luxembourg International asbl (\u00ab\u00a0le Club\u00a0\u00bb)estime n\u00e9cessaire de porter la plus grande attention \u00e0 la protection de la vie priv\u00e9e. C\u2019est pourquoi, nous nous engageons \u00e0 respecter la confidentialit\u00e9, l\u2019int\u00e9grit\u00e9 et la s\u00e9curit\u00e9 des renseignements personnels que vous nous confiez. [&hellip;]<\/p>\n","protected":false},"author":1,"featured_media":0,"parent":0,"menu_order":0,"comment_status":"closed","ping_status":"closed","template":"","meta":{"_et_pb_use_builder":"on","_et_pb_old_content":"","_et_gb_content_width":"","footnotes":""},"class_list":["post-707","page","type-page","status-publish","hentry"],"_links":{"self":[{"href":"https:\/\/lcli.lu\/en\/wp-json\/wp\/v2\/pages\/707","targetHints":{"allow":["GET"]}}],"collection":[{"href":"https:\/\/lcli.lu\/en\/wp-json\/wp\/v2\/pages"}],"about":[{"href":"https:\/\/lcli.lu\/en\/wp-json\/wp\/v2\/types\/page"}],"author":[{"embeddable":true,"href":"https:\/\/lcli.lu\/en\/wp-json\/wp\/v2\/users\/1"}],"replies":[{"embeddable":true,"href":"https:\/\/lcli.lu\/en\/wp-json\/wp\/v2\/comments?post=707"}],"version-history":[{"count":5,"href":"https:\/\/lcli.lu\/en\/wp-json\/wp\/v2\/pages\/707\/revisions"}],"predecessor-version":[{"id":806,"href":"https:\/\/lcli.lu\/en\/wp-json\/wp\/v2\/pages\/707\/revisions\/806"}],"wp:attachment":[{"href":"https:\/\/lcli.lu\/en\/wp-json\/wp\/v2\/media?parent=707"}],"curies":[{"name":"wp","href":"https:\/\/api.w.org\/{rel}","templated":true}]}}