

{"id":712,"date":"2022-07-13T10:34:45","date_gmt":"2022-07-13T08:34:45","guid":{"rendered":"https:\/\/lcli.lu\/?page_id=712"},"modified":"2023-05-16T18:48:40","modified_gmt":"2023-05-16T16:48:40","slug":"mentions-legales","status":"publish","type":"page","link":"https:\/\/lcli.lu\/en\/mentions-legales\/","title":{"rendered":"Legal information"},"content":{"rendered":"<p>[et_pb_section fb_built=\u00a0\u00bb1&Prime; fullwidth=\u00a0\u00bbon\u00a0\u00bb _builder_version=\u00a0\u00bb4.17.6&Prime; _module_preset=\u00a0\u00bbdefault\u00a0\u00bb background_image=\u00a0\u00bbhttps:\/\/lcli.lu\/wp-content\/uploads\/2022\/07\/cedric-letsch-0mY01y72UKo-unsplash.jpeg\u00a0\u00bb width=\u00a0\u00bb100%\u00a0\u00bb da_disable_devices=\u00a0\u00bboff|off|off\u00a0\u00bb global_colors_info=\u00a0\u00bb{}\u00a0\u00bb da_is_popup=\u00a0\u00bboff\u00a0\u00bb da_exit_intent=\u00a0\u00bboff\u00a0\u00bb da_has_close=\u00a0\u00bbon\u00a0\u00bb da_alt_close=\u00a0\u00bboff\u00a0\u00bb da_dark_close=\u00a0\u00bboff\u00a0\u00bb da_not_modal=\u00a0\u00bbon\u00a0\u00bb da_is_singular=\u00a0\u00bboff\u00a0\u00bb da_with_loader=\u00a0\u00bboff\u00a0\u00bb da_has_shadow=\u00a0\u00bbon\u00a0\u00bb][et_pb_fullwidth_header text_orientation=\u00a0\u00bbcenter\u00a0\u00bb button_one_url=\u00a0\u00bb#\u00a0\u00bb background_overlay_color=\u00a0\u00bbrgba(0,0,0,0.36)\u00a0\u00bb content_max_width=\u00a0\u00bb80%\u00a0\u00bb _builder_version=\u00a0\u00bb4.17.6&Prime; _module_preset=\u00a0\u00bbdefault\u00a0\u00bb title_font_size=\u00a0\u00bb57px\u00a0\u00bb title_line_height=\u00a0\u00bb1.4em\u00a0\u00bb content_font=\u00a0\u00bb|||on|||||\u00a0\u00bb content_font_size=\u00a0\u00bb19px\u00a0\u00bb background_enable_color=\u00a0\u00bboff\u00a0\u00bb background_enable_image=\u00a0\u00bboff\u00a0\u00bb custom_button_one=\u00a0\u00bbon\u00a0\u00bb button_one_text_size=\u00a0\u00bb24px\u00a0\u00bb button_one_text_color=\u00a0\u00bb#FFFFFF\u00a0\u00bb button_one_bg_color=\u00a0\u00bb#128cdc\u00a0\u00bb button_one_border_width=\u00a0\u00bb0px\u00a0\u00bb button_one_border_color=\u00a0\u00bb#FFFFFF\u00a0\u00bb button_one_letter_spacing=\u00a0\u00bb0px\u00a0\u00bb button_one_font=\u00a0\u00bb|||on|||||\u00a0\u00bb button_one_custom_margin=\u00a0\u00bb80px||||false|false\u00a0\u00bb custom_button_two=\u00a0\u00bbon\u00a0\u00bb button_two_text_size=\u00a0\u00bb24px\u00a0\u00bb button_two_text_color=\u00a0\u00bb#0C71C3&Prime; button_two_bg_color=\u00a0\u00bb#FFFFFF\u00a0\u00bb button_two_border_width=\u00a0\u00bb0px\u00a0\u00bb button_two_font=\u00a0\u00bb|||on|||||\u00a0\u00bb min_height=\u00a0\u00bb232px\u00a0\u00bb custom_margin=\u00a0\u00bb||||false|false\u00a0\u00bb box_shadow_style_button_one=\u00a0\u00bbpreset1&Prime; global_colors_info=\u00a0\u00bb{}\u00a0\u00bb]<\/p>\n<h1 style=\"color: white; font-size: 60px; font-weight: 800; line-height: 73px;\"><mark style=\"background-color: #e30613; color: white !important;\">\u00a0Mentions l\u00e9gales\u00a0<\/mark><\/h1>\n<p>[\/et_pb_fullwidth_header][\/et_pb_section][et_pb_section fb_built=\u00a0\u00bb1&Prime; admin_label=\u00a0\u00bbsection\u00a0\u00bb _builder_version=\u00a0\u00bb4.16&Prime; custom_padding=\u00a0\u00bb||0px|||\u00a0\u00bb da_disable_devices=\u00a0\u00bboff|off|off\u00a0\u00bb global_colors_info=\u00a0\u00bb{}\u00a0\u00bb da_is_popup=\u00a0\u00bboff\u00a0\u00bb da_exit_intent=\u00a0\u00bboff\u00a0\u00bb da_has_close=\u00a0\u00bbon\u00a0\u00bb da_alt_close=\u00a0\u00bboff\u00a0\u00bb da_dark_close=\u00a0\u00bboff\u00a0\u00bb da_not_modal=\u00a0\u00bbon\u00a0\u00bb da_is_singular=\u00a0\u00bboff\u00a0\u00bb da_with_loader=\u00a0\u00bboff\u00a0\u00bb da_has_shadow=\u00a0\u00bbon\u00a0\u00bb][et_pb_row column_structure=\u00a0\u00bb1_3,2_3&Prime; admin_label=\u00a0\u00bbrow\u00a0\u00bb _builder_version=\u00a0\u00bb4.17.4&Prime; background_size=\u00a0\u00bbinitial\u00a0\u00bb background_position=\u00a0\u00bbtop_left\u00a0\u00bb background_repeat=\u00a0\u00bbrepeat\u00a0\u00bb custom_margin=\u00a0\u00bb||||false|false\u00a0\u00bb custom_padding=\u00a0\u00bb||70px||false|false\u00a0\u00bb global_colors_info=\u00a0\u00bb{}\u00a0\u00bb][et_pb_column type=\u00a0\u00bb1_3&Prime; _builder_version=\u00a0\u00bb4.17.4&Prime; custom_padding=\u00a0\u00bb|||\u00a0\u00bb sticky_position=\u00a0\u00bbtop\u00a0\u00bb sticky_offset_top=\u00a0\u00bb32px\u00a0\u00bb sticky_position_tablet=\u00a0\u00bbnone\u00a0\u00bb sticky_position_phone=\u00a0\u00bbnone\u00a0\u00bb sticky_position_last_edited=\u00a0\u00bbon|tablet\u00a0\u00bb global_colors_info=\u00a0\u00bb{}\u00a0\u00bb custom_padding__hover=\u00a0\u00bb|||\u00a0\u00bb][\/et_pb_column][et_pb_column type=\u00a0\u00bb2_3&Prime; _builder_version=\u00a0\u00bb4.16&Prime; custom_padding=\u00a0\u00bb|||\u00a0\u00bb global_colors_info=\u00a0\u00bb{}\u00a0\u00bb custom_padding__hover=\u00a0\u00bb|||\u00a0\u00bb][et_pb_text admin_label=\u00a0\u00bbText\u00a0\u00bb _builder_version=\u00a0\u00bb4.18.0&Prime; background_size=\u00a0\u00bbinitial\u00a0\u00bb background_position=\u00a0\u00bbtop_left\u00a0\u00bb background_repeat=\u00a0\u00bbrepeat\u00a0\u00bb custom_padding=\u00a0\u00bb1px|||||\u00a0\u00bb hover_enabled=\u00a0\u00bb0&Prime; global_colors_info=\u00a0\u00bb{}\u00a0\u00bb sticky_enabled=\u00a0\u00bb0&Prime;]<\/p>\n<h3><strong>Nom et donn\u00e9es de contact du responsable du traitement<\/strong><\/h3>\n<p>Lion\u2019s Club Luxembourg International, 46, Rue Ermesinde 1469 \u2013 Luxembourg, e-mail: <a href=\"mailto:contact@lcli.lu\">contact@lcli.lu<\/a>, tel. <a href=\"tel:+352661777900\">+352 661 77 79 00<\/a>, <a href=\"https:\/\/lcli.lu\/\">https:\/\/lcli.lu\/<\/a><\/p>\n<h3><strong>Finalit<\/strong><strong>\u00e9<\/strong><strong>s, base de l<\/strong><strong>\u00e9gitimit<\/strong><strong>\u00e9 du traitement et cat\u00e9gories de donn\u00e9es trait\u00e9es<\/strong><\/h3>\n<p>L\u2019association traite les donn\u00e9es suivantes :<\/p>\n<ul>\n<li>Pour la gestion administrative des membres (sur base d\u2019un contrat, le membre adh\u00e8re aux statuts de l\u2019association) : nom, pr\u00e9nom, adresse postale priv\u00e9e, emploi professionnel, adresse mail professionnelle, adresse mail priv\u00e9e, num\u00e9ro et date d\u2019adh\u00e9sion, num\u00e9ro de t\u00e9l\u00e9phone, date de naissance, photo, nom et pr\u00e9nom du conjoint, pr\u00e9nom et ann\u00e9e de naissance des enfants, statut du membre, fonctions actuelles et pass\u00e9es dans l\u2019association, connaissance des langues ;<\/li>\n<li>Pour l\u2019envoi de newsletter (sur base du consentement): nom, pr\u00e9nom, adresse postale, adresse, mail ;<\/li>\n<li>Pour la gestion des fournisseurs (sur base d\u2019un contrat) : nom et pr\u00e9nom de la personne de contact, adresse postale, adresse mail, num\u00e9ro de t\u00e9l\u00e9phone ;<\/li>\n<li>Pour la gestion des cotisations (sur base du consentement , le membre adh\u00e8re aux statuts de l\u2019association) : nom, pr\u00e9nom, adresse postale, adresse mail, compte bancaire, num\u00e9ro de t\u00e9l\u00e9phone ;<\/li>\n<li>Pour la gestion des listes de contact autres que les membres : nom, pr\u00e9nom, adresse postale, adresse mail, num\u00e9ro de t\u00e9l\u00e9phone, int\u00e9r\u00eat pour les activit\u00e9s du club, coordonn\u00e9es bancaires le cas \u00e9ch\u00e9ant;<\/li>\n<li>Pour la gestion du site internet\u00a0: nom, pr\u00e9nom, adresse mail, coordonn\u00e9es bancaires le cas \u00e9ch\u00e9ant<\/li>\n<li>Pour la gestion des relations avec le Lion\u2019s Club International : votre nom, votre adresse \u00e9lectronique, votre num\u00e9ro de t\u00e9l\u00e9phone mobile, votre date de naissance et votre mot de passe crypt\u00e9.<\/li>\n<\/ul>\n<h3><strong>Cat<\/strong><strong>\u00e9gories de destinataires des donn\u00e9es trait\u00e9es<\/strong><\/h3>\n<p>Dans le cadre de la gestion administrative des membres, des donn\u00e9es sont transf\u00e9r\u00e9es aux membres exer\u00e7ant une fonction interne (le conseil d\u2019administration, le secr\u00e9taire, le tr\u00e9sorier, etc.) ; les donn\u00e9es des membres sont communiqu\u00e9es \u00e0 Oak Brook, si\u00e8ge social de l\u2019Association Internationale des Lions Clubs (LCI) et de la Fondation Internationale des Lions Clubs (LCIF) ainsi qu\u2019au si\u00e8ge des Lions du District 113D de Luxembourg.<\/p>\n<ul>\n<li>Pour l\u2019envoi de newsletter, des donn\u00e9es sont transf\u00e9r\u00e9es \u00e0 un prestataire de service externe ;<\/li>\n<li>Les donn\u00e9es des membres et invit\u00e9s peuvent \u00eatre transmises aux fournisseurs<\/li>\n<li>Les donn\u00e9es des membres du conseil d\u2019administration sont transmises RCSL, RBE et aux banques partenaires de l\u2019association ;<\/li>\n<\/ul>\n<p>Sauf exceptions, (voir plus bas) toutes les donn\u00e9es sont stock\u00e9es par une entreprise sous-traitante situ\u00e9e sur le territoire de l\u2019Union Europ\u00e9enne<\/p>\n<h3><strong> Transfert de donn\u00e9es \u00e0 caract<\/strong><strong>\u00e8re personnel hors de l\u2019UE<\/strong><strong>:<\/strong><\/h3>\n<p>Les donn\u00e9es n\u00e9cessaires \u00e0 la gestion administrative des membres sont transf\u00e9r\u00e9es \u00e0 Oak Brook qui stocke les donn\u00e9es aux Etats-Unis\u00a0; aucune d\u00e9cision d\u2019ad\u00e9quation ni de garanties appropri\u00e9es n\u2019existent, La politique de confidentialit\u00e9 des LCI et LCIF peut \u00eatre consult\u00e9e sur le lien suivant <a href=\"https:\/\/www.lionsclubs.org\/fr\/footer\/privacy-policy\" target=\"_blank\" rel=\"noopener\">https:\/\/www.lionsclubs.org\/fr\/footer\/privacy-policy<\/a><\/p>\n<h3><strong>Dur<\/strong><strong>\u00e9e de conservation<\/strong><\/h3>\n<ul>\n<li>Donn\u00e9es des membres : 1 ann\u00e9e apr\u00e8s :\n<ul>\n<li>le non-paiement de la cotisation annuelle ;<\/li>\n<li>qu\u2019un membre quitte l\u2019association ;<\/li>\n<li>l\u2019exclusion d\u2019un membre ;<\/li>\n<\/ul>\n<\/li>\n<li>Donn\u00e9es trait\u00e9es dans le cadre de la gestion des cotisations : 2 mois apr\u00e8s cl\u00f4ture annuelle des comptes ;<\/li>\n<\/ul>\n<h3><strong>Droits des personnes concern\u00e9es<\/strong><\/h3>\n<p>Vous pouvez acc\u00e9der aux donn\u00e9es vous concernant et en obtenir une copie (article 15 du RGPD), obtenir la rectification de donn\u00e9es inexactes ou incompl\u00e8tes (article 16 du RGPD), vous opposer au traitement de vos donn\u00e9es dans les conditions pr\u00e9vues par l\u2019article 21 du RGPD et obtenir l\u2019effacement de celles-ci dans les conditions pr\u00e9vues par l\u2019article 17 du RGPD. Vous disposez dans certains cas d\u2019un droit \u00e0 la portabilit\u00e9 (article 20 du RGPD) et \u00e0 la limitation du traitement dans les conditions pr\u00e9vues par l\u2019article 18 du RGPD.<\/p>\n<h3><strong>R<\/strong><strong>\u00e9clamation<\/strong><\/h3>\n<p>Si vous estimez que le traitement de vos donn\u00e9es effectu\u00e9 par nous constitue une violation du RGPD, vous pouvez introduire une r\u00e9clamation aupr\u00e8s de la CNPD (www.cnpd.lu).<\/p>\n<h3><strong>Conditions g\u00e9n\u00e9rales d&rsquo;utilisation (CGU) du site<\/strong><\/h3>\n<p><span style=\"font-weight: 400;\">Toute personne faisant usage des informations, documents, produits, logiciels et divers services (collectivement les\u00a0<\/span><b>\u00ab\u00a0Services\u00a0\u00bb<\/b><span style=\"font-weight: 400;\">) propos\u00e9s par ce site est r\u00e9put\u00e9e avoir pris connaissance et accept\u00e9 l&rsquo;int\u00e9gralit\u00e9 des termes et mentions des pr\u00e9sentes conditions g\u00e9n\u00e9rales d&rsquo;utilisation.<\/span><\/p>\n<p><b>\u00ab\u00a0Le Lion\u2019s Club Luxembourg International\u00a0\u00bb\u00a0(ci-apr\u00e8s le Club) <\/b><span style=\"font-weight: 400;\">d\u00e9signe l\u2019association A.S.B.L. qui seule ou conjointement avec d\u2019autres sont responsables de ce site.<\/span><\/p>\n<h3><strong>Obligations de l&rsquo;usager<\/strong><\/h3>\n<p><span style=\"font-weight: 400;\">L\u2019acc\u00e8s au site se fait par Internet. L\u2019usager d\u00e9clare en conna\u00eetre les risques et les accepter. Il doit se pr\u00e9munir contre les effets de la piraterie informatique en adoptant une configuration informatique adapt\u00e9e et s\u00e9curis\u00e9e.<\/span><\/p>\n<p><span style=\"font-weight: 400;\">Le Club ne saurait \u00eatre tenu pour responsable d&rsquo;un quelconque dommage que l\u2019usager subirait directement ou indirectement en relation avec sa navigation sur ce site et l\u2019utilisation de ses services ainsi que les sites Internet auxquels il renvoie.<\/span><\/p>\n<p><span style=\"font-weight: 400;\">L&rsquo;utilisation du site est gratuite.<\/span><\/p>\n<h3><strong>Gestion des cookies<\/strong><\/h3>\n<p><span style=\"font-weight: 400;\">Ce site utilise des cookies clients, des petits fichiers texte permettant d&rsquo;analyser les informations relatives \u00e0 la navigation de l&rsquo;utilisateur (fr\u00e9quences des visites, dur\u00e9e des visites, pages consult\u00e9es, etc.).<\/span><\/p>\n<p><span style=\"font-weight: 400;\">Ils sont d\u00e9pos\u00e9s par le site dans un r\u00e9pertoire pr\u00e9vu \u00e0 cet effet sur l&rsquo;ordinateur de l&rsquo;utilisateur. Ils contiennent notamment le nom du serveur qui l&rsquo;a \u00e9crit, un identifiant sous forme de num\u00e9ro unique et une date d&rsquo;expiration. L&rsquo;identifiant unique permet au site de reconna\u00eetre l&rsquo;ordinateur de l&rsquo;utilisateur \u00e0 chaque visite. Les cookies de session sont supprim\u00e9s de l&rsquo;ordinateur de l&rsquo;utilisateur lorsque sa session est ferm\u00e9e. Toutefois les cookies persistants restent sur l&rsquo;ordinateur de l&rsquo;utilisateur 1 mois apr\u00e8s la fin de la session.<\/span><\/p>\n<p><span style=\"font-weight: 400;\">L&rsquo;utilisateur peut lui-m\u00eame d\u00e9cider si le serveur web de ce site est autoris\u00e9 ou non \u00e0 m\u00e9moriser des cookies sur son ordinateur. Il a, \u00e0 tout moment, le choix de r\u00e9gler les options de son navigateur afin que les cookies ne soient accept\u00e9s et m\u00e9moris\u00e9s. Par ailleurs, il peut, \u00e0 tout moment, effacer, via le navigateur, des cookies d\u00e9j\u00e0 m\u00e9moris\u00e9s.<\/span><span style=\"font-weight: 400;\">\u00a0<\/span><\/p>\n<h3><strong>Modification du site<\/strong><\/h3>\n<p><span style=\"font-weight: 400;\">Le Club se r\u00e9serve la libert\u00e9 de faire \u00e9voluer, de modifier ou de suspendre, sans pr\u00e9avis, ce site pour des raisons de maintenance, de mise \u00e0 jour ou pour tout autre motif jug\u00e9 n\u00e9cessaire.<\/span><\/p>\n<p><span style=\"font-weight: 400;\">Le Club pourra notamment \u00e0 tout moment retirer, ajouter, compl\u00e9ter ou pr\u00e9ciser tout ou une partie des informations et services contenus ou propos\u00e9s sur le site. Aucune responsabilit\u00e9 pour un quelconque dommage direct ou indirect en relation avec de telles modifications ne pourra \u00eatre retenue \u00e0 l\u2019encontre du Club.<\/span><\/p>\n<h3><strong>Limitations g\u00e9n\u00e9rales de responsabilit\u00e9<\/strong><\/h3>\n<p><span style=\"font-weight: 400;\">Le Club assurera au mieux une disponibilit\u00e9 maximale de ce site. Toutefois, sa responsabilit\u00e9 ne saurait \u00eatre retenue en cas d\u2019indisponibilit\u00e9 momentan\u00e9e ou totale du site.<\/span><\/p>\n<p><span style=\"font-weight: 400;\">Le Club assurera au mieux la s\u00e9curit\u00e9 du syst\u00e8me informatique. Toutefois, sa responsabilit\u00e9 ne saurait \u00eatre retenue en cas d\u2019attaque du syst\u00e8me informatique ou d\u2019indisponibilit\u00e9 momentan\u00e9e ou totale du site.<\/span><\/p>\n<p><span style=\"font-weight: 400;\">Le Club assurera au mieux l\u2019exactitude des informations contenues sur le site, publi\u00e9es sur les r\u00e9seaux sociaux. Cependant, sa responsabilit\u00e9 ne saurait \u00eatre retenue notamment, en cas d\u2019omission de mise \u00e0 jour d\u2019une information ou d\u2019un formulaire, en cas d\u2019erreurs de manipulation du syst\u00e8me ou d\u2019encodage, d\u2019inexactitudes, de lacunes dans les informations fournies ou d\u2019\u00e9ventuelles erreurs, inexactitudes. En effet, l&rsquo;objectif est de diffuser des informations exactes et \u00e0 jour provenant de diverses sources mais le Club ne saurait toutefois \u00e9viter tout risque d&rsquo;erreur mat\u00e9rielle. Aucune des informations publi\u00e9es sur ce site n&rsquo;a une vocation d&rsquo;exhaustivit\u00e9 ou constitue un engagement de la part du Club. Les informations qui figurent sur ce site sont de nature g\u00e9n\u00e9rale.\u00a0<\/span><\/p>\n<h3><strong>Limite de responsabilit\u00e9 du site<\/strong><\/h3>\n<p><span style=\"font-weight: 400;\">La responsabilit\u00e9 de ce site est express\u00e9ment exclue pour toutes les cons\u00e9quences directes et indirectes :<\/span><\/p>\n<ul>\n<li><span style=\"font-weight: 400;\"> Du d\u00e9faut de compatibilit\u00e9 entre le service offert et les \u00e9quipements, applications, proc\u00e9dures ou infrastructures de l&rsquo;usager ou de tiers\u00a0;<\/span><\/li>\n<li><span style=\"font-weight: 400;\"> D&rsquo;une faille de s\u00e9curit\u00e9 provenant de l\u2019usager ou d&rsquo;un tiers et plus g\u00e9n\u00e9ralement, de toute faille de s\u00e9curit\u00e9 non directement imputable \u00e0 ce site\u00a0;<\/span><\/li>\n<li><span style=\"font-weight: 400;\"> Des cons\u00e9quences des erreurs et\/ou des fraudes commises par l&rsquo;usager ou un tiers\u00a0;<\/span><\/li>\n<li><span style=\"font-weight: 400;\"> D&rsquo;une \u00e9ventuelle indisponibilit\u00e9 ou d&rsquo;un mauvais fonctionnement des syst\u00e8mes ou r\u00e9seaux de communications \u00e9lectroniques.<\/span><\/li>\n<\/ul>\n<h3><strong>Liens vers sites li\u00e9s<\/strong><\/h3>\n<p><span style=\"font-weight: 400;\">Pour la convenance des usagers, ce site peut contenir des liens vers d\u2019autres sites qui peuvent leur \u00eatre utiles ou qui peuvent les int\u00e9resser. Le Club ne contr\u00f4le pas syst\u00e9matiquement le contenu de ces sites. Ils ne sauraient d\u00e8s lors \u00eatre tenus responsables des contenus pr\u00e9sent\u00e9s sur ces sites Internet et ce, que ce soit au niveau de leur l\u00e9galit\u00e9 ou de l&rsquo;exactitude des informations qui s&rsquo;y trouvent.<\/span><\/p>\n<h3><strong>Propri\u00e9t\u00e9 intellectuelle<\/strong><\/h3>\n<p><span style=\"font-weight: 400;\">Le site, tous ses \u00e9l\u00e9ments (y compris la mise en page) ainsi que les informations et Services, sont prot\u00e9g\u00e9s par les lois sur la propri\u00e9t\u00e9 intellectuelle et sur les droits d\u2019auteur.<\/span><\/p>\n<p><span style=\"font-weight: 400;\">Sauf indication contraire, le Club n&rsquo;accorde aucune licence ou autorisation relative aux droits de propri\u00e9t\u00e9 intellectuelle qu&rsquo;il a sur ce site, ses \u00e9l\u00e9ments ou les Services.<\/span><\/p>\n<h3><strong>Documents<\/strong><\/h3>\n<p><span style=\"font-weight: 400;\">Sauf indication contraire, l\u2019usager est autoris\u00e9 \u00e0 consulter, mais non \u00e0 t\u00e9l\u00e9charger et imprimer les documents de type texte ou image sans demande pr\u00e9alable.<\/span><\/p>\n<p><span style=\"font-weight: 400;\">Ces types de contenus ne peuvent en aucun cas \u00eatre vendus ou lou\u00e9s \u00e0 titre on\u00e9reux.<\/span><\/p>\n<p><span style=\"font-weight: 400;\">Toute modification, transformation ou adaptation, totale ou partielle des types de contenus pr\u00e9cit\u00e9s est interdite.<\/span><\/p>\n<p><span style=\"font-weight: 400;\">Les utilisateurs qui reproduisent des contenus du portail s\u2019engagent \u00e0 ne pas en faire un usage contraire \u00e0 la dignit\u00e9 humaine et au respect de la personne.<\/span><\/p>\n<p><span style=\"font-weight: 400;\">Sauf autorisation expresse de l\u2019\u00e9diteur, le portail XXXX ne peut \u00eatre int\u00e9gr\u00e9 d&rsquo;une quelconque mani\u00e8re, en tout ou en partie, dans un autre portail ou dans un site Internet.<\/span><\/p>\n<p><span style=\"font-weight: 400;\">Les droits qui vous sont implicitement ou explicitement accord\u00e9s ci-dessus constituent une autorisation d&rsquo;utilisation et en aucun cas une cession de droits, de propri\u00e9t\u00e9 ou autre relatifs \u00e0 ce portail.<\/span><\/p>\n<h3><strong>Modification des conditions g\u00e9n\u00e9rales d&rsquo;utilisation<\/strong><\/h3>\n<p><span style=\"font-weight: 400;\">Les pr\u00e9sentes conditions g\u00e9n\u00e9rales d&rsquo;utilisation pourront \u00eatre modifi\u00e9es ou compl\u00e9t\u00e9es \u00e0 tout moment, sans pr\u00e9avis, en fonction des modifications apport\u00e9es au site, de l&rsquo;\u00e9volution de la l\u00e9gislation ou pour tout autre motif jug\u00e9 n\u00e9cessaire. Il appartient \u00e0 l\u2019usager de s\u2019informer des conditions g\u00e9n\u00e9rales d&rsquo;utilisation du site, dont seule la version actualis\u00e9e accessible en ligne est r\u00e9put\u00e9e en vigueur. Il est possible qu\u2019entre deux utilisations du site, les conditions g\u00e9n\u00e9rales d\u2019utilisation particuli\u00e8res soient modifi\u00e9es et il appartient, d\u00e8s lors, \u00e0 l\u2019usager de bien lire ces derni\u00e8res avant chaque nouvelle utilisation.<\/span><\/p>\n<h3><strong>Loi applicable et juridictions comp\u00e9tentes<\/strong><\/h3>\n<p><span style=\"font-weight: 400;\">Tout litige relatif \u00e0 l&rsquo;utilisation de ce site et ses Services sera soumis \u00e0 la loi luxembourgeoise et sera de la comp\u00e9tence exclusive des juridictions du Grand-Duch\u00e9 de Luxembourg.<\/span><\/p>\n<p>[\/et_pb_text][\/et_pb_column][\/et_pb_row][\/et_pb_section]<\/p>\n","protected":false},"excerpt":{"rendered":"<p>\u00a0Mentions l\u00e9gales\u00a0Nom et donn\u00e9es de contact du responsable du traitement Lion\u2019s Club Luxembourg International, 46, Rue Ermesinde 1469 \u2013 Luxembourg, e-mail: contact@lcli.lu, tel. +352 661 77 79 00, https:\/\/lcli.lu\/ Finalit\u00e9s, base de l\u00e9gitimit\u00e9 du traitement et cat\u00e9gories de donn\u00e9es trait\u00e9es L\u2019association traite les donn\u00e9es suivantes : Pour la gestion administrative des membres (sur base d\u2019un [&hellip;]<\/p>\n","protected":false},"author":1,"featured_media":0,"parent":0,"menu_order":0,"comment_status":"closed","ping_status":"closed","template":"","meta":{"_et_pb_use_builder":"on","_et_pb_old_content":"","_et_gb_content_width":"","footnotes":""},"class_list":["post-712","page","type-page","status-publish","hentry"],"_links":{"self":[{"href":"https:\/\/lcli.lu\/en\/wp-json\/wp\/v2\/pages\/712","targetHints":{"allow":["GET"]}}],"collection":[{"href":"https:\/\/lcli.lu\/en\/wp-json\/wp\/v2\/pages"}],"about":[{"href":"https:\/\/lcli.lu\/en\/wp-json\/wp\/v2\/types\/page"}],"author":[{"embeddable":true,"href":"https:\/\/lcli.lu\/en\/wp-json\/wp\/v2\/users\/1"}],"replies":[{"embeddable":true,"href":"https:\/\/lcli.lu\/en\/wp-json\/wp\/v2\/comments?post=712"}],"version-history":[{"count":10,"href":"https:\/\/lcli.lu\/en\/wp-json\/wp\/v2\/pages\/712\/revisions"}],"predecessor-version":[{"id":1267,"href":"https:\/\/lcli.lu\/en\/wp-json\/wp\/v2\/pages\/712\/revisions\/1267"}],"wp:attachment":[{"href":"https:\/\/lcli.lu\/en\/wp-json\/wp\/v2\/media?parent=712"}],"curies":[{"name":"wp","href":"https:\/\/api.w.org\/{rel}","templated":true}]}}