{"id":953,"date":"2022-11-18T11:28:45","date_gmt":"2022-11-18T09:28:45","guid":{"rendered":"https:\/\/lcli.lu\/?page_id=953"},"modified":"2024-03-18T08:48:40","modified_gmt":"2024-03-18T06:48:40","slug":"projet-paro","status":"publish","type":"page","link":"https:\/\/lcli.lu\/en\/actions\/projet-paro\/","title":{"rendered":"PARO Project"},"content":{"rendered":"<p>[et_pb_section fb_built=\u00a0\u00bb1&Prime; fullwidth=\u00a0\u00bbon\u00a0\u00bb _builder_version=\u00a0\u00bb4.18.0&Prime; _module_preset=\u00a0\u00bbdefault\u00a0\u00bb background_image=\u00a0\u00bbhttps:\/\/lcli.lu\/wp-content\/uploads\/2022\/11\/project-paro.jpg\u00a0\u00bb da_disable_devices=\u00a0\u00bboff|off|off\u00a0\u00bb global_colors_info=\u00a0\u00bb{}\u00a0\u00bb da_is_popup=\u00a0\u00bboff\u00a0\u00bb da_exit_intent=\u00a0\u00bboff\u00a0\u00bb da_has_close=\u00a0\u00bbon\u00a0\u00bb da_alt_close=\u00a0\u00bboff\u00a0\u00bb da_dark_close=\u00a0\u00bboff\u00a0\u00bb da_not_modal=\u00a0\u00bbon\u00a0\u00bb da_is_singular=\u00a0\u00bboff\u00a0\u00bb da_with_loader=\u00a0\u00bboff\u00a0\u00bb da_has_shadow=\u00a0\u00bbon\u00a0\u00bb][et_pb_fullwidth_header text_orientation=\u00a0\u00bbcenter\u00a0\u00bb background_overlay_color=\u00a0\u00bbrgba(0,0,0,0.36)\u00a0\u00bb _builder_version=\u00a0\u00bb4.18.0&Prime; _module_preset=\u00a0\u00bbdefault\u00a0\u00bb title_level=\u00a0\u00bbh2&Prime; title_font=\u00a0\u00bb|||on|||||\u00a0\u00bb background_enable_color=\u00a0\u00bboff\u00a0\u00bb background_enable_image=\u00a0\u00bboff\u00a0\u00bb global_colors_info=\u00a0\u00bb{}\u00a0\u00bb]<\/p>\n<h1 style=\"color: white; font-size: 60px; font-weight: 800; line-height: 73px;\"><mark style=\"background-color: #e30613; color: white !important;\">\u00a0Projet PARO\u00a0<\/mark><\/h1>\n<p>[\/et_pb_fullwidth_header][\/et_pb_section][et_pb_section fb_built=\u00a0\u00bb1&Prime; admin_label=\u00a0\u00bbsection\u00a0\u00bb _builder_version=\u00a0\u00bb4.16&Prime; custom_padding=\u00a0\u00bb||0px|||\u00a0\u00bb da_disable_devices=\u00a0\u00bboff|off|off\u00a0\u00bb global_colors_info=\u00a0\u00bb{}\u00a0\u00bb da_is_popup=\u00a0\u00bboff\u00a0\u00bb da_exit_intent=\u00a0\u00bboff\u00a0\u00bb da_has_close=\u00a0\u00bbon\u00a0\u00bb da_alt_close=\u00a0\u00bboff\u00a0\u00bb da_dark_close=\u00a0\u00bboff\u00a0\u00bb da_not_modal=\u00a0\u00bbon\u00a0\u00bb da_is_singular=\u00a0\u00bboff\u00a0\u00bb da_with_loader=\u00a0\u00bboff\u00a0\u00bb da_has_shadow=\u00a0\u00bbon\u00a0\u00bb][et_pb_row column_structure=\u00a0\u00bb1_3,2_3&Prime; admin_label=\u00a0\u00bbrow\u00a0\u00bb _builder_version=\u00a0\u00bb4.18.0&Prime; background_size=\u00a0\u00bbinitial\u00a0\u00bb background_position=\u00a0\u00bbtop_left\u00a0\u00bb background_repeat=\u00a0\u00bbrepeat\u00a0\u00bb custom_margin=\u00a0\u00bb||||false|false\u00a0\u00bb custom_padding=\u00a0\u00bb||70px||false|false\u00a0\u00bb hover_enabled=\u00a0\u00bb0&Prime; global_colors_info=\u00a0\u00bb{}\u00a0\u00bb sticky_enabled=\u00a0\u00bb0&Prime;][et_pb_column type=\u00a0\u00bb1_3&Prime; _builder_version=\u00a0\u00bb4.17.4&Prime; custom_padding=\u00a0\u00bb|||\u00a0\u00bb sticky_position=\u00a0\u00bbtop\u00a0\u00bb sticky_offset_top=\u00a0\u00bb32px\u00a0\u00bb sticky_position_tablet=\u00a0\u00bbnone\u00a0\u00bb sticky_position_phone=\u00a0\u00bbnone\u00a0\u00bb sticky_position_last_edited=\u00a0\u00bbon|desktop\u00a0\u00bb global_colors_info=\u00a0\u00bb{}\u00a0\u00bb custom_padding__hover=\u00a0\u00bb|||\u00a0\u00bb][et_pb_text module_id=\u00a0\u00bbh2-inpage\u00a0\u00bb _builder_version=\u00a0\u00bb4.18.0&Prime; _module_preset=\u00a0\u00bbdefault\u00a0\u00bb text_font=\u00a0\u00bb|||on|||||\u00a0\u00bb text_text_color=\u00a0\u00bbgcid-698dcd22-d327-4ceb-b297-1ad55af2bc60&Prime; text_font_size=\u00a0\u00bb38px\u00a0\u00bb global_colors_info=\u00a0\u00bb{%22gcid-698dcd22-d327-4ceb-b297-1ad55af2bc60%22:%91%22text_text_color%22%93}\u00a0\u00bb]<\/p>\n<h2 style=\"font-size: 30px;\">Un robot pour les patients<br \/><span class=\"h2-blue-color\" style=\"font-size: 30px;\">atteints d&rsquo;Alzheimer<\/span><\/h2>\n<p>[\/et_pb_text][et_pb_text module_id=\u00a0\u00bbh2-inpage\u00a0\u00bb _builder_version=\u00a0\u00bb4.18.0&Prime; _module_preset=\u00a0\u00bbdefault\u00a0\u00bb text_font=\u00a0\u00bb|||on|||||\u00a0\u00bb text_text_color=\u00a0\u00bbgcid-698dcd22-d327-4ceb-b297-1ad55af2bc60&Prime; text_font_size=\u00a0\u00bb38px\u00a0\u00bb hover_enabled=\u00a0\u00bb0&Prime; global_colors_info=\u00a0\u00bb{%22gcid-698dcd22-d327-4ceb-b297-1ad55af2bc60%22:%91%22text_text_color%22%93}\u00a0\u00bb sticky_enabled=\u00a0\u00bb0&Prime;]<\/p>\n<h2 style=\"font-size: 25px; font-weight: 300;\"><span class=\"h2-blue-color\" style=\"font-size: 25px;\">\u00ab<\/span> Ensemble,<\/h2>\n<h2 style=\"font-size: 25px; font-weight: 300;\">nous servons <span class=\"h2-blue-color\" style=\"font-size: 25px;\">\u00bb<\/span><\/h2>\n<p>[\/et_pb_text][\/et_pb_column][et_pb_column type=\u00a0\u00bb2_3&Prime; _builder_version=\u00a0\u00bb4.16&Prime; custom_padding=\u00a0\u00bb|||\u00a0\u00bb global_colors_info=\u00a0\u00bb{}\u00a0\u00bb custom_padding__hover=\u00a0\u00bb|||\u00a0\u00bb][et_pb_text admin_label=\u00a0\u00bbText\u00a0\u00bb _builder_version=\u00a0\u00bb4.18.0&Prime; background_size=\u00a0\u00bbinitial\u00a0\u00bb background_position=\u00a0\u00bbtop_left\u00a0\u00bb background_repeat=\u00a0\u00bbrepeat\u00a0\u00bb custom_padding=\u00a0\u00bb1px|||||\u00a0\u00bb global_colors_info=\u00a0\u00bb{}\u00a0\u00bb]<\/p>\n<h2><strong>Un petit animal robotis\u00e9 ressemblant \u00e0 un&#8230; phoque va permettre de mieux soigner des patients atteints par des troubles du comportement.<\/strong><\/h2>\n<p>Un robot de th\u00e9rapie \u00e9motionnelle ressemblant \u00e0 un phoque, baptis\u00e9 \u00ab\u00a0PARO\u00a0\u00bb, sera un soutien pr\u00e9cieux pour la <span style=\"text-decoration: underline;\"><a href=\"https:\/\/www.hopitauxschuman.lu\/fr\/etablissement\/clinique-sainte-marie\/\" target=\"_blank\" rel=\"noopener\">clinique g\u00e9riatrique Sainte-Marie \u00e0 Esch-sur-Alzette<\/a><\/span>, selon les experts.<\/p>\n<p>Une personne inexp\u00e9riment\u00e9e pourrait penser qu&rsquo;il s&rsquo;agit d&rsquo;un gadget de plus, mais les experts affirment qu&rsquo;il s&rsquo;agit d&rsquo;un <strong>soutien pr\u00e9cieux<\/strong> pour la clinique.<\/p>\n<p>Les H\u00f4pitaux Robert Schuman (HRS) travaillent en \u00e9troite collaboration avec le <strong>Lions Club Luxembourg International<\/strong> pour acqu\u00e9rir \u00ab\u00a0un r\u00e9sident unique\u00a0\u00bb. Une phoque blanche rejoindra bient\u00f4t les rangs des 6000 robots qui aident \u00e0 traiter les patients atteints de <span style=\"text-decoration: underline;\"><a href=\"https:\/\/lcli.lu\/actions\/alzheimer\/\">la maladie d&rsquo;Alzheimer<\/a><\/span> dans au moins 30 pays depuis plusieurs ann\u00e9es, ont indiqu\u00e9 les h\u00f4pitaux.<\/p>\n<p><img loading=\"lazy\" decoding=\"async\" src=\"https:\/\/lcli.lu\/wp-content\/uploads\/2022\/11\/263886108_3169884616565277_4589237734741889281_n-1024x608.jpg\" width=\"1024\" height=\"608\" alt=\"Projet Paro\" class=\"wp-image-963 alignnone size-large\" \/><\/p>\n<h3><strong>17 lits disponibles au sein du service<\/strong><\/h3>\n<p><span>Rien ne semble impossible pour cette petit boule de fourrure synth\u00e9tique actionn\u00e9e gr\u00e2ce \u00e0 sept moteurs<\/span>. La t\u00eate, les yeux, la queue et les nageoires de PARO bougent librement, ce qui le rend capable de tout.<\/p>\n<p>Selon un communiqu\u00e9 de presse, il est m\u00eame capable de communiquer avec les m\u00e9decins gr\u00e2ce \u00e0 \u00ab\u00a0plusieurs capteurs et microphones\u00a0\u00bb.<\/p>\n<p>Ce petit phoque commencera donc \u00e0 travailler dans l&rsquo;unit\u00e9 cognitivo-comportementale des h\u00f4pitaux Schuman, qui compte 17 lits pour les \u00ab\u00a0patients \u00e2g\u00e9s atteints de d\u00e9mence et en crise de comportement\u00a0\u00bb.<\/p>\n<p>Le PARO, qui, selon des \u00e9tudes ant\u00e9rieures, \u00ab\u00a0r\u00e9duit l&rsquo;anxi\u00e9t\u00e9, l&rsquo;irritation, l&rsquo;agressivit\u00e9, la d\u00e9pression, l&rsquo;apathie et l&rsquo;errance\u00a0\u00bb, aidera ces patients \u00e0 se calmer et \u00e0 apaiser leurs inqui\u00e9tudes.<\/p>\n<p>[\/et_pb_text][et_pb_code _builder_version=\u00a0\u00bb4.18.0&Prime; _module_preset=\u00a0\u00bbdefault\u00a0\u00bb global_colors_info=\u00a0\u00bb{}\u00a0\u00bb]<iframe loading=\"lazy\" width=\"1728\" height=\"1080\" src=\"https:\/\/www.youtube.com\/embed\/LKFqKmauLEQ\" title=\"Paro le robot therapeutique\" frameborder=\"0\" allow=\"accelerometer; autoplay; clipboard-write; encrypted-media; gyroscope; picture-in-picture\" allowfullscreen><\/iframe>[\/et_pb_code][\/et_pb_column][\/et_pb_row][\/et_pb_section]<\/p>\n","protected":false},"excerpt":{"rendered":"<p>\u00a0Projet PARO\u00a0Un robot pour les patientsatteints d&rsquo;Alzheimer\u00ab Ensemble, nous servons \u00bbUn petit animal robotis\u00e9 ressemblant \u00e0 un&#8230; phoque va permettre de mieux soigner des patients atteints par des troubles du comportement. Un robot de th\u00e9rapie \u00e9motionnelle ressemblant \u00e0 un phoque, baptis\u00e9 \u00ab\u00a0PARO\u00a0\u00bb, sera un soutien pr\u00e9cieux pour la clinique g\u00e9riatrique Sainte-Marie \u00e0 Esch-sur-Alzette, selon les [&hellip;]<\/p>\n","protected":false},"author":1,"featured_media":963,"parent":495,"menu_order":1,"comment_status":"closed","ping_status":"closed","template":"","meta":{"_et_pb_use_builder":"on","_et_pb_old_content":"","_et_gb_content_width":"","footnotes":""},"class_list":["post-953","page","type-page","status-publish","has-post-thumbnail","hentry"],"_links":{"self":[{"href":"https:\/\/lcli.lu\/en\/wp-json\/wp\/v2\/pages\/953","targetHints":{"allow":["GET"]}}],"collection":[{"href":"https:\/\/lcli.lu\/en\/wp-json\/wp\/v2\/pages"}],"about":[{"href":"https:\/\/lcli.lu\/en\/wp-json\/wp\/v2\/types\/page"}],"author":[{"embeddable":true,"href":"https:\/\/lcli.lu\/en\/wp-json\/wp\/v2\/users\/1"}],"replies":[{"embeddable":true,"href":"https:\/\/lcli.lu\/en\/wp-json\/wp\/v2\/comments?post=953"}],"version-history":[{"count":15,"href":"https:\/\/lcli.lu\/en\/wp-json\/wp\/v2\/pages\/953\/revisions"}],"predecessor-version":[{"id":2407,"href":"https:\/\/lcli.lu\/en\/wp-json\/wp\/v2\/pages\/953\/revisions\/2407"}],"up":[{"embeddable":true,"href":"https:\/\/lcli.lu\/en\/wp-json\/wp\/v2\/pages\/495"}],"wp:featuredmedia":[{"embeddable":true,"href":"https:\/\/lcli.lu\/en\/wp-json\/wp\/v2\/media\/963"}],"wp:attachment":[{"href":"https:\/\/lcli.lu\/en\/wp-json\/wp\/v2\/media?parent=953"}],"curies":[{"name":"wp","href":"https:\/\/api.w.org\/{rel}","templated":true}]}}